{"id":210083,"date":"2025-09-18T21:16:27","date_gmt":"2025-09-18T19:16:27","guid":{"rendered":"https:\/\/electrovideo.eu\/produit\/kingston-fury-renegade-32-go-2-x-16-go-ddr5-6400-mhz-cl32\/"},"modified":"2025-11-28T19:52:19","modified_gmt":"2025-11-28T17:52:19","slug":"kingston-fury-renegade-32-go-2-x-16-go-ddr5-6400-mhz-cl32","status":"publish","type":"product","link":"https:\/\/electrovideo.eu\/en\/product\/kingston-fury-renegade-32-go-2-x-16-go-ddr5-6400-mhz-cl32\/","title":{"rendered":"Kingston FURY Renegade 32 Go (2 x 16 Go) DDR5 6400 MHz CL32"},"content":{"rendered":"<div id=\"description\" class=\"description\">\n<div class=\"details-pdt-desc\">\n<h2 class=\"h2-master\">Kingston FURY Renegade DDR5<\/h2>\n<section>\n<p>La m\u00e9moire <strong>Kingston FURY Renegade DDR5<\/strong> a \u00e9t\u00e9&nbsp;con\u00e7ue pour des performances extr\u00eames sur les plateformes DDR5 de nouvelle g\u00e9n\u00e9ration. Ultra-rapide (6400 MT\/s), ce mod\u00e8le&nbsp;pr\u00e9sente un dissipateur thermique en aluminium noir et argent. Qu\u2019il s\u2019agisse de cr\u00e9er du contenu, de faire du multit\u00e2che ou de repousser les limites des jeux \u00e0 l\u2019extr\u00eame, la m\u00e9moire Kingston FURY Renegade DDR5 est le choix id\u00e9al pour les joueurs, les passionn\u00e9s, les cr\u00e9ateurs de contenu et les overclockers extr\u00eames. Test\u00e9e \u00e0 100 % en usine aux vitesses maximales, soutenue par une garantie \u00e0 vie et plus de 30 ans d\u2019expertise, la fiabilit\u00e9 de la Kingston FURY offre le meilleur des deux mondes : des performances extr\u00eames et une tranquillit\u00e9 d\u2019esprit maximale.<\/p>\n<\/section>\n<section>\n<div class=\"desc-image\"><span><img decoding=\"async\" alt=\"\" loading=\"lazy\" src=\"https:\/\/electrovideo.eu\/wp-content\/uploads\/2025\/09\/ddr5.jpg\"><\/span><\/div>\n<div class=\"desc-text\">\n<h2>Kingston FURY Renegade&nbsp;DDR5<\/h2>\n<ul>\n<li>Compatible Intel XMP 3.0 et certifi\u00e9e<\/li>\n<li>Potentiel d&#8217;overclocking extr\u00eame<\/li>\n<li>Conception pour des performances optimales<\/li>\n<li>Dissipateur de chaleur en aluminium noir\/argent<\/li>\n<\/ul>\n<\/div>\n<\/section>\n<\/div><\/div>\n","protected":false},"excerpt":{"rendered":"<p>Kit Dual Channel 2 barrettes de RAM DDR5 PC5-51200 &#8211; KF564C32RSK2-32<\/p>\n","protected":false},"featured_media":210085,"comment_status":"open","ping_status":"closed","template":"","meta":{"_monsterinsights_skip_tracking":false,"_monsterinsights_sitenote_active":false,"_monsterinsights_sitenote_note":"","_monsterinsights_sitenote_category":0},"etheme_brands":[{"term_id":382,"name":"Kingston","slug":"kingston","term_group":0,"term_taxonomy_id":382,"taxonomy":"brand","description":"","parent":0,"count":106,"filter":"raw"}],"product_brand":[],"product_cat":[27],"product_tag":[],"class_list":{"0":"post-210083","1":"product","2":"type-product","3":"status-publish","4":"has-post-thumbnail","6":"brand-kingston","7":"product_cat-memory-ram","9":"first","10":"instock","11":"taxable","12":"shipping-taxable","13":"purchasable","14":"product-type-simple"},"_links":{"self":[{"href":"https:\/\/electrovideo.eu\/en\/wp-json\/wp\/v2\/product\/210083","targetHints":{"allow":["GET"]}}],"collection":[{"href":"https:\/\/electrovideo.eu\/en\/wp-json\/wp\/v2\/product"}],"about":[{"href":"https:\/\/electrovideo.eu\/en\/wp-json\/wp\/v2\/types\/product"}],"replies":[{"embeddable":true,"href":"https:\/\/electrovideo.eu\/en\/wp-json\/wp\/v2\/comments?post=210083"}],"version-history":[{"count":0,"href":"https:\/\/electrovideo.eu\/en\/wp-json\/wp\/v2\/product\/210083\/revisions"}],"wp:featuredmedia":[{"embeddable":true,"href":"https:\/\/electrovideo.eu\/en\/wp-json\/wp\/v2\/media\/210085"}],"wp:attachment":[{"href":"https:\/\/electrovideo.eu\/en\/wp-json\/wp\/v2\/media?parent=210083"}],"wp:term":[{"taxonomy":"brand","embeddable":true,"href":"https:\/\/electrovideo.eu\/en\/wp-json\/wp\/v2\/etheme_brands?post=210083"},{"taxonomy":"product_brand","embeddable":true,"href":"https:\/\/electrovideo.eu\/en\/wp-json\/wp\/v2\/product_brand?post=210083"},{"taxonomy":"product_cat","embeddable":true,"href":"https:\/\/electrovideo.eu\/en\/wp-json\/wp\/v2\/product_cat?post=210083"},{"taxonomy":"product_tag","embeddable":true,"href":"https:\/\/electrovideo.eu\/en\/wp-json\/wp\/v2\/product_tag?post=210083"}],"curies":[{"name":"wp","href":"https:\/\/api.w.org\/{rel}","templated":true}]}}