{"id":210024,"date":"2025-09-18T21:41:16","date_gmt":"2025-09-18T19:41:16","guid":{"rendered":"https:\/\/electrovideo.eu\/produit\/corsair-dominator-titanium-ddr5-rgb-32-go-2-x-16-go-6000-mhz-cl30-noir\/"},"modified":"2025-11-28T19:53:34","modified_gmt":"2025-11-28T17:53:34","slug":"corsair-dominator-titanium-ddr5-rgb-32-go-2-x-16-go-6000-mhz-cl30-noir","status":"publish","type":"product","link":"https:\/\/electrovideo.eu\/en\/product\/corsair-dominator-titanium-ddr5-rgb-32-go-2-x-16-go-6000-mhz-cl30-noir\/","title":{"rendered":"Corsair Dominator Titanium DDR5 RGB 32 Go (2 x 16 Go) 6000 MHz CL30 &#8211; Noir"},"content":{"rendered":"<div id=\"description\" class=\"description\">\n<div class=\"details-pdt-desc\">\n<h2 class=\"h2-master\">Corsair Dominator Titanium : RAM DDR5 \u00e0 conception m\u00e9ticuleuse<\/h2>\n<section>\n<p>La <strong>m\u00e9moire DDR5 Corsair Dominator Titanium<\/strong> associe un style \u00e9pur\u00e9 et raffin\u00e9 \u00e0 une construction sup\u00e9rieure en aluminium forg\u00e9 et \u00e0 superbe un \u00e9clairage RGB pour une exp\u00e9rience de m\u00e9moire haut de gamme. Les puces m\u00e9moire haute fr\u00e9quence et \u00e0 faible latence, rigoureusement test\u00e9es, et le <strong>refroidissement Corsair DHX<\/strong> permettent \u00e0 votre syst\u00e8me de traiter les t\u00e2ches complexes plus rapidement et facilement que jamais.<\/p>\n<p>Les profils d&#8217;\u00e9clairage RGB dynamiques pr\u00e9d\u00e9finis et personnalis\u00e9s du logiciel Corsair iCUE Murals exploitent pleinement les 11 LED RGB de chaque module, tout en d\u00e9finissant une vitesse optimale pour votre m\u00e9moire gr\u00e2ce \u00e0 la prise en charge de l\u2019Intel XMP 3.0. Chaque kit est test\u00e9 rigoureusement afin de garantir qu\u2019il poss\u00e8de un gros potentiel d\u2019overclocking, puis est num\u00e9rot\u00e9 et emball\u00e9 dans le but d&#8217;en faire profiter un groupe exclusif de passionn\u00e9s.<\/p>\n<\/section>\n<section>\n<div class=\"desc-image\"><span><img decoding=\"async\" alt=\"\" loading=\"lazy\" src=\"https:\/\/electrovideo.eu\/wp-content\/uploads\/2025\/09\/corsair_dominator_titanium_black.jpg\"><\/span><\/div>\n<div class=\"desc-text\">\n<h2>Caract\u00e9ristiques principales<\/h2>\n<ul>\n<li>Style sophistiqu\u00e9, qualit\u00e9 haut de gamme gr\u00e2ce \u00e0 un assemblage en aluminium forg\u00e9.<\/li>\n<li>Propulsez votre syst\u00e8me vers de nouveaux sommets avec des fr\u00e9quences encore plus \u00e9lev\u00e9es, des capacit\u00e9s encore plus importantes et de meilleures performances.<\/li>\n<li>Chaque module embarque 11&nbsp;LED RGB param\u00e9trables individuellement pour illuminer votre PC avec un \u00e9clairage personnalis\u00e9.<\/li>\n<li>Barre sup\u00e9rieure \u00e9changeable&nbsp;: Modifiez le style et la capacit\u00e9 de refroidissement de votre m\u00e9moire avec les kits d\u2019accessoires officiels ou imprimez en 3D votre propre barre sup\u00e9rieure pour cr\u00e9er un style unique.<\/li>\n<li>Refroidissement DHX brevet\u00e9 de Corsair : Refroidit la m\u00e9moire via des circuits int\u00e9gr\u00e9s et le retour de masse du circuit imprim\u00e9 lui-m\u00eame avec un dissipateur thermique d\u00e9di\u00e9, garantissant des performances \u00e9lev\u00e9es m\u00eame en cas de charges extr\u00eames.<\/li>\n<li>Configuration simple avec les profils Intel XMP 3.0 personnalisables.<\/li>\n<li>Le logiciel iCUE Murals permet un contr\u00f4le de l\u2019\u00e9clairage RGB dynamique, synchronis\u00e9 sur l&#8217;ensemble de votre configuration Corsair, avec surveillance en temps r\u00e9el de la temp\u00e9rature, de la tension et de la fr\u00e9quence.<\/li>\n<li>Puces m\u00e9moire s\u00e9lectionn\u00e9es \u00e0 la main et rigoureusement test\u00e9es qui assurent des performances haute fr\u00e9quence constantes.<\/li>\n<\/ul>\n<\/div>\n<\/section>\n<\/div><\/div>\n","protected":false},"excerpt":{"rendered":"<p>Kit Dual Channel 2 barrettes de RAM DDR5 PC5-48000 &#8211; CMP32GX5M2B6000C30<\/p>\n","protected":false},"featured_media":210026,"comment_status":"open","ping_status":"closed","template":"","meta":{"_monsterinsights_skip_tracking":false,"_monsterinsights_sitenote_active":false,"_monsterinsights_sitenote_note":"","_monsterinsights_sitenote_category":0},"etheme_brands":[{"term_id":43,"name":"Corsair","slug":"corsair","term_group":0,"term_taxonomy_id":43,"taxonomy":"brand","description":"","parent":0,"count":182,"filter":"raw"}],"product_brand":[],"product_cat":[27],"product_tag":[],"class_list":{"0":"post-210024","1":"product","2":"type-product","3":"status-publish","4":"has-post-thumbnail","6":"brand-corsair","7":"product_cat-memory-ram","9":"first","10":"instock","11":"taxable","12":"shipping-taxable","13":"purchasable","14":"product-type-simple"},"_links":{"self":[{"href":"https:\/\/electrovideo.eu\/en\/wp-json\/wp\/v2\/product\/210024","targetHints":{"allow":["GET"]}}],"collection":[{"href":"https:\/\/electrovideo.eu\/en\/wp-json\/wp\/v2\/product"}],"about":[{"href":"https:\/\/electrovideo.eu\/en\/wp-json\/wp\/v2\/types\/product"}],"replies":[{"embeddable":true,"href":"https:\/\/electrovideo.eu\/en\/wp-json\/wp\/v2\/comments?post=210024"}],"version-history":[{"count":0,"href":"https:\/\/electrovideo.eu\/en\/wp-json\/wp\/v2\/product\/210024\/revisions"}],"wp:featuredmedia":[{"embeddable":true,"href":"https:\/\/electrovideo.eu\/en\/wp-json\/wp\/v2\/media\/210026"}],"wp:attachment":[{"href":"https:\/\/electrovideo.eu\/en\/wp-json\/wp\/v2\/media?parent=210024"}],"wp:term":[{"taxonomy":"brand","embeddable":true,"href":"https:\/\/electrovideo.eu\/en\/wp-json\/wp\/v2\/etheme_brands?post=210024"},{"taxonomy":"product_brand","embeddable":true,"href":"https:\/\/electrovideo.eu\/en\/wp-json\/wp\/v2\/product_brand?post=210024"},{"taxonomy":"product_cat","embeddable":true,"href":"https:\/\/electrovideo.eu\/en\/wp-json\/wp\/v2\/product_cat?post=210024"},{"taxonomy":"product_tag","embeddable":true,"href":"https:\/\/electrovideo.eu\/en\/wp-json\/wp\/v2\/product_tag?post=210024"}],"curies":[{"name":"wp","href":"https:\/\/api.w.org\/{rel}","templated":true}]}}