{"id":209904,"date":"2025-09-18T22:15:08","date_gmt":"2025-09-18T20:15:08","guid":{"rendered":"https:\/\/electrovideo.eu\/produit\/g-skill-trident-z5-rgb-32-go-2-x-16-go-ddr5-6000-mhz-cl36-blanc\/"},"modified":"2025-11-28T19:47:43","modified_gmt":"2025-11-28T17:47:43","slug":"g-skill-trident-z5-rgb-32-go-2-x-16-go-ddr5-6000-mhz-cl36-blanc","status":"publish","type":"product","link":"https:\/\/electrovideo.eu\/en\/product\/g-skill-trident-z5-rgb-32-go-2-x-16-go-ddr5-6000-mhz-cl36-blanc\/","title":{"rendered":"G.Skill Trident Z5 RGB 32 Go (2 x 16 Go) DDR5 6000 MHz CL36 &#8211; Blanc"},"content":{"rendered":"<div id=\"description\" class=\"description\">\n<div class=\"details-pdt-desc\">\n<h2 class=\"h2-master\">Trident Z5 RGB : La DDR5 RGB ultra hautes performances selon G.Skill<\/h2>\n<section>\n<p>La m\u00e9moire DDR5 de la s\u00e9rie <strong>Trident Z5 RGB de G.Skill<\/strong> est la m\u00e9moire phare de G.SKILL con\u00e7ue pour des performances extr\u00eames sur les plates-formes DDR5 de nouvelle g\u00e9n\u00e9ration. Dot\u00e9e d&#8217;un&nbsp; dissipateur thermique en aluminium plus \u00e9l\u00e9gant et rationalis\u00e9, disponible en argent m\u00e9tallique ou en noir mat, la m\u00e9moire DDR5 de la s\u00e9rie Trident Z5 RGB est le choix id\u00e9al pour les joueurs, les overclockeurs, les cr\u00e9ateurs de contenu et les passionn\u00e9s pour construire un syst\u00e8me hautes performances.<\/p>\n<\/section>\n<section>\n<div class=\"desc-image\"><span><img decoding=\"async\" alt=\"\" loading=\"lazy\" src=\"https:\/\/electrovideo.eu\/wp-content\/uploads\/2025\/09\/gskill_trident_z5_rgb_white.jpg\"><\/span><\/div>\n<div class=\"desc-text\">\n<h2>Performances et haute compatibilit\u00e9<\/h2>\n<p>Inaugurant une nouvelle \u00e8re de performances pour les RAM, la DDR5 Trident Z5 offre des vitesses de transfert de donn\u00e9es in\u00e9gal\u00e9es par rapport \u00e0 la g\u00e9n\u00e9ration pr\u00e9c\u00e9dente de m\u00e9moire DDR4. Con\u00e7u selon les normes de performances et de qualit\u00e9 les plus \u00e9lev\u00e9es, chaque module de m\u00e9moire Trident Z5 RGB est cr\u00e9\u00e9 \u00e0 partir de circuits int\u00e9gr\u00e9s DDR5 de haute qualit\u00e9 et blind\u00e9s \u00e0 la main pour obtenir des performances de m\u00e9moire extr\u00eames sur les platesformes DDR5.<\/p>\n<p>Con\u00e7ue avec une barre lumineuse plus profil\u00e9e, la Trident Z5 RGB est plus \u00e9l\u00e9gante que jamais. Dot\u00e9 d&#8217;un \u00e9clairage RGB personnalisable via le logiciel de contr\u00f4le d&#8217;\u00e9clairage G.SKILL ou un logiciel de carte m\u00e8re tiers pris en charge, la personnalisation des couleurs et des effets d&#8217;\u00e9clairage de la Trident Z5 RGB est un jeu d&#8217;enfant.<\/p>\n<\/div>\n<\/section>\n<\/div><\/div>\n","protected":false},"excerpt":{"rendered":"<p>Kit Dual Channel 2 barrettes de RAM DDR5 PC5-48000 &#8211; F5-6000J3636F16GX2-TZ5RW<\/p>\n","protected":false},"featured_media":209906,"comment_status":"open","ping_status":"closed","template":"","meta":{"_monsterinsights_skip_tracking":false,"_monsterinsights_sitenote_active":false,"_monsterinsights_sitenote_note":"","_monsterinsights_sitenote_category":0},"etheme_brands":[{"term_id":419,"name":"G.Skill","slug":"g-skill","term_group":0,"term_taxonomy_id":419,"taxonomy":"brand","description":"","parent":0,"count":183,"filter":"raw"}],"product_brand":[],"product_cat":[27],"product_tag":[],"class_list":{"0":"post-209904","1":"product","2":"type-product","3":"status-publish","4":"has-post-thumbnail","6":"brand-g-skill","7":"product_cat-memory-ram","9":"first","10":"instock","11":"taxable","12":"shipping-taxable","13":"purchasable","14":"product-type-simple"},"_links":{"self":[{"href":"https:\/\/electrovideo.eu\/en\/wp-json\/wp\/v2\/product\/209904","targetHints":{"allow":["GET"]}}],"collection":[{"href":"https:\/\/electrovideo.eu\/en\/wp-json\/wp\/v2\/product"}],"about":[{"href":"https:\/\/electrovideo.eu\/en\/wp-json\/wp\/v2\/types\/product"}],"replies":[{"embeddable":true,"href":"https:\/\/electrovideo.eu\/en\/wp-json\/wp\/v2\/comments?post=209904"}],"version-history":[{"count":0,"href":"https:\/\/electrovideo.eu\/en\/wp-json\/wp\/v2\/product\/209904\/revisions"}],"wp:featuredmedia":[{"embeddable":true,"href":"https:\/\/electrovideo.eu\/en\/wp-json\/wp\/v2\/media\/209906"}],"wp:attachment":[{"href":"https:\/\/electrovideo.eu\/en\/wp-json\/wp\/v2\/media?parent=209904"}],"wp:term":[{"taxonomy":"brand","embeddable":true,"href":"https:\/\/electrovideo.eu\/en\/wp-json\/wp\/v2\/etheme_brands?post=209904"},{"taxonomy":"product_brand","embeddable":true,"href":"https:\/\/electrovideo.eu\/en\/wp-json\/wp\/v2\/product_brand?post=209904"},{"taxonomy":"product_cat","embeddable":true,"href":"https:\/\/electrovideo.eu\/en\/wp-json\/wp\/v2\/product_cat?post=209904"},{"taxonomy":"product_tag","embeddable":true,"href":"https:\/\/electrovideo.eu\/en\/wp-json\/wp\/v2\/product_tag?post=209904"}],"curies":[{"name":"wp","href":"https:\/\/api.w.org\/{rel}","templated":true}]}}