{"id":209659,"date":"2025-09-18T22:33:31","date_gmt":"2025-09-18T20:33:31","guid":{"rendered":"https:\/\/electrovideo.eu\/produit\/g-skill-aegis-5-32-go-2-x-16-go-ddr5-5200-mhz-cl40\/"},"modified":"2025-11-28T19:47:12","modified_gmt":"2025-11-28T17:47:12","slug":"g-skill-aegis-5-32-go-2-x-16-go-ddr5-5200-mhz-cl40","status":"publish","type":"product","link":"https:\/\/electrovideo.eu\/en\/product\/g-skill-aegis-5-32-go-2-x-16-go-ddr5-5200-mhz-cl40\/","title":{"rendered":"G.Skill Aegis 5 32 Go (2 x 16 Go) DDR5 5200 MHz CL40"},"content":{"rendered":"<div id=\"description\" class=\"description\">\n<div class=\"details-pdt-desc\">\n<h2 class=\"h2-master\">Boostez votre PC avec la RAM G.Skill Aegis 5<\/h2>\n<section>La <strong>G.Skill Aegis 5<\/strong> est une m\u00e9moire vive DDR5 haute qualit\u00e9 con\u00e7ue pour les PC gamers. Elle se caract\u00e9rise par son aptitude \u00e9 \u00e0 am\u00e9liorer les performances de votre syst\u00e8me gr\u00e2ce \u00e0 des fr\u00e9quences de fonctionnement \u00e9lev\u00e9es et des timings optimis\u00e9s. Avec des capacit\u00e9s \u00e0 partir de 8 Go, elle permet une gestion fluide des applications exigeantes et des jeux gourmands en ressources. La s\u00e9rie Aegis 5, propos\u00e9e par G.Skill est compatible avec les plateformes Intel et AMD gr\u00e2ce \u00e0 sa gestion des profils Intel XMP 3.0 et AMD EXPO. Son design sobre et \u00e9pur\u00e9 garantit une dissipation thermique efficace dans le but de maintenir des temp\u00e9ratures de fonctionnement basses m\u00eame lors de sessions de gaming intenses.<\/section>\n<section>\n<div class=\"desc-image\"><span><img decoding=\"async\" alt=\"\" loading=\"lazy\" src=\"https:\/\/electrovideo.eu\/wp-content\/uploads\/2025\/09\/gskill_aegis_5.jpg\"><\/span><\/div>\n<div class=\"desc-text\">\n<h2>Points forts<\/h2>\n<ul>\n<li>B\u00e9n\u00e9ficier des vitesses de la DDR5 qui permettent \u00e0 votre syst\u00e8me d&#8217;effectuer davantage de transferts de donn\u00e9es par seconde pour un gain de performances en jeu et en applicatif.<\/li>\n<li>Modules assembl\u00e9s avec des puces de qualit\u00e9 s\u00e9lectionn\u00e9es \u00e0 la main et test\u00e9es selon le processus de validation rigoureux propre \u00e0 G.Skill sur les principales marques de cartes m\u00e8res afin d&#8217;assurer une compatibilit\u00e9 optimale sur un large \u00e9ventail de mod\u00e8les.<\/li>\n<li>Prise en charge des profils d&#8217;overclocking de m\u00e9moire<strong> Intel XMP 3.0 et AMD EXPO<\/strong>, la seule chose qui vous reste \u00e0 faire est de r\u00e9glet votre BIOS pour b\u00e9n\u00e9ficier de la fr\u00e9quence optimale.<br \/>\n\t&nbsp;<\/li>\n<\/ul>\n<\/div>\n<\/section>\n<\/div><\/div>\n","protected":false},"excerpt":{"rendered":"<p>Kit Dual Channel 2 barrettes de RAM DDR5 PC5-41600 &#8211; F5-5200J4040A16GX2-IS<\/p>\n","protected":false},"featured_media":209660,"comment_status":"open","ping_status":"closed","template":"","meta":{"_monsterinsights_skip_tracking":false,"_monsterinsights_sitenote_active":false,"_monsterinsights_sitenote_note":"","_monsterinsights_sitenote_category":0},"etheme_brands":[{"term_id":419,"name":"G.Skill","slug":"g-skill","term_group":0,"term_taxonomy_id":419,"taxonomy":"brand","description":"","parent":0,"count":183,"filter":"raw"}],"product_brand":[],"product_cat":[27],"product_tag":[],"class_list":{"0":"post-209659","1":"product","2":"type-product","3":"status-publish","4":"has-post-thumbnail","6":"brand-g-skill","7":"product_cat-memory-ram","9":"first","10":"instock","11":"taxable","12":"shipping-taxable","13":"purchasable","14":"product-type-simple"},"_links":{"self":[{"href":"https:\/\/electrovideo.eu\/en\/wp-json\/wp\/v2\/product\/209659","targetHints":{"allow":["GET"]}}],"collection":[{"href":"https:\/\/electrovideo.eu\/en\/wp-json\/wp\/v2\/product"}],"about":[{"href":"https:\/\/electrovideo.eu\/en\/wp-json\/wp\/v2\/types\/product"}],"replies":[{"embeddable":true,"href":"https:\/\/electrovideo.eu\/en\/wp-json\/wp\/v2\/comments?post=209659"}],"version-history":[{"count":0,"href":"https:\/\/electrovideo.eu\/en\/wp-json\/wp\/v2\/product\/209659\/revisions"}],"wp:featuredmedia":[{"embeddable":true,"href":"https:\/\/electrovideo.eu\/en\/wp-json\/wp\/v2\/media\/209660"}],"wp:attachment":[{"href":"https:\/\/electrovideo.eu\/en\/wp-json\/wp\/v2\/media?parent=209659"}],"wp:term":[{"taxonomy":"brand","embeddable":true,"href":"https:\/\/electrovideo.eu\/en\/wp-json\/wp\/v2\/etheme_brands?post=209659"},{"taxonomy":"product_brand","embeddable":true,"href":"https:\/\/electrovideo.eu\/en\/wp-json\/wp\/v2\/product_brand?post=209659"},{"taxonomy":"product_cat","embeddable":true,"href":"https:\/\/electrovideo.eu\/en\/wp-json\/wp\/v2\/product_cat?post=209659"},{"taxonomy":"product_tag","embeddable":true,"href":"https:\/\/electrovideo.eu\/en\/wp-json\/wp\/v2\/product_tag?post=209659"}],"curies":[{"name":"wp","href":"https:\/\/api.w.org\/{rel}","templated":true}]}}