{"id":209655,"date":"2025-09-18T22:33:31","date_gmt":"2025-09-18T20:33:31","guid":{"rendered":"https:\/\/electrovideo.eu\/produit\/g-skill-flare-x5-series-low-profile-96-go-2-x-48-go-ddr5-6000-mhz-cl30\/"},"modified":"2025-11-28T19:50:42","modified_gmt":"2025-11-28T17:50:42","slug":"g-skill-flare-x5-series-low-profile-96-go-2-x-48-go-ddr5-6000-mhz-cl30","status":"publish","type":"product","link":"https:\/\/electrovideo.eu\/en\/product\/g-skill-flare-x5-series-low-profile-96-go-2-x-48-go-ddr5-6000-mhz-cl30\/","title":{"rendered":"G.Skill Flare X5 Series Low Profile 96 Go (2 x 48 Go) DDR5 6000 MHz CL30"},"content":{"rendered":"<div id=\"description\" class=\"description\">\n<div class=\"details-pdt-desc\">\n<h2 class=\"h2-master\">Hautes performances sur les plateformes AMD<\/h2>\n<section>\n<p>Con\u00e7ue pour la g\u00e9n\u00e9ration de processeurs AMD Ryzen AM5, la gamme de m\u00e9moires <strong>G.Skill Flare X5<\/strong> Series marque le retour de la s\u00e9rie Flare qui a fourni des performances incroyables dans la g\u00e9n\u00e9ration pr\u00e9c\u00e9dente de m\u00e9moire vive. Am\u00e9liorez votre configuration de derni\u00e8re g\u00e9n\u00e9ration AMD avec la s\u00e9rie Flare X5 !<br \/>\n&nbsp;<\/p>\n<\/section>\n<section>\n<div class=\"desc-image\"><span><img decoding=\"async\" alt=\"\" loading=\"lazy\" src=\"https:\/\/electrovideo.eu\/wp-content\/uploads\/2025\/09\/801-4.jpg\"><\/span><\/div>\n<div class=\"desc-text\">\n<h2>Design sobre et compact<\/h2>\n<p>La m\u00e9moire RAM G.Skill Flare X5 Series sera adapt\u00e9e pour un large \u00e9ventail de configurations gr\u00e2ce \u00e0 son design compact &#8220;Low-Profile&#8221; avec 33 mm de hauteur. L&#8217;id\u00e9al pour les cartes m\u00e8res \u00e9quip\u00e9es d&#8217;un processeur avec ventirad aux dimensions larges ! Avec un radiateur sobre et compact de coloris noir mat, cette m\u00e9moire G.Skill s&#8217;int\u00e9grera ais\u00e9ment dans toutes les configurations PC.<\/p>\n<\/div>\n<\/section>\n<section>\n<div class=\"desc-text\">\n<h2>Compatibilit\u00e9 AMD EXPO<\/h2>\n<p>Id\u00e9ale pour l&#8217;overclocking, la La m\u00e9moire RAM G.Skill Flare X5 Series est compatible AMD EXPO (EXtented Profiles for Overclocking). Cette innovation permettra un overclocking facile et rapide depuis le BIOS, avec une carte m\u00e8re et un processeur compatibles.<\/p>\n<\/div>\n<div class=\"desc-image\"><span><img decoding=\"async\" alt=\"\" loading=\"lazy\" src=\"https:\/\/electrovideo.eu\/wp-content\/uploads\/2025\/09\/802-3.jpg\"><\/span><\/div>\n<\/section>\n<\/div><\/div>\n","protected":false},"excerpt":{"rendered":"<p>Kit Dual Channel 2 barrettes de RAM DDR5 PC5-48000 &#8211; F5-6000J3036F48GX2-FX5 &#8211; Optimis\u00e9 pour AMD<\/p>\n","protected":false},"featured_media":209656,"comment_status":"open","ping_status":"closed","template":"","meta":{"_monsterinsights_skip_tracking":false,"_monsterinsights_sitenote_active":false,"_monsterinsights_sitenote_note":"","_monsterinsights_sitenote_category":0},"etheme_brands":[{"term_id":419,"name":"G.Skill","slug":"g-skill","term_group":0,"term_taxonomy_id":419,"taxonomy":"brand","description":"","parent":0,"count":183,"filter":"raw"}],"product_brand":[],"product_cat":[27],"product_tag":[],"class_list":{"0":"post-209655","1":"product","2":"type-product","3":"status-publish","4":"has-post-thumbnail","6":"brand-g-skill","7":"product_cat-memory-ram","9":"first","10":"instock","11":"taxable","12":"shipping-taxable","13":"purchasable","14":"product-type-simple"},"_links":{"self":[{"href":"https:\/\/electrovideo.eu\/en\/wp-json\/wp\/v2\/product\/209655","targetHints":{"allow":["GET"]}}],"collection":[{"href":"https:\/\/electrovideo.eu\/en\/wp-json\/wp\/v2\/product"}],"about":[{"href":"https:\/\/electrovideo.eu\/en\/wp-json\/wp\/v2\/types\/product"}],"replies":[{"embeddable":true,"href":"https:\/\/electrovideo.eu\/en\/wp-json\/wp\/v2\/comments?post=209655"}],"version-history":[{"count":0,"href":"https:\/\/electrovideo.eu\/en\/wp-json\/wp\/v2\/product\/209655\/revisions"}],"wp:featuredmedia":[{"embeddable":true,"href":"https:\/\/electrovideo.eu\/en\/wp-json\/wp\/v2\/media\/209656"}],"wp:attachment":[{"href":"https:\/\/electrovideo.eu\/en\/wp-json\/wp\/v2\/media?parent=209655"}],"wp:term":[{"taxonomy":"brand","embeddable":true,"href":"https:\/\/electrovideo.eu\/en\/wp-json\/wp\/v2\/etheme_brands?post=209655"},{"taxonomy":"product_brand","embeddable":true,"href":"https:\/\/electrovideo.eu\/en\/wp-json\/wp\/v2\/product_brand?post=209655"},{"taxonomy":"product_cat","embeddable":true,"href":"https:\/\/electrovideo.eu\/en\/wp-json\/wp\/v2\/product_cat?post=209655"},{"taxonomy":"product_tag","embeddable":true,"href":"https:\/\/electrovideo.eu\/en\/wp-json\/wp\/v2\/product_tag?post=209655"}],"curies":[{"name":"wp","href":"https:\/\/api.w.org\/{rel}","templated":true}]}}