{"id":209639,"date":"2025-09-18T22:37:31","date_gmt":"2025-09-18T20:37:31","guid":{"rendered":"https:\/\/electrovideo.eu\/produit\/g-skill-trident-z5-royal-neo-64-go-2-x-32-go-ddr5-6000-mhz-cl28-argent\/"},"modified":"2025-11-28T19:50:14","modified_gmt":"2025-11-28T17:50:14","slug":"g-skill-trident-z5-royal-neo-64-go-2-x-32-go-ddr5-6000-mhz-cl28-argent","status":"publish","type":"product","link":"https:\/\/electrovideo.eu\/en\/product\/g-skill-trident-z5-royal-neo-64-go-2-x-32-go-ddr5-6000-mhz-cl28-argent\/","title":{"rendered":"G.Skill Trident Z5 Royal Neo 64 Go (2 x 32 Go) DDR5 6000 MHz CL28 &#8211; Argent"},"content":{"rendered":"<div id=\"description\" class=\"description\">\n<div class=\"details-pdt-desc\">\n<h2 class=\"h2-master\">Trident Z5 Royal Neo : Design luxueux et performances overclock\u00e9es<\/h2>\n<section>\n<p>La <strong>G.Skill Trident Z5 Royal Neo<\/strong> est la m\u00e9moire RAM DDR5 aux finitions luxueuses qui propose des performances d&#8217;overclocking extr\u00eames aux plates-formes AMD gr\u00e2ce \u00e0 la prise en charge des profils EXPO et des fr\u00e9quences de fonctionnement \u00e9lev\u00e9es. Chaque module dispose d&#8217;un design d&#8217;orf\u00e8vre avec une barre lumineuse cristalline pour de sublimes effets RGB personnalisable et de dissipateurs de chaleur en aluminium galvanis\u00e9 avec une finition miroir en couleurs dor\u00e9e ou argent\u00e9e.<br \/>\n&nbsp;<\/p>\n<\/section>\n<section>\n<div class=\"desc-image\"><span><img decoding=\"async\" alt=\"\" loading=\"lazy\" src=\"https:\/\/electrovideo.eu\/wp-content\/uploads\/2025\/09\/gskill_trident_z5_royal_neo_silver.jpg\"><\/span><\/div>\n<div class=\"desc-text\">\n<h2>Points forts<\/h2>\n<ul>\n<li>Barre lumineuse cristalline con\u00e7ue pour disperser et r\u00e9fracter la lumi\u00e8re de chaque module DRAM pour un rayonnement magnifique dans votre boitier gaming.<\/li>\n<li><strong>Dissipateur de chaleur en aluminium massif<\/strong> avec d\u00e9coupe CNC et finition brillante argent ou or pour une exp\u00e9rience luxueuse.<\/li>\n<li>Chaque module de RAM Trident Z5 Royal est construit avec des circuits int\u00e9gr\u00e9s de m\u00e9moire tri\u00e9s et test\u00e9s \u00e0 la main pour obtenir les meilleures performances en overclocking.<\/li>\n<li>En plus du logiciel maison de G.Skill, vous pouvez synchroniser l&#8217;\u00e9clairage de vos modules avec Asus Aura, Gigabyte RGB Fusion, MSI Mystic Light ou ASRock Polychrome Sync.<\/li>\n<li>Prise en charge des profils AMD EXPO pour faciliter l&#8217;overclocking.<\/li>\n<\/ul>\n<\/div>\n<\/section>\n<\/div><\/div>\n","protected":false},"excerpt":{"rendered":"<p>Kit Dual Channel 2 barrettes de RAM DDR5 PC5-48000 &#8211; F5-6000J2836G32GX2-TR5NS &#8211; Optimis\u00e9 pour AMD<\/p>\n","protected":false},"featured_media":224274,"comment_status":"open","ping_status":"closed","template":"","meta":{"_monsterinsights_skip_tracking":false,"_monsterinsights_sitenote_active":false,"_monsterinsights_sitenote_note":"","_monsterinsights_sitenote_category":0},"etheme_brands":[{"term_id":419,"name":"G.Skill","slug":"g-skill","term_group":0,"term_taxonomy_id":419,"taxonomy":"brand","description":"","parent":0,"count":183,"filter":"raw"}],"product_brand":[],"product_cat":[27],"product_tag":[],"class_list":{"0":"post-209639","1":"product","2":"type-product","3":"status-publish","4":"has-post-thumbnail","6":"brand-g-skill","7":"product_cat-memory-ram","9":"first","10":"outofstock","11":"taxable","12":"shipping-taxable","13":"purchasable","14":"product-type-simple"},"_links":{"self":[{"href":"https:\/\/electrovideo.eu\/en\/wp-json\/wp\/v2\/product\/209639","targetHints":{"allow":["GET"]}}],"collection":[{"href":"https:\/\/electrovideo.eu\/en\/wp-json\/wp\/v2\/product"}],"about":[{"href":"https:\/\/electrovideo.eu\/en\/wp-json\/wp\/v2\/types\/product"}],"replies":[{"embeddable":true,"href":"https:\/\/electrovideo.eu\/en\/wp-json\/wp\/v2\/comments?post=209639"}],"version-history":[{"count":0,"href":"https:\/\/electrovideo.eu\/en\/wp-json\/wp\/v2\/product\/209639\/revisions"}],"wp:featuredmedia":[{"embeddable":true,"href":"https:\/\/electrovideo.eu\/en\/wp-json\/wp\/v2\/media\/224274"}],"wp:attachment":[{"href":"https:\/\/electrovideo.eu\/en\/wp-json\/wp\/v2\/media?parent=209639"}],"wp:term":[{"taxonomy":"brand","embeddable":true,"href":"https:\/\/electrovideo.eu\/en\/wp-json\/wp\/v2\/etheme_brands?post=209639"},{"taxonomy":"product_brand","embeddable":true,"href":"https:\/\/electrovideo.eu\/en\/wp-json\/wp\/v2\/product_brand?post=209639"},{"taxonomy":"product_cat","embeddable":true,"href":"https:\/\/electrovideo.eu\/en\/wp-json\/wp\/v2\/product_cat?post=209639"},{"taxonomy":"product_tag","embeddable":true,"href":"https:\/\/electrovideo.eu\/en\/wp-json\/wp\/v2\/product_tag?post=209639"}],"curies":[{"name":"wp","href":"https:\/\/api.w.org\/{rel}","templated":true}]}}