{"id":209623,"date":"2025-09-18T22:39:33","date_gmt":"2025-09-18T20:39:33","guid":{"rendered":"https:\/\/electrovideo.eu\/produit\/corsair-vengeance-rgb-ddr5-32-go-2-x-16-go-7000-mhz-cl40-noir\/"},"modified":"2025-11-28T19:53:12","modified_gmt":"2025-11-28T17:53:12","slug":"corsair-vengeance-rgb-ddr5-32-go-2-x-16-go-7000-mhz-cl40-noir","status":"publish","type":"product","link":"https:\/\/electrovideo.eu\/en\/product\/corsair-vengeance-rgb-ddr5-32-go-2-x-16-go-7000-mhz-cl40-noir\/","title":{"rendered":"Corsair Vengeance RGB DDR5 32 Go (2 x 16 Go) 7000 MHz CL40 &#8211; Noir"},"content":{"rendered":"<div id=\"description\" class=\"description\">\n<div class=\"details-pdt-desc\">\n<h2 class=\"h2-master\">Corsair Vengeance RGB DDR5 : RAM hautes performances<\/h2>\n<section>\n<p>La m\u00e9moire <strong>Corsair Veangeance RGB DDR5<\/strong> fournit des performances&nbsp;et des fr\u00e9quences plus \u00e9lev\u00e9es avec de meilleures capacit\u00e9s optimis\u00e9es pour les cartes m\u00e8res Intel tout en illuminant votre PC avec un \u00e9clairage RGB dynamique sur dix zones personnalisables individuellement. Les puces m\u00e9moire \u00e0 haute fr\u00e9quence tri\u00e9es sur le volet permettent un traitement, un rendu et une m\u00e9moire tampon plus rapides que jamais, avec la r\u00e9gulation de tension int\u00e9gr\u00e9e pour un overclocking \u00e0 la fois ais\u00e9 et contr\u00f4l\u00e9 avec pr\u00e9cision. Prenez le contr\u00f4le avec le logiciel Corsair iCUE qui permet la personnalisation de l\u2019\u00e9clairage RGB, la surveillance de la fr\u00e9quence en temps r\u00e9el, la r\u00e9gulation de la tension int\u00e9gr\u00e9e et la personnalisation de profils Intel XMP 3.0. Un circuit imprim\u00e9 personnalis\u00e9 fournit une qualit\u00e9 de signal optimale pour des performances et une stabilit\u00e9 exceptionnelles sur les cartes m\u00e8res DDR5 Intel les plus r\u00e9centes. Avec ses performances de pointe et son \u00e9clairage RGB \u00e9blouissant, la m\u00e9moire DDR5 Veangeance RGB montre la voie.<\/p>\n<\/section>\n<section>\n<div class=\"desc-image\"><span><img decoding=\"async\" alt=\"\" loading=\"lazy\" src=\"https:\/\/electrovideo.eu\/wp-content\/uploads\/2025\/09\/vengeance_rgb_ddr5.jpg\"><\/span><\/div>\n<div class=\"desc-text\">\n<h2>Caract\u00e9ristiques principales<\/h2>\n<ul>\n<li>Repoussez les limites de votre syst\u00e8me avec la m\u00e9moire DDR5 qui permet des fr\u00e9quences encore plus \u00e9lev\u00e9es pour une performance am\u00e9lior\u00e9e par rapport aux g\u00e9n\u00e9rations pr\u00e9c\u00e9dentes.<\/li>\n<li>\u00c9clairage RGB dynamique sur 10 zones<\/li>\n<li>R\u00e9gulation de tension int\u00e9gr\u00e9e<\/li>\n<li>Profils Intel XMP 3.0 : Personnalisez et enregistrez vos propres profils XMP via iCUE pour d\u00e9finir la performance par application ou par t\u00e2che pour une meilleure efficacit\u00e9.<\/li>\n<li>Puces m\u00e9moire s\u00e9lectionn\u00e9es \u00e0 la main et rigoureusement test\u00e9es.<\/li>\n<li>Circuit imprim\u00e9 hautes performances&nbsp;: Garantit la qualit\u00e9 et la stabilit\u00e9 de signal pour des performances d\u2019overclocking exceptionnelles.<\/li>\n<li>Optimis\u00e9 pour les cartes m\u00e8res DDR5 Intel&nbsp;: Pour une grande compatibilit\u00e9 avec les derni\u00e8res cartes m\u00e8res.<\/li>\n<\/ul>\n<\/div>\n<\/section>\n<\/div><\/div>\n","protected":false},"excerpt":{"rendered":"<p>Kit Dual Channel 2 barrettes de RAM RGB DDR5 PC5-56000 &#8211; CMH32GX5M2B7000C40<\/p>\n","protected":false},"featured_media":224569,"comment_status":"open","ping_status":"closed","template":"","meta":{"_monsterinsights_skip_tracking":false,"_monsterinsights_sitenote_active":false,"_monsterinsights_sitenote_note":"","_monsterinsights_sitenote_category":0},"etheme_brands":[{"term_id":43,"name":"Corsair","slug":"corsair","term_group":0,"term_taxonomy_id":43,"taxonomy":"brand","description":"","parent":0,"count":182,"filter":"raw"}],"product_brand":[],"product_cat":[27],"product_tag":[],"class_list":{"0":"post-209623","1":"product","2":"type-product","3":"status-publish","4":"has-post-thumbnail","6":"brand-corsair","7":"product_cat-memory-ram","9":"first","10":"instock","11":"taxable","12":"shipping-taxable","13":"purchasable","14":"product-type-simple"},"_links":{"self":[{"href":"https:\/\/electrovideo.eu\/en\/wp-json\/wp\/v2\/product\/209623","targetHints":{"allow":["GET"]}}],"collection":[{"href":"https:\/\/electrovideo.eu\/en\/wp-json\/wp\/v2\/product"}],"about":[{"href":"https:\/\/electrovideo.eu\/en\/wp-json\/wp\/v2\/types\/product"}],"replies":[{"embeddable":true,"href":"https:\/\/electrovideo.eu\/en\/wp-json\/wp\/v2\/comments?post=209623"}],"version-history":[{"count":0,"href":"https:\/\/electrovideo.eu\/en\/wp-json\/wp\/v2\/product\/209623\/revisions"}],"wp:featuredmedia":[{"embeddable":true,"href":"https:\/\/electrovideo.eu\/en\/wp-json\/wp\/v2\/media\/224569"}],"wp:attachment":[{"href":"https:\/\/electrovideo.eu\/en\/wp-json\/wp\/v2\/media?parent=209623"}],"wp:term":[{"taxonomy":"brand","embeddable":true,"href":"https:\/\/electrovideo.eu\/en\/wp-json\/wp\/v2\/etheme_brands?post=209623"},{"taxonomy":"product_brand","embeddable":true,"href":"https:\/\/electrovideo.eu\/en\/wp-json\/wp\/v2\/product_brand?post=209623"},{"taxonomy":"product_cat","embeddable":true,"href":"https:\/\/electrovideo.eu\/en\/wp-json\/wp\/v2\/product_cat?post=209623"},{"taxonomy":"product_tag","embeddable":true,"href":"https:\/\/electrovideo.eu\/en\/wp-json\/wp\/v2\/product_tag?post=209623"}],"curies":[{"name":"wp","href":"https:\/\/api.w.org\/{rel}","templated":true}]}}