{"id":209508,"date":"2025-09-17T15:48:33","date_gmt":"2025-09-17T13:48:33","guid":{"rendered":"https:\/\/electrovideo.eu\/produit\/asus-tuf-gaming-lc-iii-360-argb-lcd\/"},"modified":"2025-09-17T15:48:33","modified_gmt":"2025-09-17T13:48:33","slug":"asus-tuf-gaming-lc-iii-360-argb-lcd","status":"publish","type":"product","link":"https:\/\/electrovideo.eu\/en\/product\/asus-tuf-gaming-lc-iii-360-argb-lcd\/","title":{"rendered":"ASUS TUF Gaming LC III 360 ARGB LCD"},"content":{"rendered":"<div id=\"description\" class=\"description\">\n<div class=\"details-pdt-desc\">\n<h2 class=\"h2-master\">Watercooling AiO ARGB avec \u00e9cran LCD 2.8&#8243;<\/h2>\n<section>\n<p>La solution de refroidissement liquide tout-en-un ASUS TUF Gaming LC III 360 ARGB LCD comprend 3 ventilateurs ARGB con\u00e7us pour offrir un flux d&#8217;air et une pression statique \u00e9lev\u00e9s. Un \u00e9cran LCD de 2.8&#8243; int\u00e9gr\u00e9 au waterblock permettra la surveillance du mat\u00e9riel et l&#8217;affichage de GIFs personnalis\u00e9s ou de clips vid\u00e9o MP4 !<\/p>\n<p>Avec un \u00e9cran LCD IPS de 2.8 pouces prennant en charge les animations th\u00e9matiques, les informations sur le mat\u00e9riel et le contenu personnalisable, ce kit de Watercooling sera un achat id\u00e9al pour un PC gaming. Une pompe efficace et des ventilateurs ARGB pr\u00e9install\u00e9s et int\u00e9gr\u00e9s g\u00e8rent efficacement les temp\u00e9ratures du syst\u00e8me pour des performances de jeu stables.<br \/>\n&nbsp;<\/p>\n<\/section>\n<section>\n<div class=\"desc-image\"><span><img decoding=\"async\" alt=\"\" loading=\"lazy\" src=\"https:\/\/electrovideo.eu\/wp-content\/uploads\/2025\/09\/tuf_gaming_lc_III_360_ARGB_LCD.jpg\"><\/span><\/div>\n<div class=\"desc-text\">\n<h2>ASUS TUF Gaming LC III 360 ARGB LCD<\/h2>\n<ul>\n<li>\u00c9cran LCD IPS de 2.8 pouces pour des GIF anim\u00e9s personnalis\u00e9s ou la surveillance en direct de la vitesse de l&#8217;horloge, de la tension, de la temp\u00e9rature ou de la vitesse du ventilateur<\/li>\n<li>Les ventilateurs int\u00e9gr\u00e9s pr\u00e9install\u00e9s simplifient l&#8217;installation et offrent un d\u00e9bit d&#8217;air et une pression statique \u00e9lev\u00e9s<\/li>\n<li>Logiciel exclusif TUF Gaming pour des informations en temps r\u00e9el sur l&#8217;\u00e9tat du mat\u00e9riel et une personnalisation dynamique<\/li>\n<li>Con\u00e7u pour parfaire le style des cartes m\u00e8res TUF Gaming au centre de votre syst\u00e8me<\/li>\n<li>Tubes de 400 mm renforc\u00e9s et gain\u00e9s pour une meilleure durabilit\u00e9 et une meilleure compatibilit\u00e9 avec le ch\u00e2ssis<\/li>\n<li>Prise en charge des sockets Intel LGA 1851, 1700, 1200 et AMD AM5 et AM4<\/li>\n<\/ul>\n<\/div>\n<\/section>\n<\/div><\/div>\n","protected":false},"excerpt":{"rendered":"<p>Kit de Watercooling 360 mm pour processeur avec \u00e9cran LCD 2.8&#8243; et r\u00e9tro\u00e9clairage ARGB<\/p>\n","protected":false},"featured_media":209510,"comment_status":"open","ping_status":"closed","template":"","meta":{"_monsterinsights_skip_tracking":false,"_monsterinsights_sitenote_active":false,"_monsterinsights_sitenote_note":"","_monsterinsights_sitenote_category":0},"etheme_brands":[{"term_id":53,"name":"ASUS","slug":"asus","term_group":0,"term_taxonomy_id":53,"taxonomy":"brand","description":"","parent":0,"count":248,"filter":"raw"}],"product_brand":[],"product_cat":[30],"product_tag":[],"class_list":{"0":"post-209508","1":"product","2":"type-product","3":"status-publish","4":"has-post-thumbnail","6":"brand-asus","7":"product_cat-water-cooling","9":"first","10":"instock","11":"taxable","12":"shipping-taxable","13":"purchasable","14":"product-type-simple"},"_links":{"self":[{"href":"https:\/\/electrovideo.eu\/en\/wp-json\/wp\/v2\/product\/209508","targetHints":{"allow":["GET"]}}],"collection":[{"href":"https:\/\/electrovideo.eu\/en\/wp-json\/wp\/v2\/product"}],"about":[{"href":"https:\/\/electrovideo.eu\/en\/wp-json\/wp\/v2\/types\/product"}],"replies":[{"embeddable":true,"href":"https:\/\/electrovideo.eu\/en\/wp-json\/wp\/v2\/comments?post=209508"}],"version-history":[{"count":0,"href":"https:\/\/electrovideo.eu\/en\/wp-json\/wp\/v2\/product\/209508\/revisions"}],"wp:featuredmedia":[{"embeddable":true,"href":"https:\/\/electrovideo.eu\/en\/wp-json\/wp\/v2\/media\/209510"}],"wp:attachment":[{"href":"https:\/\/electrovideo.eu\/en\/wp-json\/wp\/v2\/media?parent=209508"}],"wp:term":[{"taxonomy":"brand","embeddable":true,"href":"https:\/\/electrovideo.eu\/en\/wp-json\/wp\/v2\/etheme_brands?post=209508"},{"taxonomy":"product_brand","embeddable":true,"href":"https:\/\/electrovideo.eu\/en\/wp-json\/wp\/v2\/product_brand?post=209508"},{"taxonomy":"product_cat","embeddable":true,"href":"https:\/\/electrovideo.eu\/en\/wp-json\/wp\/v2\/product_cat?post=209508"},{"taxonomy":"product_tag","embeddable":true,"href":"https:\/\/electrovideo.eu\/en\/wp-json\/wp\/v2\/product_tag?post=209508"}],"curies":[{"name":"wp","href":"https:\/\/api.w.org\/{rel}","templated":true}]}}