{"id":209414,"date":"2025-09-17T15:48:33","date_gmt":"2025-09-17T13:48:33","guid":{"rendered":"https:\/\/electrovideo.eu\/produit\/arctic-liquid-freezer-iii-pro-360-a-rgb-blanc\/"},"modified":"2025-09-17T15:48:33","modified_gmt":"2025-09-17T13:48:33","slug":"arctic-liquid-freezer-iii-pro-360-a-rgb-blanc","status":"publish","type":"product","link":"https:\/\/electrovideo.eu\/en\/product\/arctic-liquid-freezer-iii-pro-360-a-rgb-blanc\/","title":{"rendered":"Arctic Liquid Freezer III Pro 360 A-RGB (Blanc)"},"content":{"rendered":"<div id=\"description\" class=\"description\">\n<div class=\"details-pdt-desc\">\n<h2 class=\"h2-master\">Arctic Liquid Freezer III Pro A-RGB : Performant et lumineux<\/h2>\n<section>\n<p>Avec le kit de refroidissement liquide pour CPU tout-en-un<strong> Liquid Freezer III Pro A-RGB<\/strong>, <strong>Arctic<\/strong> met tout son savoir-faire au service du gaming gr\u00e2ce \u00e0 une pompe am\u00e9lior\u00e9e sp\u00e9cialement d\u00e9velopp\u00e9e en interne et contr\u00f4l\u00e9e par PWM. Gr\u00e2ce \u00e0 ce syst\u00e8me, elle ne fonctionne pas \u00e0 pleine charge tout le temps, mais ajuste son fonctionnement sur la temp\u00e9rature du processeur pour limiter son niveau&nbsp;sonore&nbsp;au repos. L&#8217;ensemble est compl\u00e9t\u00e9 par des ventilateurs \u00e0 haute pression statique et un autre ventilateur de 60 mm pr\u00e8s de la pompe en charge du refroidissement&nbsp;des circuits VRM de la carte m\u00e8re.<br \/>\n&nbsp;<\/p>\n<\/section>\n<section>\n<div class=\"desc-image\"><span><img decoding=\"async\" alt=\"\" loading=\"lazy\" src=\"https:\/\/electrovideo.eu\/wp-content\/uploads\/2025\/09\/LiquidFreezerIIIProBlanc_800_1.jpg\"><\/span><\/div>\n<div class=\"desc-text\">\n<h2>Profitez de l&#8217;expertise Arctic<\/h2>\n<ul>\n<li>Le Liquid Freezer III Pro A-RGB est pr\u00eat \u00e0 \u00eatre utilis\u00e9 gr\u00e2ce \u00e0 ses ventilateurs de radiateur pr\u00e9install\u00e9s en configuration push<\/li>\n<li>Avec le c\u00e2ble r\u00e9partiteur, la pompe, le ventilateur VRM et les ventilateurs du radiateur peuvent \u00eatre contr\u00f4l\u00e9s s\u00e9par\u00e9ment ou synchronis\u00e9s via un seul signal PWM avec le c\u00e2ble tout-en-un<\/li>\n<li>P\u00e2te thermique MX-6 incluse<\/li>\n<li>Ventilateur VRM de 60 mm contr\u00f4l\u00e9 par PWM permet un refroidissement de la zone du socket lorsque le refroidissement VRM est insuffisant, en cas de mauvais flux d&#8217;air ou surtout dans les sc\u00e9narios d&#8217;overclocking<\/li>\n<li>Le Liquid Freezer III Pro A-RGB est \u00e9quip\u00e9 d&#8217;une pompe \u00e0 eau sp\u00e9cialement d\u00e9velopp\u00e9e en interne, contr\u00f4l\u00e9e par PWM, qui a \u00e9t\u00e9 optimis\u00e9e en termes de performances et de bruit<\/li>\n<li>La plaque froide am\u00e9lior\u00e9e avec une surface d&#8217;ailette \u00e9tendue et des conduites d&#8217;eau optimis\u00e9es permet au Liquid Freezer III Pro A-RGB d&#8217;augmenter ses performances tout en conservant un fonctionnement silencieux<\/li>\n<li>La surface de refroidissement du radiateur de 38 mm d&#8217;\u00e9paisseur a \u00e9t\u00e9 allong\u00e9e de 23 % gr\u00e2ce \u00e0 l&#8217;augmentation de la pile d&#8217;ailettes. Cela permet non seulement une meilleure dissipation de la chaleur, mais \u00e9galement un plus grand volume de liquide<\/li>\n<li>Le Liquid Freezer III Pro A-RGB s&#8217;appuie sur les ventilateurs de la s\u00e9rie P Pro qui disposent d&#8217;une pression statique \u00e9lev\u00e9e<\/li>\n<\/ul>\n<\/div>\n<\/section>\n<\/div><\/div>\n","protected":false},"excerpt":{"rendered":"<p>Kit de Watercooling tout-en-un 360 mm pour processeur avec ventilateurs et pompe ARGB<\/p>\n","protected":false},"featured_media":209417,"comment_status":"open","ping_status":"closed","template":"","meta":{"_monsterinsights_skip_tracking":false,"_monsterinsights_sitenote_active":false,"_monsterinsights_sitenote_note":"","_monsterinsights_sitenote_category":0},"etheme_brands":[{"term_id":578,"name":"Arctic","slug":"arctic","term_group":0,"term_taxonomy_id":578,"taxonomy":"brand","description":"","parent":0,"count":15,"filter":"raw"}],"product_brand":[],"product_cat":[30],"product_tag":[],"class_list":{"0":"post-209414","1":"product","2":"type-product","3":"status-publish","4":"has-post-thumbnail","6":"brand-arctic","7":"product_cat-water-cooling","9":"first","10":"instock","11":"taxable","12":"shipping-taxable","13":"purchasable","14":"product-type-simple"},"_links":{"self":[{"href":"https:\/\/electrovideo.eu\/en\/wp-json\/wp\/v2\/product\/209414","targetHints":{"allow":["GET"]}}],"collection":[{"href":"https:\/\/electrovideo.eu\/en\/wp-json\/wp\/v2\/product"}],"about":[{"href":"https:\/\/electrovideo.eu\/en\/wp-json\/wp\/v2\/types\/product"}],"replies":[{"embeddable":true,"href":"https:\/\/electrovideo.eu\/en\/wp-json\/wp\/v2\/comments?post=209414"}],"version-history":[{"count":0,"href":"https:\/\/electrovideo.eu\/en\/wp-json\/wp\/v2\/product\/209414\/revisions"}],"wp:featuredmedia":[{"embeddable":true,"href":"https:\/\/electrovideo.eu\/en\/wp-json\/wp\/v2\/media\/209417"}],"wp:attachment":[{"href":"https:\/\/electrovideo.eu\/en\/wp-json\/wp\/v2\/media?parent=209414"}],"wp:term":[{"taxonomy":"brand","embeddable":true,"href":"https:\/\/electrovideo.eu\/en\/wp-json\/wp\/v2\/etheme_brands?post=209414"},{"taxonomy":"product_brand","embeddable":true,"href":"https:\/\/electrovideo.eu\/en\/wp-json\/wp\/v2\/product_brand?post=209414"},{"taxonomy":"product_cat","embeddable":true,"href":"https:\/\/electrovideo.eu\/en\/wp-json\/wp\/v2\/product_cat?post=209414"},{"taxonomy":"product_tag","embeddable":true,"href":"https:\/\/electrovideo.eu\/en\/wp-json\/wp\/v2\/product_tag?post=209414"}],"curies":[{"name":"wp","href":"https:\/\/api.w.org\/{rel}","templated":true}]}}