{"id":209346,"date":"2025-09-17T16:24:27","date_gmt":"2025-09-17T14:24:27","guid":{"rendered":"https:\/\/electrovideo.eu\/produit\/lian-li-hydroshift-ii-lcd-c-360n-fanless-noir-2\/"},"modified":"2025-09-17T16:24:27","modified_gmt":"2025-09-17T14:24:27","slug":"lian-li-hydroshift-ii-lcd-c-360n-fanless-noir-2","status":"publish","type":"product","link":"https:\/\/electrovideo.eu\/en\/product\/lian-li-hydroshift-ii-lcd-c-360n-fanless-noir-2\/","title":{"rendered":"Lian Li Hydroshift II LCD-C 360N Fanless (noir)"},"content":{"rendered":"<div id=\"description\" class=\"description\">\n<div class=\"details-pdt-desc\">\n<h2 class=\"h2-master\">Lib\u00e9rez la puissance de votre processeur en toute sobri\u00e9t\u00e9<\/h2>\n<section>\n<p>Le <strong>watercooling Lian Li Hydroshift II LCD-C&nbsp;360N&nbsp;<\/strong>est con\u00e7u pour des performances&nbsp;optimales, avec un radiateur&nbsp;pr\u00e9install\u00e9. Cette version offre une flexibilit\u00e9 de bricolage compl\u00e8te, vous donnant&nbsp;la libert\u00e9 de choisir et d&#8217;installer vos ventilateurs pr\u00e9f\u00e9r\u00e9s.&nbsp;L&#8217;<strong>Hydroshift II LCD-C<\/strong> a \u00e9t\u00e9 con\u00e7u par Lian Li dans un souci d&#8217;esth\u00e9tique et de flexibilit\u00e9. Son design innovant \u00e0 tubes r\u00e9glables permet un alignement pr\u00e9cis avec le processeur, optimisant ainsi le routage des c\u00e2bles et cr\u00e9ant un agencement interne plus \u00e9pur\u00e9. R\u00e9sultat&nbsp;: une conception \u00e9l\u00e9gante et \u00e9pur\u00e9e qui conf\u00e8re une touche de raffinement \u00e0 tout PC.&nbsp;Le radiateur a \u00e9t\u00e9 repens\u00e9 pour un format compact de seulement 400 x 122 x 24 mm&nbsp;: 3&nbsp;mm plus fin, 3&nbsp;mm plus court et 2.5&nbsp;mm plus \u00e9troit que la g\u00e9n\u00e9ration pr\u00e9c\u00e9dente. Cet encombrement r\u00e9duit am\u00e9liore la compatibilit\u00e9 avec les bo\u00eetiers PC classiques, facilitant l&#8217;installation tout en conservant d&#8217;excellentes performances thermiques.<\/p>\n<\/section>\n<section>\n<div class=\"desc-image\"><span><img decoding=\"async\" alt=\"\" loading=\"lazy\" src=\"https:\/\/electrovideo.eu\/wp-content\/uploads\/2025\/09\/HydroshiftIILCD-C_noir_800_1-1.jpg\"><\/span><\/div>\n<div class=\"desc-text\">\n<h2>Points forts<\/h2>\n<ul>\n<li><strong>Tubes <\/strong>mont\u00e9s lat\u00e9ralement et c\u00e2blage dissimul\u00e9 pour une apparence minimaliste et sans chambre \u00e0 air.<\/li>\n<li>Dispose d&#8217;un<strong> \u00e9cran LCD IPS de 2.1&#8243; avec une r\u00e9solution de 480 x 480,<\/strong> une luminosit\u00e9 de 500 nits et un taux de rafra\u00eechissement de 60 Hz.<\/li>\n<li>Offre des modes de contr\u00f4le hors ligne, sans fil et avanc\u00e9 connect\u00e9 par USB.<\/li>\n<li>Alignement pr\u00e9cis des tubes avec routage r\u00e9glable pour des constructions plus propres.<\/li>\n<li>Radiateur aminci de 360 \u200b\u200bmm (400 x 122 x 24 mm) pour une meilleure compatibilit\u00e9 avec le bo\u00eetier.<\/li>\n<li>Comprend un support de montage repens\u00e9 et une garantie de 6 ans.<\/li>\n<\/ul>\n<\/div>\n<\/section>\n<\/div><\/div>\n","protected":false},"excerpt":{"rendered":"<p>Kit de Watercooling 360 mm pour processeur avec pompe, \u00e9cran IPS 2.1&#8243; et sans ventilateurs<\/p>\n","protected":false},"featured_media":209349,"comment_status":"open","ping_status":"closed","template":"","meta":{"_monsterinsights_skip_tracking":false,"_monsterinsights_sitenote_active":false,"_monsterinsights_sitenote_note":"","_monsterinsights_sitenote_category":0},"etheme_brands":[{"term_id":627,"name":"Lian Li","slug":"lian-li","term_group":0,"term_taxonomy_id":627,"taxonomy":"brand","description":"","parent":0,"count":28,"filter":"raw"}],"product_brand":[],"product_cat":[30],"product_tag":[],"class_list":{"0":"post-209346","1":"product","2":"type-product","3":"status-publish","4":"has-post-thumbnail","6":"brand-lian-li","7":"product_cat-water-cooling","9":"first","10":"instock","11":"taxable","12":"shipping-taxable","13":"purchasable","14":"product-type-simple"},"_links":{"self":[{"href":"https:\/\/electrovideo.eu\/en\/wp-json\/wp\/v2\/product\/209346","targetHints":{"allow":["GET"]}}],"collection":[{"href":"https:\/\/electrovideo.eu\/en\/wp-json\/wp\/v2\/product"}],"about":[{"href":"https:\/\/electrovideo.eu\/en\/wp-json\/wp\/v2\/types\/product"}],"replies":[{"embeddable":true,"href":"https:\/\/electrovideo.eu\/en\/wp-json\/wp\/v2\/comments?post=209346"}],"version-history":[{"count":0,"href":"https:\/\/electrovideo.eu\/en\/wp-json\/wp\/v2\/product\/209346\/revisions"}],"wp:featuredmedia":[{"embeddable":true,"href":"https:\/\/electrovideo.eu\/en\/wp-json\/wp\/v2\/media\/209349"}],"wp:attachment":[{"href":"https:\/\/electrovideo.eu\/en\/wp-json\/wp\/v2\/media?parent=209346"}],"wp:term":[{"taxonomy":"brand","embeddable":true,"href":"https:\/\/electrovideo.eu\/en\/wp-json\/wp\/v2\/etheme_brands?post=209346"},{"taxonomy":"product_brand","embeddable":true,"href":"https:\/\/electrovideo.eu\/en\/wp-json\/wp\/v2\/product_brand?post=209346"},{"taxonomy":"product_cat","embeddable":true,"href":"https:\/\/electrovideo.eu\/en\/wp-json\/wp\/v2\/product_cat?post=209346"},{"taxonomy":"product_tag","embeddable":true,"href":"https:\/\/electrovideo.eu\/en\/wp-json\/wp\/v2\/product_tag?post=209346"}],"curies":[{"name":"wp","href":"https:\/\/api.w.org\/{rel}","templated":true}]}}