{"id":209270,"date":"2025-09-17T17:06:23","date_gmt":"2025-09-17T15:06:23","guid":{"rendered":"https:\/\/electrovideo.eu\/produit\/corsair-titan-360-rx-lcd-rgb-blanc\/"},"modified":"2025-09-17T17:06:23","modified_gmt":"2025-09-17T15:06:23","slug":"corsair-titan-360-rx-lcd-rgb-blanc","status":"publish","type":"product","link":"https:\/\/electrovideo.eu\/en\/product\/corsair-titan-360-rx-lcd-rgb-blanc\/","title":{"rendered":"Corsair Titan 360 RX LCD RGB (Blanc)"},"content":{"rendered":"<div id=\"description\" class=\"description\">\n<div class=\"details-pdt-desc\">\n<h2 class=\"h2-master\">Watercooling CPU AIO simple et performant<\/h2>\n<section>\n<p>Le <strong>Watercooling tout-en-un pour processeur TITAN 360 RX LCD RGB<\/strong> de <strong>Corsair<\/strong> offre des performances de refroidissement de pointe, tout en assurant un fonctionnement ultra-silencieux. Gr\u00e2ce \u00e0 son moteur de refroidissement <em>FlowDrive<\/em> \u00e9quip\u00e9 d&#8217;un moteur triphas\u00e9, il garantit une efficacit\u00e9 thermique optimale. De plus, sa connectivit\u00e9 iCUE LINK simplifi\u00e9e permet une gestion ais\u00e9e de l&#8217;\u00e9clairage RGB dynamique et des performances. Avec le <strong>iCUE LINK TITAN 360 RX LCD RGB AIO<\/strong>, <strong>Corsair<\/strong> propose une solution de refroidissement liquide alliant performance, silence et esth\u00e9tique, id\u00e9ale pour les syst\u00e8mes de pointe n\u00e9cessitant une gestion thermique efficace et personnalisable.<\/p>\n<p>Ce syst\u00e8me est dot\u00e9 de <strong>trois ventilateurs RX120 RGB hautes performances<\/strong>, chacun \u00e9quip\u00e9 de <strong>8 LED RGB adressables <\/strong>individuellement, offrant ainsi des effets lumineux personnalisables et synchronis\u00e9s avec les <strong>20 LED RGB int\u00e9gr\u00e9es \u00e0 la pompe<\/strong>. La conception modulaire CapSwap permet de personnaliser l&#8217;apparence du refroidisseur en rempla\u00e7ant le bouchon de la pompe sans outil (CapSwap non inclus). Compatible avec les derniers sockets Intel LGA 1851\/1700 et AMD AM5\/AM4, l&#8217;installation est facilit\u00e9e gr\u00e2ce aux supports de fixation et plaques arri\u00e8re inclus. De plus, le refroidisseur est livr\u00e9 avec de la <strong>p\u00e2te thermique CORSAIR XTM70 Extreme Performance <\/strong>pr\u00e9-appliqu\u00e9e, assurant un transfert de chaleur maximal entre le processeur et la plaque froide.<\/p>\n<p>Le logiciel CORSAIR iCUE permet de contr\u00f4ler et de synchroniser l&#8217;\u00e9clairage RGB, d&#8217;ajuster les vitesses des ventilateurs et de surveiller les temp\u00e9ratures du CPU et du liquide de refroidissement, cr\u00e9ant ainsi un \u00e9cosyst\u00e8me totalement immersif avec un contr\u00f4le intuitif.<\/p>\n<\/section>\n<section class=\"list\">\n<h2>Caract\u00e9ristiques principales :<\/h2>\n<ul>\n<li><strong>Performances de refroidissement extr\u00eames<\/strong> avec une connectivit\u00e9 iCUE LINK rationalis\u00e9e.<\/li>\n<li><strong>Moteur de refroidissement FlowDrive<\/strong> avec moteur triphas\u00e9 pour une efficacit\u00e9 thermique optimale.<\/li>\n<li><strong>Trois ventilateurs RX120 RGB hautes performances<\/strong> avec huit LED RGB par ventilateur pour un \u00e9clairage dynamique.<\/li>\n<li><strong>Ecran LCD personnalisable<\/strong> : temp\u00e9ratures syst\u00e8mes, images et Gif anim\u00e9s.<\/li>\n<li><strong>20 LED RGB sur la pompe<\/strong>, offrant des effets lumineux personnalisables. <strong>Conception modulaire CapSwap<\/strong> permettant une personnalisation sans outil de l&#8217;apparence du refroidisseur.<\/li>\n<li><strong>Compatibilit\u00e9 \u00e9tendue<\/strong> avec les sockets Intel LGA 1851\/1700 et AMD AM5\/AM4.<\/li>\n<li><strong>P\u00e2te thermique CORSAIR XTM70 Extreme Performance pr\u00e9-appliqu\u00e9e<\/strong> pour un transfert de chaleur maximal.<\/li>\n<li><strong>Logiciel CORSAIR iCUE<\/strong> pour une gestion intuitive de l&#8217;\u00e9clairage, des performances et de la surveillance des temp\u00e9ratures.<\/li>\n<\/ul>\n<\/section>\n<\/div><\/div>\n","protected":false},"excerpt":{"rendered":"<p>Watercooling tout-en-un 360 mm pour processeur avec \u00e9clairage LED ARGB et \u00e9cran LCD<\/p>\n","protected":false},"featured_media":209271,"comment_status":"open","ping_status":"closed","template":"","meta":{"_monsterinsights_skip_tracking":false,"_monsterinsights_sitenote_active":false,"_monsterinsights_sitenote_note":"","_monsterinsights_sitenote_category":0},"etheme_brands":[{"term_id":43,"name":"Corsair","slug":"corsair","term_group":0,"term_taxonomy_id":43,"taxonomy":"brand","description":"","parent":0,"count":182,"filter":"raw"}],"product_brand":[],"product_cat":[30],"product_tag":[],"class_list":{"0":"post-209270","1":"product","2":"type-product","3":"status-publish","4":"has-post-thumbnail","6":"brand-corsair","7":"product_cat-water-cooling","9":"first","10":"instock","11":"taxable","12":"shipping-taxable","13":"purchasable","14":"product-type-simple"},"_links":{"self":[{"href":"https:\/\/electrovideo.eu\/en\/wp-json\/wp\/v2\/product\/209270","targetHints":{"allow":["GET"]}}],"collection":[{"href":"https:\/\/electrovideo.eu\/en\/wp-json\/wp\/v2\/product"}],"about":[{"href":"https:\/\/electrovideo.eu\/en\/wp-json\/wp\/v2\/types\/product"}],"replies":[{"embeddable":true,"href":"https:\/\/electrovideo.eu\/en\/wp-json\/wp\/v2\/comments?post=209270"}],"version-history":[{"count":0,"href":"https:\/\/electrovideo.eu\/en\/wp-json\/wp\/v2\/product\/209270\/revisions"}],"wp:featuredmedia":[{"embeddable":true,"href":"https:\/\/electrovideo.eu\/en\/wp-json\/wp\/v2\/media\/209271"}],"wp:attachment":[{"href":"https:\/\/electrovideo.eu\/en\/wp-json\/wp\/v2\/media?parent=209270"}],"wp:term":[{"taxonomy":"brand","embeddable":true,"href":"https:\/\/electrovideo.eu\/en\/wp-json\/wp\/v2\/etheme_brands?post=209270"},{"taxonomy":"product_brand","embeddable":true,"href":"https:\/\/electrovideo.eu\/en\/wp-json\/wp\/v2\/product_brand?post=209270"},{"taxonomy":"product_cat","embeddable":true,"href":"https:\/\/electrovideo.eu\/en\/wp-json\/wp\/v2\/product_cat?post=209270"},{"taxonomy":"product_tag","embeddable":true,"href":"https:\/\/electrovideo.eu\/en\/wp-json\/wp\/v2\/product_tag?post=209270"}],"curies":[{"name":"wp","href":"https:\/\/api.w.org\/{rel}","templated":true}]}}