{"id":209249,"date":"2025-09-17T17:10:44","date_gmt":"2025-09-17T15:10:44","guid":{"rendered":"https:\/\/electrovideo.eu\/produit\/xigmatek-connect-360-blanc\/"},"modified":"2025-09-17T17:10:44","modified_gmt":"2025-09-17T15:10:44","slug":"xigmatek-connect-360-blanc","status":"publish","type":"product","link":"https:\/\/electrovideo.eu\/en\/product\/xigmatek-connect-360-blanc\/","title":{"rendered":"Xigmatek Connect 360 &#8211; Blanc"},"content":{"rendered":"<div id=\"description\" class=\"description\">\n<div class=\"details-pdt-desc\">\n<h2 class=\"h2-master\">Refroidissement optimis\u00e9 avec Xigmatek<\/h2>\n<section>\n<p>Le watercooling 360 mm tout-en-un <strong>Xigmatek Connect 360 <\/strong>dispose d&#8217;un radiateur en aluminium haute densit\u00e9, d&#8217;un ventilateur 120 x 360 mm pour une dissipation thermique optimale. Son <strong>\u00e9cran LCD de 3.4&#8243;<\/strong> permet de disposer d&#8217;informations pr\u00e9cieuses sur le fonctionnement votre configuration tandis que les LED ARGB apportent la touche gaming de ce kit, personnalisable \u00e0 souhait gr\u00e2ce au c<strong>ontr\u00f4leur ARGB inclus<\/strong>. Le <strong>Connect 360 de Xigmatek<\/strong> prend en charge les processeurs r\u00e9cents les plus puissants gr\u00e2ce \u00e0 sa compatibilit\u00e9 avec<strong> les sockets AMD AM5 et Intel LGA1851<\/strong>.<\/p>\n<\/section>\n<section>\n<div class=\"desc-image\"><span><img decoding=\"async\" alt=\"\" loading=\"lazy\" src=\"https:\/\/electrovideo.eu\/wp-content\/uploads\/2025\/09\/xigmatek_connect_360.jpg\"><\/span><\/div>\n<div class=\"desc-text\">\n<h2>Points forts<\/h2>\n<ul>\n<li>Radiateur en aluminium haute densit\u00e9 pour une dissipation thermique efficace<\/li>\n<li>\u00c9cran LCD de 3.4 pouces rotatif (surface aimant\u00e9e) pour une surveillance en temps r\u00e9el des performances<\/li>\n<li>Compatibilit\u00e9 avec les supports Intel 1851 et AMD AM5<\/li>\n<li>Design \u00e9l\u00e9gant avec ventilateur ARGB 120 x 360 mm etc contr\u00f4leur ARGB inclus pour une personnalisation facile.<\/li>\n<li>P\u00e2te thermique incluse<\/li>\n<\/ul>\n<\/div>\n<\/section>\n<section class=\"list\">\n<h2>Caract\u00e9ristiques principales :&nbsp;<\/h2>\n<ul>\n<li>Syst\u00e8me de refroidissement watercooling tout-en-un pour processeur&nbsp;<\/li>\n<li>Compatibilit\u00e9 processeur : Intel LGA 20xx\/1700\/1200\/115x &#8211; AMD&nbsp;AM5\/AM4<\/li>\n<li>Ventilateurs<strong> 360 x 120 x 28 mm ARGB <\/strong>\/ 800-2100 RPM \/ 29 dB(A) \/ 80 CFM<\/li>\n<li>Longueur des tubes : 450 mm<\/li>\n<li>Dimensions radiateur : 397 x 120&nbsp;x 27 mm<\/li>\n<\/ul>\n<\/section>\n<\/div><\/div>\n","protected":false},"excerpt":{"rendered":"<p>Kit de Watercooling 360 mm tout-en-un pour processeur avec \u00e9clairage ARGB et \u00e9cran LCD 3.4&#8243; pour socket Intel et AMD<\/p>\n","protected":false},"featured_media":209251,"comment_status":"open","ping_status":"closed","template":"","meta":{"_monsterinsights_skip_tracking":false,"_monsterinsights_sitenote_active":false,"_monsterinsights_sitenote_note":"","_monsterinsights_sitenote_category":0},"etheme_brands":[{"term_id":567,"name":"Xigmatek","slug":"xigmatek","term_group":0,"term_taxonomy_id":567,"taxonomy":"brand","description":"","parent":0,"count":17,"filter":"raw"}],"product_brand":[],"product_cat":[30],"product_tag":[],"class_list":{"0":"post-209249","1":"product","2":"type-product","3":"status-publish","4":"has-post-thumbnail","6":"brand-xigmatek","7":"product_cat-water-cooling","9":"first","10":"instock","11":"taxable","12":"shipping-taxable","13":"purchasable","14":"product-type-simple"},"_links":{"self":[{"href":"https:\/\/electrovideo.eu\/en\/wp-json\/wp\/v2\/product\/209249","targetHints":{"allow":["GET"]}}],"collection":[{"href":"https:\/\/electrovideo.eu\/en\/wp-json\/wp\/v2\/product"}],"about":[{"href":"https:\/\/electrovideo.eu\/en\/wp-json\/wp\/v2\/types\/product"}],"replies":[{"embeddable":true,"href":"https:\/\/electrovideo.eu\/en\/wp-json\/wp\/v2\/comments?post=209249"}],"version-history":[{"count":0,"href":"https:\/\/electrovideo.eu\/en\/wp-json\/wp\/v2\/product\/209249\/revisions"}],"wp:featuredmedia":[{"embeddable":true,"href":"https:\/\/electrovideo.eu\/en\/wp-json\/wp\/v2\/media\/209251"}],"wp:attachment":[{"href":"https:\/\/electrovideo.eu\/en\/wp-json\/wp\/v2\/media?parent=209249"}],"wp:term":[{"taxonomy":"brand","embeddable":true,"href":"https:\/\/electrovideo.eu\/en\/wp-json\/wp\/v2\/etheme_brands?post=209249"},{"taxonomy":"product_brand","embeddable":true,"href":"https:\/\/electrovideo.eu\/en\/wp-json\/wp\/v2\/product_brand?post=209249"},{"taxonomy":"product_cat","embeddable":true,"href":"https:\/\/electrovideo.eu\/en\/wp-json\/wp\/v2\/product_cat?post=209249"},{"taxonomy":"product_tag","embeddable":true,"href":"https:\/\/electrovideo.eu\/en\/wp-json\/wp\/v2\/product_tag?post=209249"}],"curies":[{"name":"wp","href":"https:\/\/api.w.org\/{rel}","templated":true}]}}