{"id":209228,"date":"2025-09-17T17:12:31","date_gmt":"2025-09-17T15:12:31","guid":{"rendered":"https:\/\/electrovideo.eu\/produit\/tryx-panorama-se-argb-360-blanc\/"},"modified":"2025-09-17T17:12:31","modified_gmt":"2025-09-17T15:12:31","slug":"tryx-panorama-se-argb-360-blanc","status":"publish","type":"product","link":"https:\/\/electrovideo.eu\/en\/product\/tryx-panorama-se-argb-360-blanc\/","title":{"rendered":"TRYX PANORAMA SE ARGB 360 &#8211; Blanc"},"content":{"rendered":"<div id=\"description\" class=\"description\">\n<div class=\"details-pdt-desc\">\n<h2 class=\"h2-master\">TRYX PANORAMA SE ARGB : Watercooling tout-en-un avec \u00e9cran AMOLED 6.5&#8243;<\/h2>\n<section>\n<p>Le <strong>TRYX PANORAMA SE ARGB 360MM <\/strong>est un refroidisseur liquide pour processeur qui m\u00eale refroidissement optimal tout en ajoutant une touche esth\u00e9tique gr\u00e2ce \u00e0 ses LED ARGB et \u00e0 son <strong>\u00e9cran AMOLED de 6.5&#8243; panoramique<\/strong>. Dot\u00e9 d&#8217;une pompe Asetek Adela et de tubes renforc\u00e9s, le PANORAMA SE ARGB offre un excellent compromis entre efficacit\u00e9 et durabilit\u00e9.<\/p>\n<\/section>\n<section>\n<div class=\"desc-image\"><span><img decoding=\"async\" alt=\"\" loading=\"lazy\" src=\"https:\/\/electrovideo.eu\/wp-content\/uploads\/2025\/09\/tryx_panorama_se_argb_white.jpg\"><\/span><\/div>\n<div class=\"desc-text\">\n<h2>Caract\u00e9ristiques principales :<\/h2>\n<ul>\n<li>Les <strong>ventilateurs ARGB int\u00e9gr\u00e9s<\/strong> peuvent \u00eatre synchronis\u00e9s avec d&#8217;autres composants ARGB pour un \u00e9clairage harmonis\u00e9 du plus bel effet<\/li>\n<li>Tubes renforc\u00e9s garantissant une longue dur\u00e9e de vie et une r\u00e9sistance accrue \u00e0 l&#8217;usure.<\/li>\n<li>P<strong>ompe \u00e0 moteur triphas\u00e9 Asetek Adela <\/strong>qui un flux constant et efficace du liquide de refroidissement pour des temp\u00e9ratures optimales.<\/li>\n<li>Ecran AMOLED 6.5&#8243; incurv\u00e9 avec r\u00e9solution 2K @ 60 Hz 400 nits largement personnalisable via le logiciel Kanali.<\/li>\n<li>Impact sur les performances r\u00e9duits gr\u00e2ce \u00e0 son syst\u00e8me embarqu\u00e9 comprenant un processeur Quad-Core, 2 Go deRAM et 8 Go de ROM<\/li>\n<\/ul>\n<\/div>\n<\/section>\n<\/div><\/div>\n","protected":false},"excerpt":{"rendered":"<p>Kit de Watercooling tout-en-un 360 mm ARGB avec \u00e9cran AMOLED 6.5&#8243; pour processeur Intel\/AMD<\/p>\n","protected":false},"featured_media":209231,"comment_status":"open","ping_status":"closed","template":"","meta":{"_monsterinsights_skip_tracking":false,"_monsterinsights_sitenote_active":false,"_monsterinsights_sitenote_note":"","_monsterinsights_sitenote_category":0},"etheme_brands":[{"term_id":5407,"name":"TRYX","slug":"tryx","term_group":0,"term_taxonomy_id":5407,"taxonomy":"brand","description":"","parent":0,"count":16,"filter":"raw"}],"product_brand":[],"product_cat":[30],"product_tag":[],"class_list":{"0":"post-209228","1":"product","2":"type-product","3":"status-publish","4":"has-post-thumbnail","6":"brand-tryx","7":"product_cat-water-cooling","9":"first","10":"instock","11":"taxable","12":"shipping-taxable","13":"purchasable","14":"product-type-simple"},"_links":{"self":[{"href":"https:\/\/electrovideo.eu\/en\/wp-json\/wp\/v2\/product\/209228","targetHints":{"allow":["GET"]}}],"collection":[{"href":"https:\/\/electrovideo.eu\/en\/wp-json\/wp\/v2\/product"}],"about":[{"href":"https:\/\/electrovideo.eu\/en\/wp-json\/wp\/v2\/types\/product"}],"replies":[{"embeddable":true,"href":"https:\/\/electrovideo.eu\/en\/wp-json\/wp\/v2\/comments?post=209228"}],"version-history":[{"count":0,"href":"https:\/\/electrovideo.eu\/en\/wp-json\/wp\/v2\/product\/209228\/revisions"}],"wp:featuredmedia":[{"embeddable":true,"href":"https:\/\/electrovideo.eu\/en\/wp-json\/wp\/v2\/media\/209231"}],"wp:attachment":[{"href":"https:\/\/electrovideo.eu\/en\/wp-json\/wp\/v2\/media?parent=209228"}],"wp:term":[{"taxonomy":"brand","embeddable":true,"href":"https:\/\/electrovideo.eu\/en\/wp-json\/wp\/v2\/etheme_brands?post=209228"},{"taxonomy":"product_brand","embeddable":true,"href":"https:\/\/electrovideo.eu\/en\/wp-json\/wp\/v2\/product_brand?post=209228"},{"taxonomy":"product_cat","embeddable":true,"href":"https:\/\/electrovideo.eu\/en\/wp-json\/wp\/v2\/product_cat?post=209228"},{"taxonomy":"product_tag","embeddable":true,"href":"https:\/\/electrovideo.eu\/en\/wp-json\/wp\/v2\/product_tag?post=209228"}],"curies":[{"name":"wp","href":"https:\/\/api.w.org\/{rel}","templated":true}]}}