{"id":208912,"date":"2025-09-17T18:19:35","date_gmt":"2025-09-17T16:19:35","guid":{"rendered":"https:\/\/electrovideo.eu\/produit\/msi-geforce-rtx-5090-32g-ventus-3x-oc\/"},"modified":"2026-04-14T23:50:12","modified_gmt":"2026-04-14T21:50:12","slug":"msi-geforce-rtx-5090-32g-ventus-3x-oc","status":"publish","type":"product","link":"https:\/\/electrovideo.eu\/en\/product\/msi-geforce-rtx-5090-32g-ventus-3x-oc\/","title":{"rendered":"MSI GeForce RTX 5090 32G VENTUS 3X OC"},"content":{"rendered":"<div id=\"description\" class=\"description\">\n<div class=\"details-pdt-desc\">\n<h2 class=\"h2-master\">Des jeux \u00e9poustouflants en 4K 480 Hz<\/h2>\n<section>\n<p>Profitez de capacit\u00e9s r\u00e9volutionnaires pour jouer ou pour cr\u00e9er gr\u00e2ce \u00e0 la puissance ph\u00e9nom\u00e9nale du <strong>GPU NVIDIA GeForce RTX 5090<\/strong>. Jouez en <strong>4K 480 Hz ou 8K 120 Hz<\/strong> avec le GPU gaming le plus puissants jamais con\u00e7u. Propuls\u00e9e par l&#8217;<strong>architecture NVIDIA Blackwell et dot\u00e9e de 32 Go de VRAM<\/strong>, la <strong>carte graphique MSI GeForce RTX 5090 32G VENTUS 3X OC<\/strong> offre des performances de jeux et des possibilit\u00e9s de cr\u00e9ation infinies. <strong>NVIDIA DLSS 4 <\/strong>d\u00e9livre un nombre d&#8217;images par secondes \u00e9poustouflant tandis que la <strong>puissance de l&#8217;IA<\/strong> associ\u00e9e \u00e0 <strong>NVIDIA Studio<\/strong> permettra \u00e0 votre cr\u00e9ativit\u00e9 de s&#8217;envoler.&nbsp;<\/p>\n<\/section>\n<section>\n<div class=\"desc-image\"><span><img decoding=\"async\" alt=\"\" loading=\"lazy\" src=\"https:\/\/electrovideo.eu\/wp-content\/uploads\/2025\/09\/msi_geforce_rtx_5090_ventus_3x.jpg\"><\/span><\/div>\n<div class=\"desc-text\">\n<h2>MSI GeForce RTX 5090 32G VENTUS 3X OC<\/h2>\n<ul>\n<li>Propuls\u00e9 par&nbsp;<strong>GeForce RTX&nbsp;5090<\/strong><\/li>\n<li><strong>32 GB de VRAM GDDR7<\/strong> et interface m\u00e9moire <strong>512 bits<\/strong><\/li>\n<li>Syst\u00e8me de refroidissement<strong> \u00e0 3 ventilateurs Torx 5.0<\/strong><\/li>\n<li>Technologie Zero Frozr qui coupe les ventilateurs lorsque la temp\u00e9rature GPU est suffisamment basse<\/li>\n<li>Backplate en m\u00e9tal robuste qui renforce la carte graphique.<\/li>\n<li>Logiciel MSI Center<\/li>\n<\/ul>\n<\/div>\n<\/section>\n<section>\n<div class=\"desc-text\">\n<h2>Architecture NVIDIA Blackwell<\/h2>\n<p>Aliment\u00e9s par l<strong>&#8216;architecture NVIDIA Blackwell<\/strong>, les <strong>GPU GeForce RTX&nbsp;s\u00e9rie 50<\/strong> fournissent des capacit\u00e9s r\u00e9volutionnaires aux joueurs et aux cr\u00e9ateurs. La puissance d&#8217;IA ph\u00e9nom\u00e9nale des mod\u00e8les de la<strong> s\u00e9rie RTX 50<\/strong> vous aident \u00e0 vivre des exp\u00e9riences in\u00e9dites avec une fid\u00e9lit\u00e9 graphique incomparable. Acc\u00e9l\u00e9rez les performances visuelles avec le <strong>NVIDIA DLSS 4<\/strong>, g\u00e9n\u00e9rez des images \u00e0 une vitesse sans pr\u00e9c\u00e9dent et exprimez toute votre cr\u00e9ativit\u00e9 avec <strong>NVIDIA Studio<\/strong>.<\/p>\n<\/div>\n<div class=\"desc-image\"><span><img decoding=\"async\" alt=\"\" loading=\"lazy\" src=\"https:\/\/electrovideo.eu\/wp-content\/uploads\/2025\/09\/nvidia_rtx_50_games_0002.jpg\"><\/span><\/div>\n<\/section>\n<section>\n<div class=\"desc-image\"><span><img decoding=\"async\" alt=\"\" loading=\"lazy\" src=\"https:\/\/electrovideo.eu\/wp-content\/uploads\/2025\/09\/nvidia_rtx_50_games_0001.jpg\"><\/span><\/div>\n<div class=\"desc-text\">\n<h2>jeux \u00e9poustouflants et puissance de l&#8217;IA<\/h2>\n<ul>\n<li>Graphismes et performances optimis\u00e9s par l\u2019IA :&nbsp;NVIDIA DLSS 4 avec g\u00e9n\u00e9ration multi-images&nbsp;&nbsp;<\/li>\n<li>R\u00e9activit\u00e9 d\u00e9cisive :&nbsp;NVIDIA Reflex 2 avec Frame Warp<\/li>\n<li>Rendu graphique r\u00e9aliste :&nbsp;Ray tracing int\u00e9gral avec rendu neuronal<\/li>\n<li>Acc\u00e9l\u00e9rez votre cr\u00e9ativit\u00e9 :&nbsp;Outils et technologie de cr\u00e9ation NVIDIA Studio<\/li>\n<li>Optimisez n\u2019importe quelle vid\u00e9o avec l\u2019IA NVIDIA Broadcast et Encodeur NVIDIA de 9e g\u00e9n\u00e9ration<\/li>\n<li>Performances et fiabilit\u00e9 :&nbsp;NVIDIA App avec pilotes Game Ready et Studio<\/li>\n<li>Technologies d&#8217;affichage ultimes pour le gaming :&nbsp;NVIDIA G-SYNC<\/li>\n<\/ul>\n<\/div>\n<\/section>\n<section>\n<div class=\"desc-text\">\n<h2>NVIDIA DLSS&nbsp;4<\/h2>\n<p>Le DLSS est une suite r\u00e9volutionnaire de technologies de rendu neuronal qui exploite l\u2019IA pour acc\u00e9l\u00e9rer la fr\u00e9quence d&#8217;images, r\u00e9duire la latence et am\u00e9liorer la qualit\u00e9 visuelle. \u200cLe <strong>DLSS 4<\/strong>, qui constitue une avanc\u00e9e d\u00e9cisive, met \u00e0 profit la puissance ph\u00e9nom\u00e9nale des GPU GeForce RTX&nbsp;s\u00e9rie 50 et des <strong>c\u0153urs Tensor de 5e g\u00e9n\u00e9ration<\/strong> pour fournir une nouvelle fonctionnalit\u00e9 de g\u00e9n\u00e9ration multi-images, une reconstruction de rayons (Ray Reconstruction) et <strong>Super R\u00e9solution<\/strong> de qualit\u00e9 encore plus \u00e9lev\u00e9e. L&#8217;alliance du <strong>DLSS <\/strong>et de <strong>GeForce RTX<\/strong> vous offre la meilleure fa\u00e7on de jouer en vous donnant acc\u00e8s \u00e0 un v\u00e9ritable supercalculateur d&#8217;IA de NVIDIA dans le Cloud, qui am\u00e9liore constamment les capacit\u00e9s de votre PC en mati\u00e8re de gaming.&nbsp;<\/p>\n<\/div>\n<div class=\"desc-image\"><span><img decoding=\"async\" alt=\"\" loading=\"lazy\" src=\"https:\/\/electrovideo.eu\/wp-content\/uploads\/2025\/09\/nvidia_rtx_50_games_0003.jpg\"><\/span><\/div>\n<\/section>\n<section>\n<div class=\"desc-image\"><span><img decoding=\"async\" alt=\"\" loading=\"lazy\" src=\"https:\/\/electrovideo.eu\/wp-content\/uploads\/2025\/09\/nvidia_rtx_50_games_0005.jpg\"><\/span><\/div>\n<div class=\"desc-text\">\n<h2 style=\"text-align: left;\">NVIDIA Reflex 2<\/h2>\n<p>\nLes <strong>technologies Reflex<\/strong> optimisent le pipeline graphique pour une <strong>r\u00e9activit\u00e9 ultime<\/strong>, offrant une acquisition de cibles plus rapide, des temps de r\u00e9action plus rapides et une pr\u00e9cision de vis\u00e9e am\u00e9lior\u00e9e dans les jeux comp\u00e9titifs. <strong>Reflex 2<\/strong> introduit le <em>Frame Warp<\/em>, qui r\u00e9duit encore davantage la latence en fonction du dernier clic de souris.<\/p>\n<p>&nbsp;<\/p>\n<\/div>\n<\/section>\n<section>\n<div class=\"desc-text\">\n<h2>NVIDIA Studio<\/h2>\n<p><strong>NVIDIA Studio<\/strong> vous donne l\u2019avantage sur le plan cr\u00e9atif. Les GPU GeForce RTX s\u00e9rie 50 fournissent des performances transformatrices pour le<strong> rendu 3D<\/strong>, le <strong>montage vid\u00e9o<\/strong> et la <strong>conception graphique<\/strong>. Tirez parti des capacit\u00e9s d\u2019acc\u00e9l\u00e9ration et des nombreuses fonctionnalit\u00e9s de la plateforme RTX dans les principales applications de cr\u00e9ation du march\u00e9, des pilotes de pointe NVIDIA Studio constamment actualis\u00e9s pour vous garantir un maximum de stabilit\u00e9, mais aussi d\u2019une suite d\u2019outils exclusifs exploitant la puissance de RTX pour enrichir les workflows de cr\u00e9ation num\u00e9rique assist\u00e9s par l\u2019IA.<\/p>\n<\/div>\n<div class=\"desc-image\"><span><img decoding=\"async\" alt=\"\" loading=\"lazy\" src=\"https:\/\/electrovideo.eu\/wp-content\/uploads\/2025\/09\/nvidia_rtx_50_ia_0004.jpg\"><\/span><\/div>\n<\/section>\n<\/div><\/div>\n","protected":false},"excerpt":{"rendered":"<p>32 Go GDDR7 &#8211; HDMI\/Tri DisplayPort &#8211; DLSS 4 &#8211; PCI Express (NVIDIA GeForce RTX 5090)<\/p>\n","protected":false},"featured_media":208915,"comment_status":"open","ping_status":"closed","template":"","meta":{"_monsterinsights_skip_tracking":false,"_monsterinsights_sitenote_active":false,"_monsterinsights_sitenote_note":"","_monsterinsights_sitenote_category":0},"etheme_brands":[{"term_id":51,"name":"MSI","slug":"msi","term_group":0,"term_taxonomy_id":51,"taxonomy":"brand","description":"","parent":0,"count":137,"filter":"raw"}],"product_brand":[],"product_cat":[21],"product_tag":[],"class_list":{"0":"post-208912","1":"product","2":"type-product","3":"status-publish","4":"has-post-thumbnail","6":"brand-msi","7":"product_cat-graphic-card","8":"pa_memory-type-gddr7","10":"first","11":"instock","12":"sale","13":"taxable","14":"shipping-taxable","15":"purchasable","16":"product-type-simple"},"_links":{"self":[{"href":"https:\/\/electrovideo.eu\/en\/wp-json\/wp\/v2\/product\/208912","targetHints":{"allow":["GET"]}}],"collection":[{"href":"https:\/\/electrovideo.eu\/en\/wp-json\/wp\/v2\/product"}],"about":[{"href":"https:\/\/electrovideo.eu\/en\/wp-json\/wp\/v2\/types\/product"}],"replies":[{"embeddable":true,"href":"https:\/\/electrovideo.eu\/en\/wp-json\/wp\/v2\/comments?post=208912"}],"version-history":[{"count":0,"href":"https:\/\/electrovideo.eu\/en\/wp-json\/wp\/v2\/product\/208912\/revisions"}],"wp:featuredmedia":[{"embeddable":true,"href":"https:\/\/electrovideo.eu\/en\/wp-json\/wp\/v2\/media\/208915"}],"wp:attachment":[{"href":"https:\/\/electrovideo.eu\/en\/wp-json\/wp\/v2\/media?parent=208912"}],"wp:term":[{"taxonomy":"brand","embeddable":true,"href":"https:\/\/electrovideo.eu\/en\/wp-json\/wp\/v2\/etheme_brands?post=208912"},{"taxonomy":"product_brand","embeddable":true,"href":"https:\/\/electrovideo.eu\/en\/wp-json\/wp\/v2\/product_brand?post=208912"},{"taxonomy":"product_cat","embeddable":true,"href":"https:\/\/electrovideo.eu\/en\/wp-json\/wp\/v2\/product_cat?post=208912"},{"taxonomy":"product_tag","embeddable":true,"href":"https:\/\/electrovideo.eu\/en\/wp-json\/wp\/v2\/product_tag?post=208912"}],"curies":[{"name":"wp","href":"https:\/\/api.w.org\/{rel}","templated":true}]}}