{"id":208893,"date":"2025-09-17T19:55:18","date_gmt":"2025-09-17T17:55:18","guid":{"rendered":"https:\/\/electrovideo.eu\/produit\/asus-rog-strix-z890-e-gaming-wifi\/"},"modified":"2025-09-17T19:55:18","modified_gmt":"2025-09-17T17:55:18","slug":"asus-rog-strix-z890-e-gaming-wifi","status":"publish","type":"product","link":"https:\/\/electrovideo.eu\/en\/product\/asus-rog-strix-z890-e-gaming-wifi\/","title":{"rendered":"ASUS ROG STRIX Z890-E GAMING WIFI"},"content":{"rendered":"<div id=\"description\" class=\"description\">\n<div class=\"details-pdt-desc\">\n<h2 class=\"h2-master\">Lib\u00e9rez tout le potentiel IA de votre processeur Intel Core Ultra<\/h2>\n<section>\n<p>La <strong>carte m\u00e8re ASUS ROG STRIX Z890-E GAMING WIFI<\/strong> munie du socket <strong>Intel LGA 1851<\/strong> et anim\u00e9e par le <strong>Chipset Intel Z890<\/strong> permet d&#8217;accueillir les processeurs <strong>Intel Core Ultra Arrow Lake-S<\/strong>. Dot\u00e9e de fonctionnalit\u00e9s mat\u00e9rielles et logicielles exclusives ASUS ROG STRIX, la ROG STRIX Z890-E GAMING WIFI d&#8217;ASUS est en mesure de tirer le meilleur de vos composants. Elle prend en charge de la <strong>DDR5<\/strong>, les cartes graphiques gaming avec son emplacement PCI-Express 5.0 16x et <strong>3 slots M.2 PCIe 5.0 4x<\/strong> pour des temps de chargement r\u00e9duits. C\u00f4t\u00e9 r\u00e9seau, un <strong>connecteur r\u00e9seau 5 GbE<\/strong> vient compl\u00e9ter le <strong>Wi-Fi 7<\/strong> et Bluetooth 5.4.<\/p>\n<\/section>\n<section>\n<div class=\"desc-image\"><span><img decoding=\"async\" alt=\"\" loading=\"lazy\" src=\"https:\/\/electrovideo.eu\/wp-content\/uploads\/2025\/09\/asus_rog_strix_z890e_gaming_wifi.jpg\"><\/span><\/div>\n<div class=\"desc-text\">\n<h2>ASUS ROG STRIX Z890-E GAMING WIFI<\/h2>\n<ul>\n<li>Support des processeurs Intel Core Ultra Arrow Lake-S sur socket LGA 1851<\/li>\n<li>Support de la m\u00e9moire DDR5 8800 MHz (OC)<\/li>\n<li>3 slots M.2 PCIe 5.0 4x + 4x M.2 PCIe 4.0 4x<\/li>\n<li>Port PCI-Express 5.0 16x<\/li>\n<li>2 ports Thunderbolt 4 (USB-C) 40 Gbps compatible Display Port<\/li>\n<li>LAN 5 GbE<\/li>\n<li>Wi-Fi 7 \/ Bluetooth 5.4<\/li>\n<\/ul>\n<\/div>\n<\/section>\n<section>\n<div class=\"desc-text\">\n<ul>\n<li><strong>Compatible avec l&#8217;IA sur PC avanc\u00e9e<\/strong> : Con\u00e7ue pour l&#8217;avenir de l&#8217;informatique de l&#8217;IA, avec la puissance et la connectivit\u00e9 n\u00e9cessaires aux applications exigeantes de l&#8217;IA<\/li>\n<li><strong>Contr\u00f4le intelligent <\/strong>: Logiciels ASUS exclusifs, Overclocking, AI Cooling II et AI Networking II pour simplifier l\u2019installation et am\u00e9liorer les performances<\/li>\n<li><strong>Design thermique optimis\u00e9<\/strong> : Dissipateurs thermiques massifs avec cache E\/S int\u00e9gr\u00e9, pads thermiques \u00e0 haute conductivit\u00e9.<\/li>\n<li><strong>Support M.2 derni\u00e8re g\u00e9n\u00e9ration<\/strong> : Trois slots PCIe&nbsp;5.0 M.2 embarqu\u00e9s et quatre slots PCIe 4.0 M.2, tous dot\u00e9s de solutions de refroidissement.<\/li>\n<li><strong>Connectivit\u00e9 \u00e9tendue<\/strong> : Deux ports Thunderbolt 4 (USB-C), port E\/S arri\u00e8re USB 10 Gbit\/s Type-C&nbsp;avec PD 3.0 jusqu&#8217;\u00e0 30W et&nbsp; PCIe&nbsp;5.0 x16 SafeSlot avec support complet des cartes graphiques de nouvelle g\u00e9n\u00e9ration.<\/li>\n<li><strong>R\u00e9seau haute performance<\/strong> : WiFi 7 (802.11be) embarqu\u00e9 avec Realtek 5 Gbps Ethernet<\/li>\n<li><strong>Audio immersif <\/strong>: Codec ROG SupremeFX ALC4080 avec amplificateur Savitech SV3H712 et Dolby Atmos<\/li>\n<li><strong>Personnalisation incomparable<\/strong> : \u00c9clairage exclusif ASUS Aura Sync, avec trois connecteurs adressables<\/li>\n<\/ul>\n<\/div>\n<div class=\"desc-image\"><span><img decoding=\"async\" alt=\"\" loading=\"lazy\" src=\"https:\/\/electrovideo.eu\/wp-content\/uploads\/2025\/09\/asus_rog_strix_gaming_0001.jpg\"><\/span><\/div>\n<\/section>\n<section>\n<div class=\"desc-image\"><span><img decoding=\"async\" alt=\"\" loading=\"lazy\" src=\"https:\/\/electrovideo.eu\/wp-content\/uploads\/2025\/09\/intel_arrow-lake_3.jpg\"><\/span><\/div>\n<div class=\"desc-text\">\n<h2>Processeurs Intel Core Ultra Arrow-Lake-S<\/h2>\n<p>Soyez pr\u00eats \u00e0 entrer dans la nouvelle \u00e8re du gaming, choisissez un PC avec IA \u00e9quip\u00e9 d&#8217;un processeur Intel&nbsp;Core&nbsp;Ultra.&nbsp;Profitez de performances au top pour le streaming et le gaming. Confiez les t\u00e2ches impliquant l&#8217;IA comme la suppression de l&#8217;arri\u00e8re-plan, l&#8217;optimisation audio et le cadrage automatique \u00e0 l&#8217;unit\u00e9 de traitement neuronal (NPU) et \u00e0 vous les conditions de streaming et de jeux id\u00e9ales.<br \/>\n&nbsp;<\/div>\n<\/section>\n<\/div><\/div>\n","protected":false},"excerpt":{"rendered":"<p>Carte m\u00e8re ATX Socket 1851 Intel Z890 Express &#8211; 4x DDR5 &#8211; M.2 PCIe 5.0 &#8211; Thunderbolt 4 &#8211; PCI-Express 5.0 16x &#8211; LAN 5 GbE &#8211; Wi-Fi 7\/Bluetooth 5.4<\/p>\n","protected":false},"featured_media":208895,"comment_status":"open","ping_status":"closed","template":"","meta":{"_monsterinsights_skip_tracking":false,"_monsterinsights_sitenote_active":false,"_monsterinsights_sitenote_note":"","_monsterinsights_sitenote_category":0},"etheme_brands":[{"term_id":53,"name":"ASUS","slug":"asus","term_group":0,"term_taxonomy_id":53,"taxonomy":"brand","description":"","parent":0,"count":248,"filter":"raw"}],"product_brand":[],"product_cat":[24],"product_tag":[],"class_list":{"0":"post-208893","1":"product","2":"type-product","3":"status-publish","4":"has-post-thumbnail","6":"brand-asus","7":"product_cat-motherboard","9":"first","10":"instock","11":"taxable","12":"shipping-taxable","13":"purchasable","14":"product-type-simple"},"_links":{"self":[{"href":"https:\/\/electrovideo.eu\/en\/wp-json\/wp\/v2\/product\/208893","targetHints":{"allow":["GET"]}}],"collection":[{"href":"https:\/\/electrovideo.eu\/en\/wp-json\/wp\/v2\/product"}],"about":[{"href":"https:\/\/electrovideo.eu\/en\/wp-json\/wp\/v2\/types\/product"}],"replies":[{"embeddable":true,"href":"https:\/\/electrovideo.eu\/en\/wp-json\/wp\/v2\/comments?post=208893"}],"version-history":[{"count":0,"href":"https:\/\/electrovideo.eu\/en\/wp-json\/wp\/v2\/product\/208893\/revisions"}],"wp:featuredmedia":[{"embeddable":true,"href":"https:\/\/electrovideo.eu\/en\/wp-json\/wp\/v2\/media\/208895"}],"wp:attachment":[{"href":"https:\/\/electrovideo.eu\/en\/wp-json\/wp\/v2\/media?parent=208893"}],"wp:term":[{"taxonomy":"brand","embeddable":true,"href":"https:\/\/electrovideo.eu\/en\/wp-json\/wp\/v2\/etheme_brands?post=208893"},{"taxonomy":"product_brand","embeddable":true,"href":"https:\/\/electrovideo.eu\/en\/wp-json\/wp\/v2\/product_brand?post=208893"},{"taxonomy":"product_cat","embeddable":true,"href":"https:\/\/electrovideo.eu\/en\/wp-json\/wp\/v2\/product_cat?post=208893"},{"taxonomy":"product_tag","embeddable":true,"href":"https:\/\/electrovideo.eu\/en\/wp-json\/wp\/v2\/product_tag?post=208893"}],"curies":[{"name":"wp","href":"https:\/\/api.w.org\/{rel}","templated":true}]}}