{"id":208890,"date":"2025-09-17T19:55:18","date_gmt":"2025-09-17T17:55:18","guid":{"rendered":"https:\/\/electrovideo.eu\/produit\/asus-rog-strix-x870-i-gaming-wifi\/"},"modified":"2025-09-17T19:55:18","modified_gmt":"2025-09-17T17:55:18","slug":"asus-rog-strix-x870-i-gaming-wifi","status":"publish","type":"product","link":"https:\/\/electrovideo.eu\/en\/product\/asus-rog-strix-x870-i-gaming-wifi\/","title":{"rendered":"ASUS ROG STRIX X870-I GAMING WIFI"},"content":{"rendered":"<div id=\"description\" class=\"description\">\n<div class=\"details-pdt-desc\">\n<h2 class=\"h2-master\">ASUS ROG STRIX X870-I GAMING WIFI<\/h2>\n<section>\n<p>Lib\u00e9rez le potentiel de votre <strong>processeur AMD Ryzen 9000<\/strong> avec la <strong>carte m\u00e8re ASUS ROG STRIX X870-I GAMING WIFI<\/strong>. Sp\u00e9cialement con\u00e7ue pour accueillir les processeurs<strong> AMD Ryzen s\u00e9ries 9000\/8000\/7000<\/strong>, cette carte m\u00e8re haut de gamme offre des performances de premier plan, une efficacit\u00e9 remarquable et des options de param\u00e9trage avanc\u00e9es. La <strong>carte m\u00e8re ROG Strix X870-I Gaming WiFi <\/strong>est un choix id\u00e9al pour les joueurs et cr\u00e9ateurs \u00e0 la recherche de performances de pointe et de fonctionnalit\u00e9s avanc\u00e9es. Con\u00e7ue pour les processeurs<strong> AMD Ryzen 7000<\/strong>, <strong>8000 <\/strong>et <strong>9000<\/strong>, elle supporte la <strong>m\u00e9moire DDR5<\/strong> et int\u00e8gre des technologies modernes comme le<strong> PCIe 5.0<\/strong>, permettant d&#8217;exploiter pleinement les cartes graphiques et SSD de derni\u00e8re g\u00e9n\u00e9ration.<\/p>\n<\/section>\n<section>\n<div class=\"desc-image\"><span><img decoding=\"async\" alt=\"\" loading=\"lazy\" src=\"https:\/\/electrovideo.eu\/wp-content\/uploads\/2025\/09\/asus_rog_strix_x870i_gaming_wifi.jpg\"><\/span><\/div>\n<div class=\"desc-text\">\n<h2>Les plus de l&#8217;ASUS ROG STRIX X870-I GAMING WIFI :<\/h2>\n<ul>\n<li><strong>Socket AMD AM5<\/strong> pour processeur <strong>AMD Ryzen 9000\/8000\/7000<\/strong><\/li>\n<li><strong>2 Slots m\u00e9moire DDR5 8600 MHz (O.C.) <\/strong>Dual-Channel<\/li>\n<li><strong>Port PCI-Express 5.0 16x*<\/strong><\/li>\n<li><strong>1 x M.2 PCIe 5.0 x4*<\/strong>&nbsp;+ 1 x M.2 PCIe 4.0 x4<\/li>\n<li>Audio 7.1 Surround Realtek<\/li>\n<li><strong>2 ports USB4 40 Gbps<\/strong> (Type-C) compatible DP-ALT Mode<\/li>\n<li><strong>R\u00e9seau LAN Intel 2.5 GbE +&nbsp;Wi-Fi 7 et Bluetooth 5.4<\/strong><\/li>\n<\/ul>\n<p>\n<strong>*<\/strong><em>uniquement avec les CPU AMD Ryzen 9000\/7000, fonctionne en PCIe 4.0 avec les CPU AMD Ryzen 8000<\/em><\/div>\n<\/section>\n<section>\n<div class=\"desc-text\">\n<h2>Performances Gaming<\/h2>\n<p>La carte m\u00e8re <strong>ASUS ROG STRIX X870-I GAMING WIFI <\/strong>est con\u00e7ue pour maximiser les performances des processeurs AMD Ryzen s\u00e9rie 9000. Elle se distingue par une alimentation robuste (10+2+1 \u00e9tages de puissance), des solutions de refroidissement avanc\u00e9es, et des options de connectivit\u00e9 modernes, telles que PCIe 5.0, Ethernet 2.5 GbE et USB Type-C 40 Gbps. Deux emplacements M.2 permettent des vitesses de stockage ultra-rapides. Id\u00e9ale pour les amateurs de personnalisation avec Aura Sync RGB et des fonctions pratiques comme PCIe Q-release.<\/p>\n<ul>\n<li><strong>Wi-Fi 7<\/strong> : Connexion ultra-rapide, id\u00e9ale pour les jeux en ligne et les t\u00e9l\u00e9chargements volumineux.<\/li>\n<li><strong>Support complet de PCIe 5.0<\/strong> : Optimis\u00e9e pour les p\u00e9riph\u00e9riques et cartes graphiques de derni\u00e8re g\u00e9n\u00e9ration.<\/li>\n<li><strong>Conception facilit\u00e9e<\/strong> : Divers outils comme le PCIe Q-Release et le M.2 Q-Latch rendent l\u2019installation des composants plus rapide et pratique.<\/li>\n<li><strong>Audio immersif <\/strong>: Solution audio externe ROG Strix Hive II avec DAC ESS SABRE 9260Q et Dolby Atmos<\/li>\n<li><strong>Refroidissement efficace<\/strong> : Dissipateurs thermiques massifs avec cache E\/S int\u00e9gr\u00e9 et pads thermiques \u00e0 haute conductivit\u00e9 connect\u00e9s avec une plaque arri\u00e8re en forme de L.<\/li>\n<\/ul>\n<\/div>\n<div class=\"desc-image\"><span><img decoding=\"async\" alt=\"\" loading=\"lazy\" src=\"https:\/\/electrovideo.eu\/wp-content\/uploads\/2025\/09\/asus_rog_strix_gaming_0001.jpg\"><\/span><\/div>\n<\/section>\n<section>\n<div class=\"desc-image\"><span><img decoding=\"async\" alt=\"\" loading=\"lazy\" src=\"https:\/\/electrovideo.eu\/wp-content\/uploads\/2025\/09\/amd_ryzen_7000_001.jpg\"><\/span><\/div>\n<div class=\"desc-text\">\n<h2>Jouer dans les meilleures conditions<\/h2>\n<p>Les fr\u00e9quences \u00e9lev\u00e9es des processeurs <strong>AMD Ryzen <\/strong>sont un v\u00e9ritable avantage dans les jeux. Choisissez les bons composants et concevez un PC Gaming surpuissant, sans latences et pr\u00eat \u00e0 servir quand il faut. Prenez l&#8217;avantage sur vos adversaires et atteignez des sommets gr\u00e2ce aux processeurs<strong> AMD Ryzen 9000\/8000\/7000<\/strong> et aux cartes m\u00e8res <strong>AMD AM5<\/strong>.<\/p>\n<p>Les processeurs <strong>AMD Ryzen 9000<\/strong> sont performants dans tous les domaines. Ils vont permettront de cr\u00e9er plus vite, d&#8217;atteindre vos objectifs plus rapidement et de gagner du temps en permanence. Qu\u2019il s\u2019agisse de rendu 3D ou d\u2019exportation de fichiers vid\u00e9o volumineux, concevez, livrez et faites le job avec la vitesse et le stockage PCIe 5.0, de nombreux threads de traitement et des acc\u00e9l\u00e9rateurs vid\u00e9o d\u00e9di\u00e9s. &nbsp;<\/p>\n<\/div>\n<\/section>\n<\/div><\/div>\n","protected":false},"excerpt":{"rendered":"<p>Carte m\u00e8re mini ITX Socket AM5 AMD X870 &#8211; 2x DDR5 &#8211; M.2 PCIe 5.0 &#8211; USB4 &#8211; PCI-Express 5.0 16x &#8211; LAN 2.5 GbE + Wi-Fi 7\/Bluetooth 5.4<\/p>\n","protected":false},"featured_media":205479,"comment_status":"open","ping_status":"closed","template":"","meta":{"_monsterinsights_skip_tracking":false,"_monsterinsights_sitenote_active":false,"_monsterinsights_sitenote_note":"","_monsterinsights_sitenote_category":0},"etheme_brands":[{"term_id":53,"name":"ASUS","slug":"asus","term_group":0,"term_taxonomy_id":53,"taxonomy":"brand","description":"","parent":0,"count":248,"filter":"raw"}],"product_brand":[],"product_cat":[24],"product_tag":[],"class_list":{"0":"post-208890","1":"product","2":"type-product","3":"status-publish","4":"has-post-thumbnail","6":"brand-asus","7":"product_cat-motherboard","9":"first","10":"instock","11":"taxable","12":"shipping-taxable","13":"purchasable","14":"product-type-simple"},"_links":{"self":[{"href":"https:\/\/electrovideo.eu\/en\/wp-json\/wp\/v2\/product\/208890","targetHints":{"allow":["GET"]}}],"collection":[{"href":"https:\/\/electrovideo.eu\/en\/wp-json\/wp\/v2\/product"}],"about":[{"href":"https:\/\/electrovideo.eu\/en\/wp-json\/wp\/v2\/types\/product"}],"replies":[{"embeddable":true,"href":"https:\/\/electrovideo.eu\/en\/wp-json\/wp\/v2\/comments?post=208890"}],"version-history":[{"count":0,"href":"https:\/\/electrovideo.eu\/en\/wp-json\/wp\/v2\/product\/208890\/revisions"}],"wp:featuredmedia":[{"embeddable":true,"href":"https:\/\/electrovideo.eu\/en\/wp-json\/wp\/v2\/media\/205479"}],"wp:attachment":[{"href":"https:\/\/electrovideo.eu\/en\/wp-json\/wp\/v2\/media?parent=208890"}],"wp:term":[{"taxonomy":"brand","embeddable":true,"href":"https:\/\/electrovideo.eu\/en\/wp-json\/wp\/v2\/etheme_brands?post=208890"},{"taxonomy":"product_brand","embeddable":true,"href":"https:\/\/electrovideo.eu\/en\/wp-json\/wp\/v2\/product_brand?post=208890"},{"taxonomy":"product_cat","embeddable":true,"href":"https:\/\/electrovideo.eu\/en\/wp-json\/wp\/v2\/product_cat?post=208890"},{"taxonomy":"product_tag","embeddable":true,"href":"https:\/\/electrovideo.eu\/en\/wp-json\/wp\/v2\/product_tag?post=208890"}],"curies":[{"name":"wp","href":"https:\/\/api.w.org\/{rel}","templated":true}]}}