{"id":208872,"date":"2025-09-17T19:55:18","date_gmt":"2025-09-17T17:55:18","guid":{"rendered":"https:\/\/electrovideo.eu\/produit\/asus-rog-crosshair-x870e-apex\/"},"modified":"2025-09-17T19:55:18","modified_gmt":"2025-09-17T17:55:18","slug":"asus-rog-crosshair-x870e-apex","status":"publish","type":"product","link":"https:\/\/electrovideo.eu\/en\/product\/asus-rog-crosshair-x870e-apex\/","title":{"rendered":"ASUS ROG CROSSHAIR X870E APEX"},"content":{"rendered":"<div id=\"description\" class=\"description\">\n<div class=\"details-pdt-desc\">\n<h2 class=\"h2-master\">ASUS ROG CROSSHAIR X870E APEX<\/h2>\n<section>\n<p>Lib\u00e9rez le potentiel de votre <strong>processeur AMD Ryzen 9000<\/strong> avec la <strong>carte m\u00e8re ASUS ROG CROSSHAIR X870E APEX<\/strong>. Sp\u00e9cialement con\u00e7ue pour accueillir les processeurs<strong> AMD Ryzen s\u00e9ries 9000\/8000\/7000<\/strong>, cette carte m\u00e8re haut de gamme offre des performances de premier plan, une efficacit\u00e9 remarquable et des options de param\u00e9trage avanc\u00e9es. La <strong>carte m\u00e8re ROG CROSSHAIR X870E APEX <\/strong>est un choix id\u00e9al pour les joueurs et cr\u00e9ateurs \u00e0 la recherche de performances de pointe et de fonctionnalit\u00e9s avanc\u00e9es. Con\u00e7ue pour les processeurs<strong> AMD Ryzen 7000<\/strong>, <strong>8000 <\/strong>et <strong>9000<\/strong>, elle supporte la <strong>m\u00e9moire DDR5<\/strong> et int\u00e8gre des technologies modernes comme le<strong> PCIe 5.0<\/strong>, permettant d&#8217;exploiter pleinement les cartes graphiques et SSD de derni\u00e8re g\u00e9n\u00e9ration.<\/p>\n<\/section>\n<section>\n<div class=\"desc-image\"><span><img decoding=\"async\" alt=\"\" loading=\"lazy\" src=\"https:\/\/electrovideo.eu\/wp-content\/uploads\/2025\/09\/asus_rog_crosshair_x870e_apex.jpg\"><\/span><\/div>\n<div class=\"desc-text\">\n<h2>Les plus de l&#8217;ASUS&nbsp;ROG CROSSHAIR X870E APEX<\/h2>\n<ul>\n<li><strong>Socket AMD AM5<\/strong> pour processeur <strong>AMD Ryzen 9000\/8000\/7000<\/strong><\/li>\n<li><strong>4 Slots m\u00e9moire DDR5 9600 MHz (O.C.) <\/strong>Dual-Channel<\/li>\n<li><strong>2 x Port PCI-Express 5.0 16x (16x\/8x)<\/strong><\/li>\n<li><strong>3 x M.2 PCIe 5.0 x4<\/strong>&nbsp;+ 2 x M.2 PCIe 4.0 x4<\/li>\n<li>Audio ROG SupremeFX 7.1 Surround Codec ALC4080<\/li>\n<li><strong>2 ports USB4 40 Gbps<\/strong> (Type-C) compatible DP-ALT Mode<\/li>\n<li><strong>R\u00e9seau&nbsp;Intel 5 GbE&nbsp;LAN +&nbsp;Wi-Fi 7 et Bluetooth 5.4<\/strong><\/li>\n<\/ul>\n<p>\n&nbsp;<\/div>\n<\/section>\n<section>\n<div class=\"desc-text\">\n<ul>\n<li><strong>Compatible avec l&#8217;IA sur PC avanc\u00e9e<\/strong> : Con\u00e7ue pour l&#8217;avenir de l&#8217;informatique de l&#8217;IA, avec la puissance et la connectivit\u00e9 n\u00e9cessaires aux applications exigeantes de l&#8217;IA<\/li>\n<li><strong>Technologies d&#8217;overclocking ROG Strix<\/strong> : Dynamic OC Switcher, Core Flex, Asynchronous Clock et am\u00e9liorations PBO Enhancement<\/li>\n<li><strong>Solution d\u2019alimentation robuste<\/strong> : 18+2+2 phases d\u2019alimentation \u00e9valu\u00e9es \u00e0 110A par phase avec deux connecteurs d&#8217;alimentation ProCool II, des bobines en alliage de haute qualit\u00e9 et des condensateurs durables pour prendre en charge les processeurs multi-c\u0153urs<\/li>\n<li><strong>Kit de ventilateur pour m\u00e9moire ROG<\/strong>&nbsp;:\u202fLa solution de refroidissement permet d&#8217;obtenir un overclocking de la m\u00e9moire jusqu&#8217;\u00e0 9600+ MT\/s<\/li>\n<li><strong>Support M.2 derni\u00e8re g\u00e9n\u00e9ration<\/strong> : Trois slots M.2 PCIe&nbsp;5.0 embarqu\u00e9s et deux slots PCIe 4.0 M.2 sur une carte ROG DIMM.2., tous dot\u00e9s de solutions de refroidissement efficaces.<\/li>\n<li><strong>Connectivit\u00e9 \u00e9tendue<\/strong> : Deux ports USB4&nbsp;Type-C 40 Gbps et USB-C 3.2 compatible Quick Charge 4+ (Capacit\u00e9 de charge de 60 Watts en branchant le connecteur PCIe 8 broches sur la carte m\u00e8re)<\/li>\n<li><strong>Design intuitif <\/strong>: Slot PCIe Q-Release Slim, M.2 Q-Latch, M.2 Q-Release, M.2 Q-Slide, Q-Antenna, Q-Dashboard, Q-Code, Q-LED, Bouton Start, bouton BIOS FlashBack, bouton Clear CMOS.<\/li>\n<li><strong>Personnalisation incomparable<\/strong> : \u00c9clairage exclusif ASUS Aura Sync, avec trois connecteurs adressables<\/li>\n<li><strong>Logiciel de renom <\/strong>: ASUS DriverHub, ASUS GlideX, HWiNFO, et tableau de bord intuitif du BIOS UEFI<\/li>\n<\/ul>\n<\/div>\n<div class=\"desc-image\"><span><img decoding=\"async\" alt=\"\" loading=\"lazy\" src=\"https:\/\/electrovideo.eu\/wp-content\/uploads\/2025\/09\/asus_rog_strix_gaming_0001.jpg\"><\/span><\/div>\n<\/section>\n<section>\n<div class=\"desc-image\"><span><img decoding=\"async\" alt=\"\" loading=\"lazy\" src=\"https:\/\/electrovideo.eu\/wp-content\/uploads\/2025\/09\/amd_ryzen_7000_001.jpg\"><\/span><\/div>\n<div class=\"desc-text\">\n<h2>Jouer dans les meilleures conditions<\/h2>\n<p>Les fr\u00e9quences \u00e9lev\u00e9es des processeurs <strong>AMD Ryzen <\/strong>sont un v\u00e9ritable avantage dans les jeux. Choisissez les bons composants et concevez un PC Gaming surpuissant, sans latences et pr\u00eat \u00e0 servir quand il faut. Prenez l&#8217;avantage sur vos adversaires et atteignez des sommets gr\u00e2ce aux processeurs<strong> AMD Ryzen 9000\/8000\/7000<\/strong> et aux cartes m\u00e8res <strong>AMD AM5<\/strong>.<\/p>\n<p>Les processeurs <strong>AMD Ryzen 9000<\/strong> sont performants dans tous les domaines. Ils vont permettront de cr\u00e9er plus vite, d&#8217;atteindre vos objectifs plus rapidement et de gagner du temps en permanence. Qu\u2019il s\u2019agisse de rendu 3D ou d\u2019exportation de fichiers vid\u00e9o volumineux, concevez, livrez et faites le job avec la vitesse et le stockage PCIe 5.0, de nombreux threads de traitement et des acc\u00e9l\u00e9rateurs vid\u00e9o d\u00e9di\u00e9s. &nbsp;<\/p>\n<\/div>\n<\/section>\n<\/div><\/div>\n","protected":false},"excerpt":{"rendered":"<p>Carte m\u00e8re ATX Socket AM5 AMD X870E &#8211; 4x DDR5 &#8211; M.2 PCIe 5.0 &#8211; USB4 &#8211; PCI-Express 5.0 16x &#8211; LAN 5 GbE + Wi-Fi 7\/Bluetooth 5.4<\/p>\n","protected":false},"featured_media":208876,"comment_status":"open","ping_status":"closed","template":"","meta":{"_monsterinsights_skip_tracking":false,"_monsterinsights_sitenote_active":false,"_monsterinsights_sitenote_note":"","_monsterinsights_sitenote_category":0},"etheme_brands":[{"term_id":53,"name":"ASUS","slug":"asus","term_group":0,"term_taxonomy_id":53,"taxonomy":"brand","description":"","parent":0,"count":248,"filter":"raw"}],"product_brand":[],"product_cat":[24],"product_tag":[],"class_list":{"0":"post-208872","1":"product","2":"type-product","3":"status-publish","4":"has-post-thumbnail","6":"brand-asus","7":"product_cat-motherboard","9":"first","10":"instock","11":"taxable","12":"shipping-taxable","13":"purchasable","14":"product-type-simple"},"_links":{"self":[{"href":"https:\/\/electrovideo.eu\/en\/wp-json\/wp\/v2\/product\/208872","targetHints":{"allow":["GET"]}}],"collection":[{"href":"https:\/\/electrovideo.eu\/en\/wp-json\/wp\/v2\/product"}],"about":[{"href":"https:\/\/electrovideo.eu\/en\/wp-json\/wp\/v2\/types\/product"}],"replies":[{"embeddable":true,"href":"https:\/\/electrovideo.eu\/en\/wp-json\/wp\/v2\/comments?post=208872"}],"version-history":[{"count":0,"href":"https:\/\/electrovideo.eu\/en\/wp-json\/wp\/v2\/product\/208872\/revisions"}],"wp:featuredmedia":[{"embeddable":true,"href":"https:\/\/electrovideo.eu\/en\/wp-json\/wp\/v2\/media\/208876"}],"wp:attachment":[{"href":"https:\/\/electrovideo.eu\/en\/wp-json\/wp\/v2\/media?parent=208872"}],"wp:term":[{"taxonomy":"brand","embeddable":true,"href":"https:\/\/electrovideo.eu\/en\/wp-json\/wp\/v2\/etheme_brands?post=208872"},{"taxonomy":"product_brand","embeddable":true,"href":"https:\/\/electrovideo.eu\/en\/wp-json\/wp\/v2\/product_brand?post=208872"},{"taxonomy":"product_cat","embeddable":true,"href":"https:\/\/electrovideo.eu\/en\/wp-json\/wp\/v2\/product_cat?post=208872"},{"taxonomy":"product_tag","embeddable":true,"href":"https:\/\/electrovideo.eu\/en\/wp-json\/wp\/v2\/product_tag?post=208872"}],"curies":[{"name":"wp","href":"https:\/\/api.w.org\/{rel}","templated":true}]}}