{"id":208854,"date":"2025-09-17T19:55:18","date_gmt":"2025-09-17T17:55:18","guid":{"rendered":"https:\/\/electrovideo.eu\/produit\/asrock-w790-ws-r2-0\/"},"modified":"2025-09-17T19:55:18","modified_gmt":"2025-09-17T17:55:18","slug":"asrock-w790-ws-r2-0","status":"publish","type":"product","link":"https:\/\/electrovideo.eu\/en\/product\/asrock-w790-ws-r2-0\/","title":{"rendered":"ASRock W790 WS R2.0"},"content":{"rendered":"<div id=\"description\" class=\"description\">\n<div class=\"details-pdt-desc\">\n<h2 class=\"h2-master\">ASRock W790 WS R2.0<\/h2>\n<section>\n<p>La <strong>carte m\u00e8re ASRock W790 WS R2.0 <\/strong>est con\u00e7ue pour accueillir les <strong>processeurs Intel Xeon W-3400 et W-2400 <\/strong>sur<strong> socket LGA 4677<\/strong>. Elle permettra l&#8217;assemblage d&#8217;une configuration puissante et polyvalente capable de s&#8217;acquitter de toutes les t\u00e2ches professionnelles. Multit\u00e2che intensif, cr\u00e9ation multim\u00e9dia, c&#8217;est la solution id\u00e9ale pour concevoir <strong>une station de travail haut de gamme ultra-performante<\/strong>. Elle prend en outre en charge la<strong> RAM DDR5<\/strong>, les <strong>cartes graphiques PCI-Express 5.0 16x<\/strong>, les <strong>disques SATA 6 Gbit\/s<\/strong> et <strong>M.2 PCI-E 5.0 <\/strong>et les <strong>p\u00e9riph\u00e9riques USB 3.1 <\/strong>et <strong>USB 3.2<\/strong>.<\/p>\n<\/section>\n<section>\n<div class=\"desc-image\"><span><img decoding=\"async\" alt=\"\" loading=\"lazy\" src=\"https:\/\/electrovideo.eu\/wp-content\/uploads\/2025\/09\/asrock_w790ws_r2.jpg\"><\/span><\/div>\n<div class=\"desc-text\">\n<h2>ASRock W790 WS R2.0<\/h2>\n<ul>\n<li>Support des processeurs Intel Intel Xeon W-3400 et W-2400 (socket LGA4677)<\/li>\n<li>Support de la m\u00e9moire DDR5, jusqu&#8217;\u00e0 6800&nbsp;MHz (OC)<\/li>\n<li>20+2 Phase de puissance, 90A SPS Design<\/li>\n<li>4 ports PCIe 5.0 x16 +&nbsp; 1 port PCIe 4.0 x16<\/li>\n<li>4 slots M.2 PCIe 5.0 x4<\/li>\n<li>Connecteur USB 3.2 20 Gbps Interne<\/li>\n<li>LAN 10 GbE + LAN 2.5 GbE<\/li>\n<\/ul>\n<\/div>\n<\/section>\n<\/div><\/div>\n","protected":false},"excerpt":{"rendered":"<p>Carte m\u00e8re E-ATX Socket LGA4677 Intel W790 Express &#8211; 8x DDR5 &#8211; M.2 PCIe 5.0 &#8211; USB 3.2 &#8211; LAN 10 GbE &#8211; PCI-Express 5.0 16x<\/p>\n","protected":false},"featured_media":208857,"comment_status":"open","ping_status":"closed","template":"","meta":{"_monsterinsights_skip_tracking":false,"_monsterinsights_sitenote_active":false,"_monsterinsights_sitenote_note":"","_monsterinsights_sitenote_category":0},"etheme_brands":[{"term_id":99,"name":"ASRock","slug":"asrock","term_group":0,"term_taxonomy_id":99,"taxonomy":"brand","description":"","parent":0,"count":16,"filter":"raw"}],"product_brand":[],"product_cat":[24],"product_tag":[],"class_list":{"0":"post-208854","1":"product","2":"type-product","3":"status-publish","4":"has-post-thumbnail","6":"brand-asrock","7":"product_cat-motherboard","9":"first","10":"instock","11":"taxable","12":"shipping-taxable","13":"purchasable","14":"product-type-simple"},"_links":{"self":[{"href":"https:\/\/electrovideo.eu\/en\/wp-json\/wp\/v2\/product\/208854","targetHints":{"allow":["GET"]}}],"collection":[{"href":"https:\/\/electrovideo.eu\/en\/wp-json\/wp\/v2\/product"}],"about":[{"href":"https:\/\/electrovideo.eu\/en\/wp-json\/wp\/v2\/types\/product"}],"replies":[{"embeddable":true,"href":"https:\/\/electrovideo.eu\/en\/wp-json\/wp\/v2\/comments?post=208854"}],"version-history":[{"count":0,"href":"https:\/\/electrovideo.eu\/en\/wp-json\/wp\/v2\/product\/208854\/revisions"}],"wp:featuredmedia":[{"embeddable":true,"href":"https:\/\/electrovideo.eu\/en\/wp-json\/wp\/v2\/media\/208857"}],"wp:attachment":[{"href":"https:\/\/electrovideo.eu\/en\/wp-json\/wp\/v2\/media?parent=208854"}],"wp:term":[{"taxonomy":"brand","embeddable":true,"href":"https:\/\/electrovideo.eu\/en\/wp-json\/wp\/v2\/etheme_brands?post=208854"},{"taxonomy":"product_brand","embeddable":true,"href":"https:\/\/electrovideo.eu\/en\/wp-json\/wp\/v2\/product_brand?post=208854"},{"taxonomy":"product_cat","embeddable":true,"href":"https:\/\/electrovideo.eu\/en\/wp-json\/wp\/v2\/product_cat?post=208854"},{"taxonomy":"product_tag","embeddable":true,"href":"https:\/\/electrovideo.eu\/en\/wp-json\/wp\/v2\/product_tag?post=208854"}],"curies":[{"name":"wp","href":"https:\/\/api.w.org\/{rel}","templated":true}]}}