{"id":208847,"date":"2025-09-17T19:55:18","date_gmt":"2025-09-17T17:55:18","guid":{"rendered":"https:\/\/electrovideo.eu\/produit\/asrock-x870e-nova-wifi\/"},"modified":"2025-09-17T19:55:18","modified_gmt":"2025-09-17T17:55:18","slug":"asrock-x870e-nova-wifi","status":"publish","type":"product","link":"https:\/\/electrovideo.eu\/en\/product\/asrock-x870e-nova-wifi\/","title":{"rendered":"ASRock X870E Nova WiFi"},"content":{"rendered":"<div id=\"description\" class=\"description\">\n<div class=\"details-pdt-desc\">\n<h2 class=\"h2-master\">ASRock X870E Nova WiFi : Carte m\u00e8re AM5 pour le gaming de haut niveau<\/h2>\n<section>\n<p>La carte m\u00e8re ATX<strong> <\/strong><strong>ASRock X870E Nova WiFi <\/strong>est une option judicieuse si vous souhaitez accompagner un processeur <strong>AMD Ryzen 7000\/8000\/9000<\/strong> sur <strong>socket AMD AM5<\/strong> dans le cadre de l&#8217;assemblage d&#8217;une configuration gaming. Elle permet de prendre en charge <strong>la DDR5<\/strong>, les <strong>cartes graphiques \u00e0 la norme PCI-Express 5.0<\/strong> et <strong>les SSD <\/strong><strong>M.2<\/strong> <strong>PCIe 5.0<\/strong>. Elle embarque une connectivit\u00e9 compl\u00e8te avec du r\u00e9seau<strong> LAN 5 GbE<\/strong>, <strong>Wi-Fi 7<\/strong> et <strong>Bluetooth 5.4 <\/strong>ainsi que de l&#8217;USB 3.2 et 4.<\/p>\n<\/section>\n<section>\n<div class=\"desc-image\"><span><img decoding=\"async\" alt=\"\" loading=\"lazy\" src=\"https:\/\/electrovideo.eu\/wp-content\/uploads\/2025\/09\/asrock_x870e_nova_wifi.jpg\"><\/span><\/div>\n<div class=\"desc-text\">\n<h2>Les plus de l&#8217;ASRock X870E Taichi Lite<\/h2>\n<ul>\n<li><strong>Socket AMD AM5<\/strong> pour processeur <strong>AMD Ryzen 7000\/8000\/9000<\/strong><\/li>\n<li><strong>4 Slots m\u00e9moire DDR5 8200 MHz (OC) Dual-Channel<\/strong><\/li>\n<li>20+2+1 Phase de puissance110A SPS pour VCore+SOC<\/li>\n<li><strong>1 x M.2 PCIe 5.0<\/strong> + 3 x M.2 PCIe 4.0<\/li>\n<li>Port PCI-Express 5.0 16x<\/li>\n<li>Chipset Audio : ALC4082 7.1 HD ; Nahimic Audio<\/li>\n<li>LAN 5 GbE + Wi-Fi 7 &amp; Bluetooth 5.4<\/li>\n<li>2 x USB4 40 Gbps<\/li>\n<\/ul>\n<\/div>\n<\/section>\n<section>\n<div class=\"desc-text\">\n<h2>Jouer dans les meilleures conditions<\/h2>\n<p>Les fr\u00e9quences \u00e9lev\u00e9es des processeurs <strong>AMD Ryzen <\/strong>sont un v\u00e9ritable avantage dans les jeux. Choisissez les bons composants et concevez un PC Gaming surpuissant, sans latences et pr\u00eat \u00e0 servir quand il faut. Prenez l&#8217;avantage sur vos adversaires et atteignez des sommets gr\u00e2ce aux processeurs<strong> AMD Ryzen 9000\/8000\/7000<\/strong> et aux cartes m\u00e8res <strong>AMD AM5<\/strong>.<\/p>\n<p>Les processeurs <strong>AMD Ryzen 9000<\/strong> sont performants dans tous les domaines. Ils vont permettront de cr\u00e9er plus vite, d&#8217;atteindre vos objectifs plus rapidement et de gagner du temps en permanence. Qu\u2019il s\u2019agisse de rendu 3D ou d\u2019exportation de fichiers vid\u00e9o volumineux, concevez, livrez et faites le job avec la vitesse et le stockage PCIe 5.0, de nombreux threads de traitement et des acc\u00e9l\u00e9rateurs vid\u00e9o d\u00e9di\u00e9s. &nbsp;<\/p>\n<\/div>\n<div class=\"desc-image\"><span><img decoding=\"async\" alt=\"\" loading=\"lazy\" src=\"https:\/\/electrovideo.eu\/wp-content\/uploads\/2025\/09\/amd_ryzen_7000_001.jpg\"><\/span><\/div>\n<\/section>\n<\/div><\/div>\n","protected":false},"excerpt":{"rendered":"<p>Carte m\u00e8re E-ATX Socket AM5 AMD X870E &#8211; 4x DDR5 &#8211; M.2 PCIe 5.0 &#8211; USB4 &#8211; PCI-Express 5.0 16x &#8211; LAN 5 GbE &#8211; Wi-Fi 7\/Bluetooth 5.4<\/p>\n","protected":false},"featured_media":208850,"comment_status":"open","ping_status":"closed","template":"","meta":{"_monsterinsights_skip_tracking":false,"_monsterinsights_sitenote_active":false,"_monsterinsights_sitenote_note":"","_monsterinsights_sitenote_category":0},"etheme_brands":[{"term_id":99,"name":"ASRock","slug":"asrock","term_group":0,"term_taxonomy_id":99,"taxonomy":"brand","description":"","parent":0,"count":16,"filter":"raw"}],"product_brand":[],"product_cat":[24],"product_tag":[],"class_list":{"0":"post-208847","1":"product","2":"type-product","3":"status-publish","4":"has-post-thumbnail","6":"brand-asrock","7":"product_cat-motherboard","9":"first","10":"instock","11":"taxable","12":"shipping-taxable","13":"purchasable","14":"product-type-simple"},"_links":{"self":[{"href":"https:\/\/electrovideo.eu\/en\/wp-json\/wp\/v2\/product\/208847","targetHints":{"allow":["GET"]}}],"collection":[{"href":"https:\/\/electrovideo.eu\/en\/wp-json\/wp\/v2\/product"}],"about":[{"href":"https:\/\/electrovideo.eu\/en\/wp-json\/wp\/v2\/types\/product"}],"replies":[{"embeddable":true,"href":"https:\/\/electrovideo.eu\/en\/wp-json\/wp\/v2\/comments?post=208847"}],"version-history":[{"count":0,"href":"https:\/\/electrovideo.eu\/en\/wp-json\/wp\/v2\/product\/208847\/revisions"}],"wp:featuredmedia":[{"embeddable":true,"href":"https:\/\/electrovideo.eu\/en\/wp-json\/wp\/v2\/media\/208850"}],"wp:attachment":[{"href":"https:\/\/electrovideo.eu\/en\/wp-json\/wp\/v2\/media?parent=208847"}],"wp:term":[{"taxonomy":"brand","embeddable":true,"href":"https:\/\/electrovideo.eu\/en\/wp-json\/wp\/v2\/etheme_brands?post=208847"},{"taxonomy":"product_brand","embeddable":true,"href":"https:\/\/electrovideo.eu\/en\/wp-json\/wp\/v2\/product_brand?post=208847"},{"taxonomy":"product_cat","embeddable":true,"href":"https:\/\/electrovideo.eu\/en\/wp-json\/wp\/v2\/product_cat?post=208847"},{"taxonomy":"product_tag","embeddable":true,"href":"https:\/\/electrovideo.eu\/en\/wp-json\/wp\/v2\/product_tag?post=208847"}],"curies":[{"name":"wp","href":"https:\/\/api.w.org\/{rel}","templated":true}]}}