{"id":208611,"date":"2025-09-17T20:06:17","date_gmt":"2025-09-17T18:06:17","guid":{"rendered":"https:\/\/electrovideo.eu\/produit\/asus-tuf-gaming-x870e-plus-wifi7\/"},"modified":"2025-09-17T20:06:17","modified_gmt":"2025-09-17T18:06:17","slug":"asus-tuf-gaming-x870e-plus-wifi7","status":"publish","type":"product","link":"https:\/\/electrovideo.eu\/en\/product\/asus-tuf-gaming-x870e-plus-wifi7\/","title":{"rendered":"ASUS TUF GAMING X870E-PLUS WIFI7"},"content":{"rendered":"<div id=\"description\" class=\"description\">\n<div class=\"details-pdt-desc\">\n<h2 class=\"h2-master\">Carte m\u00e8re Gaming AM5 avec PCI-Express 5.0 et USB 4.0<\/h2>\n<section>\n<p>L\u2019<strong>ASUS TUF GAMING&nbsp;X870E-PLUS WIFI7<\/strong> est une carte m\u00e8re gaming au format ATX con\u00e7ue pour les processeurs <strong>AMD Ryzen 7000, 8000 et 9000<\/strong>. Elle se dote de composants de qualit\u00e9 militaire, d\u2019une solution d\u2019alimentation am\u00e9lior\u00e9e avec 16+2+1 phases de puissance ainsi que d\u2019un syst\u00e8me de refroidissement complet, avec des dissipateurs surdimensionn\u00e9s, pour garantir des performances constantes lors de vos sessions de jeu. Elle dispose de 16+2+1+1 \u00e9tages de puissance, de quatre emplacements M.2, de la prise en charge de la m\u00e9moire DDR5 et de la connectivit\u00e9 PCIe 5.0.<\/p>\n<p>La carte m\u00e8re TUF GAMING X870E-PLUS WIFI7 d&#8217;ASUS prend en charge la <strong>DDR5<\/strong>, le <strong>PCI-Express 5.0<\/strong> tant pour la carte graphique que les SSD M.2 NVMe, propose la technologie <strong>Wi-Fi 7<\/strong> pour des vitesses sans fil allant jusqu\u2019\u00e0 2.9 Gbps, un port LAN 2.5GbE et, <strong>2 ports USB4 (40 Gbps) Type-C<\/strong>.<\/p>\n<\/section>\n<section>\n<div class=\"desc-image\"><span><img decoding=\"async\" alt=\"\" loading=\"lazy\" src=\"https:\/\/electrovideo.eu\/wp-content\/uploads\/2025\/09\/asus_tuf_gaming_x870e_plus_wifi.jpg\"><\/span><\/div>\n<div class=\"desc-text\">\n<h2>Les plus de l&#8217;ASUS TUF GAMING&nbsp;X870E-PLUS WIFI7<\/h2>\n<ul>\n<li><strong>Socket AMD AM5<\/strong> pour processeur <strong>AMD Ryzen 7000\/8000\/9000<\/strong><\/li>\n<li><strong>4 Slots m\u00e9moire DDR5 8000 MHz (O.C.) <\/strong>Dual-Channel<\/li>\n<li>Port PCI-Express 5.0 16x<\/li>\n<li>2 x M.2 PCIe 5.0 x4 + 2 x M.2 PCIe 4.0 x4<\/li>\n<li>Audio 7.1 Surround Realtek<\/li>\n<li><strong>2 ports USB 4 Type C 40 Gbps<\/strong><\/li>\n<li>R\u00e9seaux LAN Realtek 2.5 GbE + <strong>Wi-Fi 7 &amp; Bluetooth 5.4<\/strong><\/li>\n<\/ul>\n<\/div>\n<\/section>\n<section>\n<div class=\"desc-text\">\n<h2>Jouer dans les meilleures conditions<\/h2>\n<p>Les fr\u00e9quences \u00e9lev\u00e9es des processeurs <strong>AMD Ryzen Zen 5<\/strong> sont une v\u00e9ritable aubaine pour les joueurs. Choisissez les bons composants et concevez un PC Gaming surpuissant, sans latences et pr\u00eat \u00e0 servir quand il faut. Prenez l&#8217;avantage sur vos adversaires et atteignez des sommets gr\u00e2ce aux processeurs <strong>AMD Ryzen 9000<\/strong> et aux cartes m\u00e8res <strong>AMD AM5<\/strong>.<\/p>\n<\/div>\n<div class=\"desc-image\"><span><img decoding=\"async\" alt=\"\" loading=\"lazy\" src=\"https:\/\/electrovideo.eu\/wp-content\/uploads\/2025\/09\/amd_ryzen_9000_002.jpg\"><\/span><\/div>\n<\/section>\n<\/div><\/div>\n","protected":false},"excerpt":{"rendered":"<p>Carte m\u00e8re ATX Socket AM5 AMD X870 &#8211; 4x DDR5 &#8211; M.2 PCIe 5.0 &#8211; USB4 &#8211; PCI-Express 5.0 16x &#8211; LAN 2.5 GbE &#8211; Wi-Fi 7\/Bluetooth 5.4<\/p>\n","protected":false},"featured_media":208613,"comment_status":"open","ping_status":"closed","template":"","meta":{"_monsterinsights_skip_tracking":false,"_monsterinsights_sitenote_active":false,"_monsterinsights_sitenote_note":"","_monsterinsights_sitenote_category":0},"etheme_brands":[{"term_id":53,"name":"ASUS","slug":"asus","term_group":0,"term_taxonomy_id":53,"taxonomy":"brand","description":"","parent":0,"count":248,"filter":"raw"}],"product_brand":[],"product_cat":[24],"product_tag":[],"class_list":{"0":"post-208611","1":"product","2":"type-product","3":"status-publish","4":"has-post-thumbnail","6":"brand-asus","7":"product_cat-motherboard","9":"first","10":"instock","11":"taxable","12":"shipping-taxable","13":"purchasable","14":"product-type-simple"},"_links":{"self":[{"href":"https:\/\/electrovideo.eu\/en\/wp-json\/wp\/v2\/product\/208611","targetHints":{"allow":["GET"]}}],"collection":[{"href":"https:\/\/electrovideo.eu\/en\/wp-json\/wp\/v2\/product"}],"about":[{"href":"https:\/\/electrovideo.eu\/en\/wp-json\/wp\/v2\/types\/product"}],"replies":[{"embeddable":true,"href":"https:\/\/electrovideo.eu\/en\/wp-json\/wp\/v2\/comments?post=208611"}],"version-history":[{"count":0,"href":"https:\/\/electrovideo.eu\/en\/wp-json\/wp\/v2\/product\/208611\/revisions"}],"wp:featuredmedia":[{"embeddable":true,"href":"https:\/\/electrovideo.eu\/en\/wp-json\/wp\/v2\/media\/208613"}],"wp:attachment":[{"href":"https:\/\/electrovideo.eu\/en\/wp-json\/wp\/v2\/media?parent=208611"}],"wp:term":[{"taxonomy":"brand","embeddable":true,"href":"https:\/\/electrovideo.eu\/en\/wp-json\/wp\/v2\/etheme_brands?post=208611"},{"taxonomy":"product_brand","embeddable":true,"href":"https:\/\/electrovideo.eu\/en\/wp-json\/wp\/v2\/product_brand?post=208611"},{"taxonomy":"product_cat","embeddable":true,"href":"https:\/\/electrovideo.eu\/en\/wp-json\/wp\/v2\/product_cat?post=208611"},{"taxonomy":"product_tag","embeddable":true,"href":"https:\/\/electrovideo.eu\/en\/wp-json\/wp\/v2\/product_tag?post=208611"}],"curies":[{"name":"wp","href":"https:\/\/api.w.org\/{rel}","templated":true}]}}