{"id":208555,"date":"2025-09-17T20:17:22","date_gmt":"2025-09-17T18:17:22","guid":{"rendered":"https:\/\/electrovideo.eu\/produit\/gigabyte-x870e-aorus-master\/"},"modified":"2025-09-17T20:17:22","modified_gmt":"2025-09-17T18:17:22","slug":"gigabyte-x870e-aorus-master","status":"publish","type":"product","link":"https:\/\/electrovideo.eu\/en\/product\/gigabyte-x870e-aorus-master\/","title":{"rendered":"Gigabyte X870E AORUS MASTER"},"content":{"rendered":"<div id=\"description\" class=\"description\">\n<div class=\"details-pdt-desc\">\n<h2 class=\"h2-master\">Carte m\u00e8re&nbsp;Gaming socket AM5, DDR5 et PCI-Express 5.0<\/h2>\n<section>\n<p>La carte m\u00e8re<strong> Gigabyte X870E AORUS MASTER <\/strong>embarque le <strong>chipset AMD X870E <\/strong>ce qui la rend id\u00e9ale pour poser les bases d&#8217;une configuration gaming hautes performances. Son <strong>socket AMD AM5<\/strong> lui permet de prendre en charge un processeur <strong>AMD Ryzen 7000\/8000\/9000<\/strong>. Elle est dot\u00e9e de 4 emplacements<strong> DDR5<\/strong>, peut exploiter les <strong>cartes graphiques et les SSD M.2 NVMe<\/strong> \u00e0 la norme <strong>PCI Express 5.0 <\/strong>pour des performances d\u00e9coiffantes. Elle est dot\u00e9e d&#8217;une connectivit\u00e9 compl\u00e8te avec du r\u00e9seau<strong> LAN 5 GbE<\/strong>, <strong>Wi-Fi 7<\/strong> et du <strong>Bluetooth 5.3<\/strong> ainsi que de l&#8217;USB 3.2 et 4.0.<\/p>\n<\/section>\n<section>\n<div class=\"desc-image\"><span><img decoding=\"async\" alt=\"\" loading=\"lazy\" src=\"https:\/\/electrovideo.eu\/wp-content\/uploads\/2025\/09\/gigabyte_x870e_aorus_master.jpg\"><\/span><\/div>\n<div class=\"desc-text\">\n<h2>Les plus de la Gigabyte X870E AORUS MASTER<\/h2>\n<ul>\n<li><strong>Socket AMD AM5<\/strong> pour processeur <strong>AMD Ryzen 7000\/8000\/9000<\/strong><\/li>\n<li><strong>4 Slots m\u00e9moire DDR5 <\/strong>8600 MHz (OC) Dual-Channel avec support EXPO et XMP<\/li>\n<li>Stockage nouvelle g\u00e9n\u00e9ration : <strong>3 x M.2 PCIe 5.0<\/strong> + 1 x M.2 PCIe 4.0<\/li>\n<li>EZ-Latch PLus : Verrouillage\/D\u00e9verrouillage rapide du PCIe 5.0 x16 et des M.2 (pas besoin de vis)<\/li>\n<li>Dissipation efficace avec radiateurs sur les VRM (VRM Thermal Armor) et pour les SSD M.2 avec Thermal Guard L<\/li>\n<li><strong>Wi-Fi 7 et Bluetooth 5.3 + LAN 5 GbE<\/strong><\/li>\n<li>Partie audio soign\u00e9e avec chipset Realtek ALC1220 HD<\/li>\n<li><strong>2 ports USB4 Type C<\/strong> compatibles DP-Alt mode<\/li>\n<li>Q-Flash Plus : Mise \u00e0 jour du BIOS sans Installer de Processeur, de M\u00e9moire ou de Carte Graphique<\/li>\n<\/ul>\n<\/div>\n<\/section>\n<section>\n<div class=\"desc-text\">\n<h2>Jouer dans les meilleures conditions<\/h2>\n<p>Les fr\u00e9quences \u00e9lev\u00e9es des processeurs <strong>AMD Ryzen Zen 5<\/strong> sont une v\u00e9ritable aubaine pour les joueurs. Choisissez les bons composants et concevez un PC Gaming surpuissant, sans latences et pr\u00eat \u00e0 servir quand il faut. Prenez l&#8217;avantage sur vos adversaires et atteignez des sommets gr\u00e2ce aux processeurs <strong>AMD Ryzen 9000<\/strong> et aux cartes m\u00e8res <strong>AMD AM5<\/strong>.<\/p>\n<\/div>\n<div class=\"desc-image\"><span><img decoding=\"async\" alt=\"\" loading=\"lazy\" src=\"https:\/\/electrovideo.eu\/wp-content\/uploads\/2025\/09\/amd_ryzen_9000_002.jpg\"><\/span><\/div>\n<\/section>\n<\/div><\/div>\n","protected":false},"excerpt":{"rendered":"<p>Carte m\u00e8re ATX Socket AM5 AMD X870E &#8211; 4x DDR5 &#8211; M.2 PCIe 5.0 &#8211; USB4 &#8211; PCI-Express 5.0 16x &#8211; Wi-Fi 7\/Bluetooth 5.3 &#8211; LAN 5 GbE<\/p>\n","protected":false},"featured_media":208557,"comment_status":"open","ping_status":"closed","template":"","meta":{"_monsterinsights_skip_tracking":false,"_monsterinsights_sitenote_active":false,"_monsterinsights_sitenote_note":"","_monsterinsights_sitenote_category":0},"etheme_brands":[{"term_id":44,"name":"Gigabyte","slug":"gigabyte","term_group":0,"term_taxonomy_id":44,"taxonomy":"brand","description":"","parent":0,"count":118,"filter":"raw"}],"product_brand":[],"product_cat":[24],"product_tag":[],"class_list":{"0":"post-208555","1":"product","2":"type-product","3":"status-publish","4":"has-post-thumbnail","6":"brand-gigabyte","7":"product_cat-motherboard","9":"first","10":"instock","11":"taxable","12":"shipping-taxable","13":"purchasable","14":"product-type-simple"},"_links":{"self":[{"href":"https:\/\/electrovideo.eu\/en\/wp-json\/wp\/v2\/product\/208555","targetHints":{"allow":["GET"]}}],"collection":[{"href":"https:\/\/electrovideo.eu\/en\/wp-json\/wp\/v2\/product"}],"about":[{"href":"https:\/\/electrovideo.eu\/en\/wp-json\/wp\/v2\/types\/product"}],"replies":[{"embeddable":true,"href":"https:\/\/electrovideo.eu\/en\/wp-json\/wp\/v2\/comments?post=208555"}],"version-history":[{"count":0,"href":"https:\/\/electrovideo.eu\/en\/wp-json\/wp\/v2\/product\/208555\/revisions"}],"wp:featuredmedia":[{"embeddable":true,"href":"https:\/\/electrovideo.eu\/en\/wp-json\/wp\/v2\/media\/208557"}],"wp:attachment":[{"href":"https:\/\/electrovideo.eu\/en\/wp-json\/wp\/v2\/media?parent=208555"}],"wp:term":[{"taxonomy":"brand","embeddable":true,"href":"https:\/\/electrovideo.eu\/en\/wp-json\/wp\/v2\/etheme_brands?post=208555"},{"taxonomy":"product_brand","embeddable":true,"href":"https:\/\/electrovideo.eu\/en\/wp-json\/wp\/v2\/product_brand?post=208555"},{"taxonomy":"product_cat","embeddable":true,"href":"https:\/\/electrovideo.eu\/en\/wp-json\/wp\/v2\/product_cat?post=208555"},{"taxonomy":"product_tag","embeddable":true,"href":"https:\/\/electrovideo.eu\/en\/wp-json\/wp\/v2\/product_tag?post=208555"}],"curies":[{"name":"wp","href":"https:\/\/api.w.org\/{rel}","templated":true}]}}