{"id":208525,"date":"2025-09-17T20:17:22","date_gmt":"2025-09-17T18:17:22","guid":{"rendered":"https:\/\/electrovideo.eu\/produit\/gigabyte-z890-aorus-elite-wifi7\/"},"modified":"2025-09-17T20:17:22","modified_gmt":"2025-09-17T18:17:22","slug":"gigabyte-z890-aorus-elite-wifi7","status":"publish","type":"product","link":"https:\/\/electrovideo.eu\/en\/product\/gigabyte-z890-aorus-elite-wifi7\/","title":{"rendered":"Gigabyte Z890 AORUS ELITE WIFI7"},"content":{"rendered":"<div id=\"description\" class=\"description\">\n<div class=\"details-pdt-desc\">\n<h2 class=\"h2-master\">Carte m\u00e8re Gigabyte AORUS taill\u00e9e pour l&#8217;IA<\/h2>\n<section>\n<p>Embarquant le chipset<strong>&nbsp;Intel Z890<\/strong>, la carte m\u00e8re <strong>Gigabyte Z890 AORUS ELITE WIFI7 <\/strong>sera la pierre angulaire de votre configuration gaming. Dot\u00e9e du socket <strong>Intel LGA1851,<\/strong> la Z890 AORUS ELITE WIFI7<strong> <\/strong>prend en charge les processeurs Intel Arrow Lake-S boost\u00e9s \u00e0 l&#8217;IA. Concernant la connectique, cette carte m\u00e8re Gigabyte au format ATX propose le PCI-Express 5.0 16x pour votre carte graphique, prend en charge les SSD M.2 PCIe 4.0\/5.0 pour un syst\u00e8me r\u00e9actif et des temps de chargements r\u00e9duits ainsi que la RAM DDR5. Au niveau des p\u00e9riph\u00e9riques, on retrouve de l&#8217;USB 3.1 et du Thunderbolt 4 tandis que la partie r\u00e9seau est assur\u00e9e par un connecteur LAN 2.5 GbE et du <strong>Wi-Fi 7<\/strong>\/ Bluetooth 5.4.<\/p>\n<\/section>\n<section>\n<div class=\"desc-image\"><span><img decoding=\"async\" alt=\"\" loading=\"lazy\" src=\"https:\/\/electrovideo.eu\/wp-content\/uploads\/2025\/09\/gigabyte_z890_aorus_elite_wifi7.jpg\"><\/span><\/div>\n<div class=\"desc-text\">\n<h2>Gigabyte Z890 AORUS ELITE WIFI7<\/h2>\n<ul>\n<li>Support des processeurs Intel Core Arrow Lake-S sur socket LGA 1851<\/li>\n<li>Support de la m\u00e9moire DDR5 9200 MHz (OC)<\/li>\n<li>16 phases Vcore (Parall\u00e9lis\u00e9es)<\/li>\n<li>PCI-Express 5.0 16x<\/li>\n<li>Solution de dissipation compl\u00e8te avec dissipateurs sur les VRM, le chipset et les SSD M.2<\/li>\n<li>Wi-Fi 7 et Bluetooth 5.4 + LAN 2.5 GbE<\/li>\n<li>Q-Flash Plus : Mise \u00e0 jour du BIOS sans Installer de Processeur, de M\u00e9moire ou de Carte Graphique<\/li>\n<\/ul>\n<\/div>\n<\/section>\n<section>\n<div class=\"desc-text\">\n<h2>Processeurs Intel Core Ultra Arrow-Lake-S<\/h2>\n<p>Soyez pr\u00eats \u00e0 entrer dans la nouvelle \u00e8re du gaming, choisissez un PC avec IA \u00e9quip\u00e9 d&#8217;un processeur Intel&nbsp;Core&nbsp;Ultra.&nbsp;Profitez de performances au top pour le streaming et le gaming. Confiez les t\u00e2ches impliquant l&#8217;IA comme la suppression de l&#8217;arri\u00e8re-plan, l&#8217;optimisation audio et le cadrage automatique \u00e0 l&#8217;unit\u00e9 de traitement neuronal (NPU) et \u00e0 vous les conditions de streaming et de jeux id\u00e9ales.<br \/>\n&nbsp;<\/div>\n<div class=\"desc-image\"><span><img decoding=\"async\" alt=\"\" loading=\"lazy\" src=\"https:\/\/electrovideo.eu\/wp-content\/uploads\/2025\/09\/intel_arrow-lake_3.jpg\"><\/span><\/div>\n<\/section>\n<\/div><\/div>\n","protected":false},"excerpt":{"rendered":"<p>Carte m\u00e8re ATX Socket 1851 Intel Z890 Express &#8211; 4x DDR5 &#8211; M.2 PCIe 5.0 &#8211; Thunderbolt 4 &#8211; PCI-Express 5.0 16x &#8211; LAN 2.5 GbE &#8211; Wi-Fi 7\/Bluetooth 5.4<\/p>\n","protected":false},"featured_media":208529,"comment_status":"open","ping_status":"closed","template":"","meta":{"_monsterinsights_skip_tracking":false,"_monsterinsights_sitenote_active":false,"_monsterinsights_sitenote_note":"","_monsterinsights_sitenote_category":0},"etheme_brands":[{"term_id":44,"name":"Gigabyte","slug":"gigabyte","term_group":0,"term_taxonomy_id":44,"taxonomy":"brand","description":"","parent":0,"count":118,"filter":"raw"}],"product_brand":[],"product_cat":[24],"product_tag":[],"class_list":{"0":"post-208525","1":"product","2":"type-product","3":"status-publish","4":"has-post-thumbnail","6":"brand-gigabyte","7":"product_cat-motherboard","9":"first","10":"instock","11":"taxable","12":"shipping-taxable","13":"purchasable","14":"product-type-simple"},"_links":{"self":[{"href":"https:\/\/electrovideo.eu\/en\/wp-json\/wp\/v2\/product\/208525","targetHints":{"allow":["GET"]}}],"collection":[{"href":"https:\/\/electrovideo.eu\/en\/wp-json\/wp\/v2\/product"}],"about":[{"href":"https:\/\/electrovideo.eu\/en\/wp-json\/wp\/v2\/types\/product"}],"replies":[{"embeddable":true,"href":"https:\/\/electrovideo.eu\/en\/wp-json\/wp\/v2\/comments?post=208525"}],"version-history":[{"count":0,"href":"https:\/\/electrovideo.eu\/en\/wp-json\/wp\/v2\/product\/208525\/revisions"}],"wp:featuredmedia":[{"embeddable":true,"href":"https:\/\/electrovideo.eu\/en\/wp-json\/wp\/v2\/media\/208529"}],"wp:attachment":[{"href":"https:\/\/electrovideo.eu\/en\/wp-json\/wp\/v2\/media?parent=208525"}],"wp:term":[{"taxonomy":"brand","embeddable":true,"href":"https:\/\/electrovideo.eu\/en\/wp-json\/wp\/v2\/etheme_brands?post=208525"},{"taxonomy":"product_brand","embeddable":true,"href":"https:\/\/electrovideo.eu\/en\/wp-json\/wp\/v2\/product_brand?post=208525"},{"taxonomy":"product_cat","embeddable":true,"href":"https:\/\/electrovideo.eu\/en\/wp-json\/wp\/v2\/product_cat?post=208525"},{"taxonomy":"product_tag","embeddable":true,"href":"https:\/\/electrovideo.eu\/en\/wp-json\/wp\/v2\/product_tag?post=208525"}],"curies":[{"name":"wp","href":"https:\/\/api.w.org\/{rel}","templated":true}]}}