{"id":208342,"date":"2025-09-17T20:26:17","date_gmt":"2025-09-17T18:26:17","guid":{"rendered":"https:\/\/electrovideo.eu\/produit\/msi-mpg-z890-carbon-wifi\/"},"modified":"2025-09-17T20:26:17","modified_gmt":"2025-09-17T18:26:17","slug":"msi-mpg-z890-carbon-wifi","status":"publish","type":"product","link":"https:\/\/electrovideo.eu\/en\/product\/msi-mpg-z890-carbon-wifi\/","title":{"rendered":"MSI MPG Z890 CARBON WIFI"},"content":{"rendered":"<div id=\"description\" class=\"description\">\n<div class=\"details-pdt-desc\">\n<h2 class=\"h2-master\">Accompagnez votre processeur Intel Core Ultra vers l&#8217;IA<\/h2>\n<section>\n<p>La <strong>carte m\u00e8re MSI MPG Z890 CARBON WIFI <\/strong>dot\u00e9e du <strong>socket Intel LGA 1851 <\/strong>est en mesure d&#8217;accueillir les<strong> processeurs Intel Core Ultra Arrow Lake-S optimis\u00e9s pour l&#8217;IA. <\/strong>Dot\u00e9e d&#8217;une connectique de pointe, comme le <strong>Thunderbolt 4<\/strong>, la MPG Z890 CARBON WIFI propos\u00e9e par MSI propose par ailleurs deux emplacements PCI-Express 5.0 x16 et un slot M.2 PCIe 5.0 x4 afin d&#8217;accueillir les composants les plus v\u00e9loces pour satisfaire les gamers les plus exigeants. Au niveau du r\u00e9seau, rien ne manque puisqu&#8217;un connecteur LAN 5 Gbps est disponible en plus d&#8217;une connectivit\u00e9 sans fil de premier plan avec le Wi-Fi 7 et le Bluetooth 5.4.<\/p>\n<\/section>\n<section>\n<div class=\"desc-image\"><span><img decoding=\"async\" alt=\"\" loading=\"lazy\" src=\"https:\/\/electrovideo.eu\/wp-content\/uploads\/2025\/09\/ms_mpg_z890_carbon_wifi_1.jpg\"><\/span><\/div>\n<div class=\"desc-text\">\n<h2>MSI MPG Z890 CARBON WIFI<\/h2>\n<ul>\n<li>Support des processeurs Intel Core Ultra Arrow-Lake-S sur socket LGA 1851<\/li>\n<li>Support de la m\u00e9moire DDR5 9200 MHz<\/li>\n<li>1 emplacement M.2 PCIe 5.0 x4 + 4 emplacements M.2 PCIe 4.0 4x + 4 ports SATA 6 Gbps<\/li>\n<li>2 ports PCI-Express 5.0 16x (16x\/8x)<\/li>\n<li>Audio Boost 4 pour un son de qualit\u00e9 sup\u00e9rieure<\/li>\n<li>2 ports Thunderbolt 4 (USB-C) 40 Gbps compatibles 8K @ 60Hz et d\u00e9livrant 15W de puissance.<\/li>\n<li>LAN 5 GbE + LAN 2.5 GbE<\/li>\n<li>Wi-Fi 7\/Bluetooth 5.4<\/li>\n<\/ul>\n<\/div>\n<\/section>\n<section>\n<div class=\"desc-text\">\n<h2>Points forts<\/h2>\n<ul>\n<li>Premium Thermal Design :&nbsp; Dissipateurs haute qualit\u00e9 7W\/mK pour les MOSFET afin de mieux supporter l&#8217;overclocking.<\/li>\n<li>Dissipateurs pour SSD M.2 pour en tirer les meilleures performances.<\/li>\n<li>EZ PCIe Release : Bouton \u00e0 pousser pour \u00e9jecter\/installer la carte graphique sans trop d&#8217;effort.<\/li>\n<li><strong>EZ M.2 Shield Frozr II<\/strong> : Installation et \u00e9jection des SSD M.2 NVMe en toute simplicit\u00e9.<\/li>\n<\/ul>\n<\/div>\n<div class=\"desc-image\"><span><img decoding=\"async\" alt=\"\" loading=\"lazy\" src=\"https:\/\/electrovideo.eu\/wp-content\/uploads\/2025\/09\/ms_mpg_z890_carbon_wifi_2.jpg\"><\/span><\/div>\n<\/section>\n<section>\n<div class=\"desc-image\"><span><img decoding=\"async\" alt=\"\" loading=\"lazy\" src=\"https:\/\/electrovideo.eu\/wp-content\/uploads\/2025\/09\/intel_arrow-lake_3.jpg\"><\/span><\/div>\n<div class=\"desc-text\">\n<h2>Processeurs Intel Core Ultra Arrow-Lake-S<\/h2>\n<p>Soyez pr\u00eats \u00e0 entrer dans la nouvelle \u00e8re du gaming, choisissez un PC avec IA \u00e9quip\u00e9 d&#8217;un processeur Intel&nbsp;Core&nbsp;Ultra.&nbsp;Profitez de performances au top pour le streaming et le gaming. Confiez les t\u00e2ches impliquant l&#8217;IA comme la suppression de l&#8217;arri\u00e8re-plan, l&#8217;optimisation audio et le cadrage automatique \u00e0 l&#8217;unit\u00e9 de traitement neuronal (NPU) et \u00e0 vous les conditions de streaming et de jeux id\u00e9ales.<br \/>\n&nbsp;<\/div>\n<\/section>\n<\/div><\/div>\n","protected":false},"excerpt":{"rendered":"<p>Carte m\u00e8re ATX Socket 1851 Intel Z890 Express &#8211; 4x DDR5 &#8211; M.2 PCIe 5.0 &#8211; Thunderbolt 4 &#8211; PCI-Express 5.0 16x &#8211; LAN 5 GbE &#8211; Wi-Fi 7\/Bluetooth 5.4<\/p>\n","protected":false},"featured_media":208345,"comment_status":"open","ping_status":"closed","template":"","meta":{"_monsterinsights_skip_tracking":false,"_monsterinsights_sitenote_active":false,"_monsterinsights_sitenote_note":"","_monsterinsights_sitenote_category":0},"etheme_brands":[{"term_id":51,"name":"MSI","slug":"msi","term_group":0,"term_taxonomy_id":51,"taxonomy":"brand","description":"","parent":0,"count":137,"filter":"raw"}],"product_brand":[],"product_cat":[24],"product_tag":[],"class_list":{"0":"post-208342","1":"product","2":"type-product","3":"status-publish","4":"has-post-thumbnail","6":"brand-msi","7":"product_cat-motherboard","9":"first","10":"instock","11":"taxable","12":"shipping-taxable","13":"purchasable","14":"product-type-simple"},"_links":{"self":[{"href":"https:\/\/electrovideo.eu\/en\/wp-json\/wp\/v2\/product\/208342","targetHints":{"allow":["GET"]}}],"collection":[{"href":"https:\/\/electrovideo.eu\/en\/wp-json\/wp\/v2\/product"}],"about":[{"href":"https:\/\/electrovideo.eu\/en\/wp-json\/wp\/v2\/types\/product"}],"replies":[{"embeddable":true,"href":"https:\/\/electrovideo.eu\/en\/wp-json\/wp\/v2\/comments?post=208342"}],"version-history":[{"count":0,"href":"https:\/\/electrovideo.eu\/en\/wp-json\/wp\/v2\/product\/208342\/revisions"}],"wp:featuredmedia":[{"embeddable":true,"href":"https:\/\/electrovideo.eu\/en\/wp-json\/wp\/v2\/media\/208345"}],"wp:attachment":[{"href":"https:\/\/electrovideo.eu\/en\/wp-json\/wp\/v2\/media?parent=208342"}],"wp:term":[{"taxonomy":"brand","embeddable":true,"href":"https:\/\/electrovideo.eu\/en\/wp-json\/wp\/v2\/etheme_brands?post=208342"},{"taxonomy":"product_brand","embeddable":true,"href":"https:\/\/electrovideo.eu\/en\/wp-json\/wp\/v2\/product_brand?post=208342"},{"taxonomy":"product_cat","embeddable":true,"href":"https:\/\/electrovideo.eu\/en\/wp-json\/wp\/v2\/product_cat?post=208342"},{"taxonomy":"product_tag","embeddable":true,"href":"https:\/\/electrovideo.eu\/en\/wp-json\/wp\/v2\/product_tag?post=208342"}],"curies":[{"name":"wp","href":"https:\/\/api.w.org\/{rel}","templated":true}]}}