{"id":208314,"date":"2025-09-17T20:43:37","date_gmt":"2025-09-17T18:43:37","guid":{"rendered":"https:\/\/electrovideo.eu\/produit\/asus-tuf-gaming-b760-plus-wifi\/"},"modified":"2025-09-17T20:43:37","modified_gmt":"2025-09-17T18:43:37","slug":"asus-tuf-gaming-b760-plus-wifi","status":"publish","type":"product","link":"https:\/\/electrovideo.eu\/en\/product\/asus-tuf-gaming-b760-plus-wifi\/","title":{"rendered":"ASUS TUF GAMING B760-PLUS WIFI"},"content":{"rendered":"<div id=\"description\" class=\"description\">\n<div class=\"details-pdt-desc\">\n<h2 class=\"h2-master\">Exploitez toute la puissance de votre processeur Intel Core<\/h2>\n<section>\n<p>La <strong>carte m\u00e8re ASUS TUF GAMING B760-PLUS WIFI<\/strong> con\u00e7ue pour les processeurs Intel Core hybrides de 12\u00e8me et 13\u00e8me g\u00e9n\u00e9ration est id\u00e9ale pour l&#8217;assemblage d&#8217;une configuration gaming puissante.&nbsp;Les&nbsp;<strong>cartes m\u00e8res ASUS TUF Gaming&nbsp;<\/strong>sont pens\u00e9es et con\u00e7ues pour les Gamers exigeants \u00e0 la recherche de performances et de fiabilit\u00e9 \u00e0 long terme. Elles permettent de tirer parti du meilleur de leurs composants gr\u00e2ce \u00e0 une conception unique faite de mat\u00e9riaux robustes et d&#8217;utilitaires exclusifs. Elles int\u00e8grent des fonctionnalit\u00e9s de jeu et associent les avantages des nouveaux processeurs Intel avec le design et les caract\u00e9ristiques embl\u00e9matiques d&#8217;ASUS.<\/p>\n<\/section>\n<section>\n<div class=\"desc-image\"><span><img decoding=\"async\" alt=\"\" loading=\"lazy\" src=\"https:\/\/electrovideo.eu\/wp-content\/uploads\/2025\/09\/asus_tuf_gaming_002.jpg\"><\/span><\/div>\n<div class=\"desc-text\">\n<h2>ASUS TUF GAMING B760-PLUS WIFI (DDR5)<\/h2>\n<ul>\n<li>Support des processeurs Intel Core de 12\u00e8me et 13\u00e8me g\u00e9n\u00e9ration sur socket LGA 1700<\/li>\n<li>Support de la m\u00e9moire DDR5, jusqu&#8217;\u00e0 7200 MHz (OC) &#8211; maximum 4 x 48 Go<\/li>\n<li>3 emplacements M.2 PCIe 4.0 4x + 4 ports SATA 6 Gbps<\/li>\n<li>Port PCI-Express 5.0 16x<\/li>\n<li>ASUS TUF PROTECTION avec&nbsp;DIGI+ VRM, ESD Guards,&nbsp;LANGuard, Overvoltage Protection<\/li>\n<li>LAN 2.5 GbE<\/li>\n<li>Wi-Fi 6 AX\/Bluetooth 5.2<\/li>\n<li>Port USB 3.2 Type C<\/li>\n<li>Compatible Aura Sync et ventilateurs ARGB<\/li>\n<\/ul>\n<\/div>\n<\/section>\n<section>\n<div class=\"desc-text\">\n<h2>Toute la puissance des processeurs Intel<\/h2>\n<p>Gr\u00e2ce \u00e0 des fr\u00e9quences \u00e9lev\u00e9es, atteignez de hautes performances dans les jeux. Affrontez vos adversaires en toute confiance ou explorez de nouveaux univers gr\u00e2ce \u00e0 une architecture de processeur r\u00e9volutionnaire qui se concentre sur l&#8217;essentiel. Les processeurs Intel de 12\u00e8me\/13\u00e8me g\u00e9n\u00e9ration sont tout simplement con\u00e7us pour la nouvelle g\u00e9n\u00e9ration de jeux vid\u00e9o.&nbsp;<\/p><\/div>\n<div class=\"desc-image\"><span><img decoding=\"async\" alt=\"\" loading=\"lazy\" src=\"https:\/\/electrovideo.eu\/wp-content\/uploads\/2025\/09\/intel_alder-lake_core-i5_001.jpg\"><\/span><\/div>\n<\/section>\n<\/div><\/div>\n","protected":false},"excerpt":{"rendered":"<p>Carte m\u00e8re ATX Socket 1700 Intel B760 Express &#8211; 4x DDR5 &#8211; M.2 PCIe 4.0 &#8211; USB 3.2 &#8211; PCI-Express 5.0 16x &#8211; LAN 2.5 GbE &#8211; Wi-Fi 6 AX\/Bluetooth 5.2<\/p>\n","protected":false},"featured_media":208317,"comment_status":"open","ping_status":"closed","template":"","meta":{"_monsterinsights_skip_tracking":false,"_monsterinsights_sitenote_active":false,"_monsterinsights_sitenote_note":"","_monsterinsights_sitenote_category":0},"etheme_brands":[{"term_id":53,"name":"ASUS","slug":"asus","term_group":0,"term_taxonomy_id":53,"taxonomy":"brand","description":"","parent":0,"count":248,"filter":"raw"}],"product_brand":[],"product_cat":[24],"product_tag":[],"class_list":{"0":"post-208314","1":"product","2":"type-product","3":"status-publish","4":"has-post-thumbnail","6":"brand-asus","7":"product_cat-motherboard","9":"first","10":"instock","11":"taxable","12":"shipping-taxable","13":"purchasable","14":"product-type-simple"},"_links":{"self":[{"href":"https:\/\/electrovideo.eu\/en\/wp-json\/wp\/v2\/product\/208314","targetHints":{"allow":["GET"]}}],"collection":[{"href":"https:\/\/electrovideo.eu\/en\/wp-json\/wp\/v2\/product"}],"about":[{"href":"https:\/\/electrovideo.eu\/en\/wp-json\/wp\/v2\/types\/product"}],"replies":[{"embeddable":true,"href":"https:\/\/electrovideo.eu\/en\/wp-json\/wp\/v2\/comments?post=208314"}],"version-history":[{"count":0,"href":"https:\/\/electrovideo.eu\/en\/wp-json\/wp\/v2\/product\/208314\/revisions"}],"wp:featuredmedia":[{"embeddable":true,"href":"https:\/\/electrovideo.eu\/en\/wp-json\/wp\/v2\/media\/208317"}],"wp:attachment":[{"href":"https:\/\/electrovideo.eu\/en\/wp-json\/wp\/v2\/media?parent=208314"}],"wp:term":[{"taxonomy":"brand","embeddable":true,"href":"https:\/\/electrovideo.eu\/en\/wp-json\/wp\/v2\/etheme_brands?post=208314"},{"taxonomy":"product_brand","embeddable":true,"href":"https:\/\/electrovideo.eu\/en\/wp-json\/wp\/v2\/product_brand?post=208314"},{"taxonomy":"product_cat","embeddable":true,"href":"https:\/\/electrovideo.eu\/en\/wp-json\/wp\/v2\/product_cat?post=208314"},{"taxonomy":"product_tag","embeddable":true,"href":"https:\/\/electrovideo.eu\/en\/wp-json\/wp\/v2\/product_tag?post=208314"}],"curies":[{"name":"wp","href":"https:\/\/api.w.org\/{rel}","templated":true}]}}