{"id":208280,"date":"2025-09-17T20:43:37","date_gmt":"2025-09-17T18:43:37","guid":{"rendered":"https:\/\/electrovideo.eu\/produit\/msi-pro-b650-s-wifi\/"},"modified":"2025-09-17T20:43:37","modified_gmt":"2025-09-17T18:43:37","slug":"msi-pro-b650-s-wifi","status":"publish","type":"product","link":"https:\/\/electrovideo.eu\/en\/product\/msi-pro-b650-s-wifi\/","title":{"rendered":"MSI PRO B650-S WIFI"},"content":{"rendered":"<div id=\"description\" class=\"description\">\n<div class=\"details-pdt-desc\">\n<h2 class=\"h2-master\">Lib\u00e9rez le potentiel de votre processeur<\/h2>\n<section>\n<p>La<strong> <\/strong><strong>MSI PRO B650-S WIFI <\/strong>est une carte m\u00e8re ployvalnte pour processeur <strong>AMD Ryzen sur socket AM5<\/strong>. Elle permettra de concevoir un PC gamer performant bas\u00e9 sur les composants les plus puissants du march\u00e9, tels que les <strong>processeurs AMD Ryzen 7000<\/strong>,&nbsp;les cartes graphiques PCI-Express 4.0 16x, les disques M.2 NVMe PCIe 4.0 ou encore la RAM DDR5.&nbsp;La carte m\u00e8re <strong>PRO B650-S WIFI<\/strong> issue de la gamme PRO de MSI se plie aux exigences des professionnels en alliant durabilit\u00e9 et fonctionnalit\u00e9s essentielles.<\/p>\n<\/section>\n<section>\n<div class=\"desc-image\"><span><img decoding=\"async\" alt=\"\" loading=\"lazy\" src=\"https:\/\/electrovideo.eu\/wp-content\/uploads\/2025\/09\/msi_pro_b650_s_wifi.jpg\"><\/span><\/div>\n<div class=\"desc-text\">\n<h2>PRO B650-S WIFI<\/h2>\n<ul>\n<li>Support des processeurs pour PC de bureau AMD Ryzen s\u00e9rie 7000<\/li>\n<li>Support de la m\u00e9moire DDR5 7200 MHz<\/li>\n<li>Core Boost : Disposition premium et conception d&#8217;alimentation num\u00e9rique pour prendre en charge plus de c\u0153urs et offrir de meilleures performances<\/li>\n<li>Memory Boost : Technologie avanc\u00e9e pour fournir des signaux de donn\u00e9es purs pour des performances, une stabilit\u00e9 et une compatibilit\u00e9 optimales<\/li>\n<li>Transferts de donn\u00e9es ultrarapides avec les connecteurs PCIe 4.0, M.2 Lightning PCIe 4.0 x4<\/li>\n<li>Connecteur LAN 2.5 GbE et norme Wi-Fi 6E pour une connexion rapide et stable<\/li>\n<li>Technologie Mystic Light pour un r\u00e9tro\u00e9clairage LED RGB avec 16.7 millions de couleurs<\/li>\n<li>Audio Boost pour une qualit\u00e9 audio parfaite et une exp\u00e9rience plus immersive<\/li>\n<\/ul>\n<\/div>\n<\/section>\n<section>\n<div class=\"desc-text\">\n<h2>Jouez&nbsp;dans les meilleures conditions<\/h2>\n<p>Les fr\u00e9quences \u00e9lev\u00e9es des processeurs <strong>AMD Ryzen Zen 4<\/strong> sont un v\u00e9ritable avantage dans les jeux. Choisissez les bons composants et concevez un PC Gaming surpuissant, sans latences et pr\u00eat \u00e0 servir quand il faut. Prenez l&#8217;avantage sur vos adversaires et atteignez des sommets gr\u00e2ce aux processeurs<strong> AMD Ryzen 7000<\/strong> et aux cartes m\u00e8res <strong>AMD AM5<\/strong>.<\/p>\n<p>Les processeurs <strong>AMD Ryzen 7000<\/strong> sont performants dans tous les domaines. Ils vont permettront de cr\u00e9er plus vite, d&#8217;atteindre vos objectifs plus rapidement et de gagner du temps en permanence. Qu\u2019il s\u2019agisse de rendu 3D ou d\u2019exportation de fichiers vid\u00e9o volumineux, concevez, livrez et faites le job avec la vitesse et le stockage PCIe 5.0, de nombreux threads de traitement et des acc\u00e9l\u00e9rateurs vid\u00e9o d\u00e9di\u00e9s. &nbsp;<\/p>\n<\/div>\n<div class=\"desc-image\"><span><img decoding=\"async\" alt=\"\" loading=\"lazy\" src=\"https:\/\/electrovideo.eu\/wp-content\/uploads\/2025\/09\/amd_ryzen_7000_001.jpg\"><\/span><\/div>\n<\/section>\n<\/div><\/div>\n","protected":false},"excerpt":{"rendered":"<p>Carte m\u00e8re ATX Socket AM5 AMD B650 &#8211; 4x DDR5 &#8211; M.2 PCIe 4.0 &#8211; USB 3.2 &#8211; PCI-Express 4.0 16x &#8211; LAN 2.5 GbE &#8211; Wi-Fi 6E\/Bluetooth 5.3<\/p>\n","protected":false},"featured_media":208282,"comment_status":"open","ping_status":"closed","template":"","meta":{"_monsterinsights_skip_tracking":false,"_monsterinsights_sitenote_active":false,"_monsterinsights_sitenote_note":"","_monsterinsights_sitenote_category":0},"etheme_brands":[{"term_id":51,"name":"MSI","slug":"msi","term_group":0,"term_taxonomy_id":51,"taxonomy":"brand","description":"","parent":0,"count":137,"filter":"raw"}],"product_brand":[],"product_cat":[24],"product_tag":[],"class_list":{"0":"post-208280","1":"product","2":"type-product","3":"status-publish","4":"has-post-thumbnail","6":"brand-msi","7":"product_cat-motherboard","9":"first","10":"instock","11":"taxable","12":"shipping-taxable","13":"purchasable","14":"product-type-simple"},"_links":{"self":[{"href":"https:\/\/electrovideo.eu\/en\/wp-json\/wp\/v2\/product\/208280","targetHints":{"allow":["GET"]}}],"collection":[{"href":"https:\/\/electrovideo.eu\/en\/wp-json\/wp\/v2\/product"}],"about":[{"href":"https:\/\/electrovideo.eu\/en\/wp-json\/wp\/v2\/types\/product"}],"replies":[{"embeddable":true,"href":"https:\/\/electrovideo.eu\/en\/wp-json\/wp\/v2\/comments?post=208280"}],"version-history":[{"count":0,"href":"https:\/\/electrovideo.eu\/en\/wp-json\/wp\/v2\/product\/208280\/revisions"}],"wp:featuredmedia":[{"embeddable":true,"href":"https:\/\/electrovideo.eu\/en\/wp-json\/wp\/v2\/media\/208282"}],"wp:attachment":[{"href":"https:\/\/electrovideo.eu\/en\/wp-json\/wp\/v2\/media?parent=208280"}],"wp:term":[{"taxonomy":"brand","embeddable":true,"href":"https:\/\/electrovideo.eu\/en\/wp-json\/wp\/v2\/etheme_brands?post=208280"},{"taxonomy":"product_brand","embeddable":true,"href":"https:\/\/electrovideo.eu\/en\/wp-json\/wp\/v2\/product_brand?post=208280"},{"taxonomy":"product_cat","embeddable":true,"href":"https:\/\/electrovideo.eu\/en\/wp-json\/wp\/v2\/product_cat?post=208280"},{"taxonomy":"product_tag","embeddable":true,"href":"https:\/\/electrovideo.eu\/en\/wp-json\/wp\/v2\/product_tag?post=208280"}],"curies":[{"name":"wp","href":"https:\/\/api.w.org\/{rel}","templated":true}]}}