{"id":208248,"date":"2025-09-17T20:44:53","date_gmt":"2025-09-17T18:44:53","guid":{"rendered":"https:\/\/electrovideo.eu\/produit\/msi-z790-gaming-plus-wifi\/"},"modified":"2025-09-17T20:44:53","modified_gmt":"2025-09-17T18:44:53","slug":"msi-z790-gaming-plus-wifi","status":"publish","type":"product","link":"https:\/\/electrovideo.eu\/en\/product\/msi-z790-gaming-plus-wifi\/","title":{"rendered":"MSI Z790 GAMING PLUS WIFI"},"content":{"rendered":"<div id=\"description\" class=\"description\">\n<div class=\"details-pdt-desc\">\n<h2 class=\"h2-master\">Exploitez toute la puissance de votre processeur Intel Core<\/h2>\n<section>\n<p>Con\u00e7ue pour accueillir les processeurs Intel Core hybrides de 12\u00e8me et 13\u00e8me g\u00e9n\u00e9ration sur socket Intel LGA 1700, la <strong>carte m\u00e8re MSI Z790 GAMING PLUS WIFI <\/strong>est id\u00e9ale pour l&#8217;assemblage d&#8217;une configuration Gaming. La Z790 GAMING PLUS WIFI propose une connectique compl\u00e8te avec un port PCI-Express 5.0 16x, 4 slots M.2 PCIe 4.0 x4 et la DDR5 jusqu&#8217;\u00e0 7200 MHz.<\/p>\n<\/section>\n<section>\n<div class=\"desc-image\"><span><img decoding=\"async\" alt=\"\" loading=\"lazy\" src=\"https:\/\/electrovideo.eu\/wp-content\/uploads\/2025\/09\/msi_z790_gaming_plus_wifi.jpg\"><\/span><\/div>\n<div class=\"desc-text\">\n<h2>MSI GAMING PLUS WIFI<\/h2>\n<ul>\n<li>Support des processeurs Intel Core de 12\u00e8me et 13\u00e8me g\u00e9n\u00e9ration sur socket LGA 1700<\/li>\n<li>Support de la m\u00e9moire DDR5 7200 MHz (OC)<\/li>\n<li>4 emplacements M.2 PCIe 4.0 4x + 6 ports SATA 6 Gbps<\/li>\n<li>Port PCI-Express 5.0 16x<\/li>\n<li>Audio Boost pour un son de qualit\u00e9 sup\u00e9rieure<\/li>\n<li>Extended Heatsink Design pour un meilleur refroidissement des composants<\/li>\n<li>Core Boost avec 2 connecteurs d&#8217;alimentation CPU 8 pins et circuit imprim\u00e9 de haute qualit\u00e9<\/li>\n<li>Port USB 3.2 Type C<\/li>\n<li>LAN 2.5 GbE<\/li>\n<li>Wi-Fi 6E\/Bluetooth 5.3<\/li>\n<\/ul>\n<\/div>\n<\/section>\n<section>\n<div class=\"desc-text\">\n<h2>Toujours plus haut<\/h2>\n<p>Les processeurs Intel Core de 13\u1d49&nbsp;g\u00e9n\u00e9ration pour PC de bureau offrent la plateforme la plus compl\u00e8te pour utiliser les technologies de gaming que vous voulez. La prise en charge de la technologie Thunderbolt 4 offre un moyen simple et rapide de connecter des p\u00e9riph\u00e9riques. Poussez votre machine plus loin que le max : Overclocking am\u00e9lior\u00e9 sur les deux ensembles de c\u0153urs pour des performances \u00e0 votre niveau. Vous pouvez jouer et streamer en m\u00eame temps, autant que vous voulez.<\/p>\n<\/div>\n<div class=\"desc-image\"><span><img decoding=\"async\" alt=\"\" loading=\"lazy\" src=\"https:\/\/electrovideo.eu\/wp-content\/uploads\/2025\/09\/intel_raptor_lake_002.jpg\"><\/span><\/div>\n<\/section>\n<\/div><\/div>\n","protected":false},"excerpt":{"rendered":"<p>Carte m\u00e8re ATX Socket 1700 Intel Z790 Express &#8211; 4x DDR5 &#8211; M.2 PCIe 4.0 &#8211; USB 3.2 &#8211; PCI-Express 5.0 16x &#8211; LAN 2.5 GbE &#8211; Wi-Fi 6E\/Bluetooth 5.3<\/p>\n","protected":false},"featured_media":208250,"comment_status":"open","ping_status":"closed","template":"","meta":{"_monsterinsights_skip_tracking":false,"_monsterinsights_sitenote_active":false,"_monsterinsights_sitenote_note":"","_monsterinsights_sitenote_category":0},"etheme_brands":[{"term_id":51,"name":"MSI","slug":"msi","term_group":0,"term_taxonomy_id":51,"taxonomy":"brand","description":"","parent":0,"count":137,"filter":"raw"}],"product_brand":[],"product_cat":[24],"product_tag":[],"class_list":{"0":"post-208248","1":"product","2":"type-product","3":"status-publish","4":"has-post-thumbnail","6":"brand-msi","7":"product_cat-motherboard","9":"first","10":"instock","11":"taxable","12":"shipping-taxable","13":"purchasable","14":"product-type-simple"},"_links":{"self":[{"href":"https:\/\/electrovideo.eu\/en\/wp-json\/wp\/v2\/product\/208248","targetHints":{"allow":["GET"]}}],"collection":[{"href":"https:\/\/electrovideo.eu\/en\/wp-json\/wp\/v2\/product"}],"about":[{"href":"https:\/\/electrovideo.eu\/en\/wp-json\/wp\/v2\/types\/product"}],"replies":[{"embeddable":true,"href":"https:\/\/electrovideo.eu\/en\/wp-json\/wp\/v2\/comments?post=208248"}],"version-history":[{"count":0,"href":"https:\/\/electrovideo.eu\/en\/wp-json\/wp\/v2\/product\/208248\/revisions"}],"wp:featuredmedia":[{"embeddable":true,"href":"https:\/\/electrovideo.eu\/en\/wp-json\/wp\/v2\/media\/208250"}],"wp:attachment":[{"href":"https:\/\/electrovideo.eu\/en\/wp-json\/wp\/v2\/media?parent=208248"}],"wp:term":[{"taxonomy":"brand","embeddable":true,"href":"https:\/\/electrovideo.eu\/en\/wp-json\/wp\/v2\/etheme_brands?post=208248"},{"taxonomy":"product_brand","embeddable":true,"href":"https:\/\/electrovideo.eu\/en\/wp-json\/wp\/v2\/product_brand?post=208248"},{"taxonomy":"product_cat","embeddable":true,"href":"https:\/\/electrovideo.eu\/en\/wp-json\/wp\/v2\/product_cat?post=208248"},{"taxonomy":"product_tag","embeddable":true,"href":"https:\/\/electrovideo.eu\/en\/wp-json\/wp\/v2\/product_tag?post=208248"}],"curies":[{"name":"wp","href":"https:\/\/api.w.org\/{rel}","templated":true}]}}