{"id":208239,"date":"2025-09-17T20:44:53","date_gmt":"2025-09-17T18:44:53","guid":{"rendered":"https:\/\/electrovideo.eu\/produit\/msi-mag-b650-tomahawk-wifi\/"},"modified":"2025-09-17T20:44:53","modified_gmt":"2025-09-17T18:44:53","slug":"msi-mag-b650-tomahawk-wifi","status":"publish","type":"product","link":"https:\/\/electrovideo.eu\/en\/product\/msi-mag-b650-tomahawk-wifi\/","title":{"rendered":"MSI MAG B650 TOMAHAWK WIFI"},"content":{"rendered":"<div id=\"description\" class=\"description\">\n<div class=\"details-pdt-desc\">\n<h2 class=\"h2-master\">Lib\u00e9rez le potentiel de votre processeur<\/h2>\n<section>\n<p>La<strong> <\/strong><strong>MAG B650 TOMAHAWK WIFI <\/strong>est une carte m\u00e8re gaming pour processeur <strong>AMD Ryzen sur socket AM5<\/strong>. Elle permettra de concevoir un PC gamer performant bas\u00e9 sur les composants les plus puissants du march\u00e9, tels que les <strong>processeurs AMD Ryzen 7000<\/strong>,&nbsp;les cartes graphiques PCI-Express 4.0 16x, les disques M.2 NVMe PCIe 4.0 ou encore la RAM DDR5.&nbsp;La carte m\u00e8re <strong>MAG B650 TOMAHAWK WIFI<\/strong> issue de la gamme Arsenal Gaming de MSI arbore un look noir intense et des \u00e9l\u00e9ments inspir\u00e9s de l&#8217;arm\u00e9e. Et en plus d&#8217;\u00eatre styl\u00e9e, cette carte m\u00e8re dispose de toutes les caract\u00e9ristiques pour vous offrir une grande puissance de jeu.<\/p>\n<\/section>\n<section>\n<div class=\"desc-image\"><span><img decoding=\"async\" alt=\"\" loading=\"lazy\" src=\"https:\/\/electrovideo.eu\/wp-content\/uploads\/2025\/09\/msi_mag_b650_tomahawk_wifi.jpg\"><\/span><\/div>\n<div class=\"desc-text\">\n<h2>MAG B650 TOMAHAWK WIFI<\/h2>\n<ul>\n<li>Support des processeurs pour PC de bureau AMD Ryzen s\u00e9rie 7000<\/li>\n<li>Support de la m\u00e9moire DDR5 7600 MHz<\/li>\n<li>Dissipation thermique am\u00e9lior\u00e9e avec Dissipateurs thermiques agrandis et M.2 Shield Frozr<\/li>\n<li>Transferts de donn\u00e9es ultrarapides avec les connecteurs PCIe 4.0, M.2 Lightning PCIe 4.0 x4 et USB 3.2 20 Gbps<\/li>\n<li>Connecteur LAN 2.5 GbE et norme Wi-Fi 6E pour une connexion rapide et stable<\/li>\n<li>Technologie Mystic Light pour un r\u00e9tro\u00e9clairage LED RGB avec 16,7 millions de couleurs<\/li>\n<li>Audio Boost 5 HD pour une qualit\u00e9 audio parfaite et une exp\u00e9rience plus immersive<\/li>\n<\/ul>\n<\/div>\n<\/section>\n<section>\n<div class=\"desc-text\">\n<h2>Jouez&nbsp;dans les meilleures conditions<\/h2>\n<p>Les fr\u00e9quences \u00e9lev\u00e9es des processeurs <strong>AMD Ryzen Zen 4<\/strong> sont un v\u00e9ritable avantage dans les jeux. Choisissez les bons composants et concevez un PC Gaming surpuissant, sans latences et pr\u00eat \u00e0 servir quand il faut. Prenez l&#8217;avantage sur vos adversaires et atteignez des sommets gr\u00e2ce aux processeurs<strong> AMD Ryzen 7000<\/strong> et aux cartes m\u00e8res <strong>AMD AM5<\/strong>.<\/p>\n<p>Les processeurs <strong>AMD Ryzen 7000<\/strong> sont performants dans tous les domaines. Ils vont permettront de cr\u00e9er plus vite, d&#8217;atteindre vos objectifs plus rapidement et de gagner du temps en permanence. Qu\u2019il s\u2019agisse de rendu 3D ou d\u2019exportation de fichiers vid\u00e9o volumineux, concevez, livrez et faites le job avec la vitesse et le stockage PCIe 5.0, de nombreux threads de traitement et des acc\u00e9l\u00e9rateurs vid\u00e9o d\u00e9di\u00e9s. &nbsp;<\/p>\n<\/div>\n<div class=\"desc-image\"><span><img decoding=\"async\" alt=\"\" loading=\"lazy\" src=\"https:\/\/electrovideo.eu\/wp-content\/uploads\/2025\/09\/amd_ryzen_7000_001.jpg\"><\/span><\/div>\n<\/section>\n<\/div><\/div>\n","protected":false},"excerpt":{"rendered":"<p>Carte m\u00e8re ATX Socket AM5 AMD B650 &#8211; 4x DDR5 &#8211; M.2 PCIe 4.0 &#8211; USB 3.2 &#8211; PCI-Express 4.0 16x &#8211; LAN 2.5 GbE &#8211; Wi-Fi 6E<\/p>\n","protected":false},"featured_media":208243,"comment_status":"open","ping_status":"closed","template":"","meta":{"_monsterinsights_skip_tracking":false,"_monsterinsights_sitenote_active":false,"_monsterinsights_sitenote_note":"","_monsterinsights_sitenote_category":0},"etheme_brands":[{"term_id":51,"name":"MSI","slug":"msi","term_group":0,"term_taxonomy_id":51,"taxonomy":"brand","description":"","parent":0,"count":137,"filter":"raw"}],"product_brand":[],"product_cat":[24],"product_tag":[],"class_list":{"0":"post-208239","1":"product","2":"type-product","3":"status-publish","4":"has-post-thumbnail","6":"brand-msi","7":"product_cat-motherboard","9":"first","10":"instock","11":"taxable","12":"shipping-taxable","13":"purchasable","14":"product-type-simple"},"_links":{"self":[{"href":"https:\/\/electrovideo.eu\/en\/wp-json\/wp\/v2\/product\/208239","targetHints":{"allow":["GET"]}}],"collection":[{"href":"https:\/\/electrovideo.eu\/en\/wp-json\/wp\/v2\/product"}],"about":[{"href":"https:\/\/electrovideo.eu\/en\/wp-json\/wp\/v2\/types\/product"}],"replies":[{"embeddable":true,"href":"https:\/\/electrovideo.eu\/en\/wp-json\/wp\/v2\/comments?post=208239"}],"version-history":[{"count":0,"href":"https:\/\/electrovideo.eu\/en\/wp-json\/wp\/v2\/product\/208239\/revisions"}],"wp:featuredmedia":[{"embeddable":true,"href":"https:\/\/electrovideo.eu\/en\/wp-json\/wp\/v2\/media\/208243"}],"wp:attachment":[{"href":"https:\/\/electrovideo.eu\/en\/wp-json\/wp\/v2\/media?parent=208239"}],"wp:term":[{"taxonomy":"brand","embeddable":true,"href":"https:\/\/electrovideo.eu\/en\/wp-json\/wp\/v2\/etheme_brands?post=208239"},{"taxonomy":"product_brand","embeddable":true,"href":"https:\/\/electrovideo.eu\/en\/wp-json\/wp\/v2\/product_brand?post=208239"},{"taxonomy":"product_cat","embeddable":true,"href":"https:\/\/electrovideo.eu\/en\/wp-json\/wp\/v2\/product_cat?post=208239"},{"taxonomy":"product_tag","embeddable":true,"href":"https:\/\/electrovideo.eu\/en\/wp-json\/wp\/v2\/product_tag?post=208239"}],"curies":[{"name":"wp","href":"https:\/\/api.w.org\/{rel}","templated":true}]}}