{"id":208227,"date":"2025-09-17T20:44:53","date_gmt":"2025-09-17T18:44:53","guid":{"rendered":"https:\/\/electrovideo.eu\/produit\/gigabyte-z790-aorus-elite-ax\/"},"modified":"2025-09-17T20:44:53","modified_gmt":"2025-09-17T18:44:53","slug":"gigabyte-z790-aorus-elite-ax","status":"publish","type":"product","link":"https:\/\/electrovideo.eu\/en\/product\/gigabyte-z790-aorus-elite-ax\/","title":{"rendered":"Gigabyte Z790 AORUS ELITE AX"},"content":{"rendered":"<div id=\"description\" class=\"description\">\n<div class=\"details-pdt-desc\">\n<h2 class=\"h2-master\">Carte m\u00e8re Gaming Gigabyte AORUS pour Intel Raptor Lake<\/h2>\n<section>\n<p>Bas\u00e9e sur le chipset<strong>&nbsp;Intel Z790 Express<\/strong>, la carte m\u00e8re <strong>Gigabyte Z790 AORUS ELITE AX <\/strong>servira de base \u00e0 votre PC Gaming \u00e9quip\u00e9 d&#8217;un processeur performant et dot\u00e9 de&nbsp;fonctionnalit\u00e9s exclusives Gigabyte comme Smart Fan 6. Elle prend en charge les processeurs Intel Core 12\u00e8me et 13\u00e8me g\u00e9n\u00e9ration, les cartes graphiques PCI-Express 5.0 16x, les SSD M.2 PCIe 4.0, la RAM DDR5 ainsi que les p\u00e9riph\u00e9riques USB 3.1 et 3.2.<\/p>\n<\/section>\n<section>\n<div class=\"desc-image\"><span><img decoding=\"async\" alt=\"\" loading=\"lazy\" src=\"https:\/\/electrovideo.eu\/wp-content\/uploads\/2025\/09\/gigabyte_z790_aorus_elite_ax.jpg\"><\/span><\/div>\n<div class=\"desc-text\">\n<h2>Gigabyte Z790 AORUS ELITE AX<\/h2>\n<ul>\n<li>Support des processeurs Intel Core de 12\u00e8me et 13\u00e8me g\u00e9n\u00e9ration sur socket LGA 1700<\/li>\n<li>Support de la m\u00e9moire DDR5 7600 MHz (OC)<\/li>\n<li>VRM 16+1+2 phases (8+8 parall\u00e8les)<\/li>\n<li>PCI-Express 5.0 16x<\/li>\n<li>Smart Fan 6<\/li>\n<li>EZ-Latch PLus : Verrouillage\/D\u00e9verrouillage rapide du PCIe 5.0 x16 et des M.2 (pas besoin de vis)<\/li>\n<li>Wi-Fi 6E et Bluetooth 5.3 + LAN 2.5 GbE<\/li>\n<li>Q-Flash Plus : Mise \u00e0 jour du BIOS sans Installer de Processeur, de M\u00e9moire ou de Carte Graphique<\/li>\n<\/ul>\n<\/div>\n<\/section>\n<section>\n<div class=\"desc-text\">\n<h2>Toujours plus haut<\/h2>\n<p>Les processeurs Intel Core de 13\u1d49&nbsp;g\u00e9n\u00e9ration pour PC de bureau offrent la plateforme la plus compl\u00e8te pour utiliser les technologies de gaming que vous voulez. La prise en charge de la DDR4 et de la DDR5 vous offre le choix de la configuration de la m\u00e9moire. La prise en charge de la technologie Thunderbolt 4 offre un moyen simple et rapide de connecter des p\u00e9riph\u00e9riques. Poussez votre machine plus loin que le max : Overclocking am\u00e9lior\u00e9 sur les deux ensembles de c\u0153urs pour des performances \u00e0 votre niveau. Vous pouvez jouer et streamer en m\u00eame temps, autant que vous voulez.<\/p>\n<\/div>\n<div class=\"desc-image\"><span><img decoding=\"async\" alt=\"\" loading=\"lazy\" src=\"https:\/\/electrovideo.eu\/wp-content\/uploads\/2025\/09\/intel_raptor_lake_002.jpg\"><\/span><\/div>\n<\/section>\n<\/div><\/div>\n","protected":false},"excerpt":{"rendered":"<p>Carte m\u00e8re ATX Socket 1700 Intel Z790 Express &#8211; 4x DDR5 &#8211; M.2 PCIe 4.0 &#8211; USB 3.2 &#8211; PCI-Express 5.0 16x &#8211; LAN 2.5 GbE &#8211; Wi-Fi 6E<\/p>\n","protected":false},"featured_media":208230,"comment_status":"open","ping_status":"closed","template":"","meta":{"_monsterinsights_skip_tracking":false,"_monsterinsights_sitenote_active":false,"_monsterinsights_sitenote_note":"","_monsterinsights_sitenote_category":0},"etheme_brands":[{"term_id":44,"name":"Gigabyte","slug":"gigabyte","term_group":0,"term_taxonomy_id":44,"taxonomy":"brand","description":"","parent":0,"count":118,"filter":"raw"}],"product_brand":[],"product_cat":[24],"product_tag":[],"class_list":{"0":"post-208227","1":"product","2":"type-product","3":"status-publish","4":"has-post-thumbnail","6":"brand-gigabyte","7":"product_cat-motherboard","9":"first","10":"instock","11":"taxable","12":"shipping-taxable","13":"purchasable","14":"product-type-simple"},"_links":{"self":[{"href":"https:\/\/electrovideo.eu\/en\/wp-json\/wp\/v2\/product\/208227","targetHints":{"allow":["GET"]}}],"collection":[{"href":"https:\/\/electrovideo.eu\/en\/wp-json\/wp\/v2\/product"}],"about":[{"href":"https:\/\/electrovideo.eu\/en\/wp-json\/wp\/v2\/types\/product"}],"replies":[{"embeddable":true,"href":"https:\/\/electrovideo.eu\/en\/wp-json\/wp\/v2\/comments?post=208227"}],"version-history":[{"count":0,"href":"https:\/\/electrovideo.eu\/en\/wp-json\/wp\/v2\/product\/208227\/revisions"}],"wp:featuredmedia":[{"embeddable":true,"href":"https:\/\/electrovideo.eu\/en\/wp-json\/wp\/v2\/media\/208230"}],"wp:attachment":[{"href":"https:\/\/electrovideo.eu\/en\/wp-json\/wp\/v2\/media?parent=208227"}],"wp:term":[{"taxonomy":"brand","embeddable":true,"href":"https:\/\/electrovideo.eu\/en\/wp-json\/wp\/v2\/etheme_brands?post=208227"},{"taxonomy":"product_brand","embeddable":true,"href":"https:\/\/electrovideo.eu\/en\/wp-json\/wp\/v2\/product_brand?post=208227"},{"taxonomy":"product_cat","embeddable":true,"href":"https:\/\/electrovideo.eu\/en\/wp-json\/wp\/v2\/product_cat?post=208227"},{"taxonomy":"product_tag","embeddable":true,"href":"https:\/\/electrovideo.eu\/en\/wp-json\/wp\/v2\/product_tag?post=208227"}],"curies":[{"name":"wp","href":"https:\/\/api.w.org\/{rel}","templated":true}]}}