{"id":208208,"date":"2025-09-17T20:49:25","date_gmt":"2025-09-17T18:49:25","guid":{"rendered":"https:\/\/electrovideo.eu\/produit\/asus-rog-strix-b650e-f-gaming-wifi\/"},"modified":"2025-09-17T20:49:25","modified_gmt":"2025-09-17T18:49:25","slug":"asus-rog-strix-b650e-f-gaming-wifi","status":"publish","type":"product","link":"https:\/\/electrovideo.eu\/en\/product\/asus-rog-strix-b650e-f-gaming-wifi\/","title":{"rendered":"ASUS ROG STRIX B650E-F GAMING WIFI"},"content":{"rendered":"<div id=\"description\" class=\"description\">\n<div class=\"details-pdt-desc\">\n<h2 class=\"h2-master\">Tirez parti du meilleur de votre processeur AMD<\/h2>\n<section>\n<p>La <strong>carte m\u00e8re ASUS ROG STRIX B650E-F GAMING WIFI <\/strong>est id\u00e9ale pour concevoir un PC Gaming dot\u00e9 des technologies les plus avanc\u00e9es gr\u00e2ce \u00e0 son <strong>socket AMD AM5<\/strong> et \u00e0 sa compatibilit\u00e9 avec les processeurs <strong>AMD Ryzen 7000\/8000\/9000<\/strong>. Elle prend en charge la <strong>m\u00e9moire vive DDR5,<\/strong> les <strong>cartes graphiques PCI-Express 5.0<\/strong>, les SSD <strong>M.2&nbsp;PCIe 5.0 et 4.0<\/strong> et profite d&#8217;une connectivit\u00e9 <strong>r\u00e9seau LAN 2.5 GbE <\/strong>et <strong>Wi-Fi 6E<\/strong>. Pens\u00e9es et con\u00e7ues pour les Gamers exigeants \u00e0 la recherche de performances et de fiabilit\u00e9 \u00e0 long terme, les <strong>cartes m\u00e8res ASUS ROG STRIX Gaming <\/strong> permettent de tirer parti du meilleur de vos composants.<\/p>\n<\/section>\n<section>\n<div class=\"desc-image\"><span><img decoding=\"async\" alt=\"\" loading=\"lazy\" src=\"https:\/\/electrovideo.eu\/wp-content\/uploads\/2025\/09\/asus_rog_strix_b650_f_gaming_wifi.jpg\"><\/span><\/div>\n<div class=\"desc-text\">\n<h2>ASUS ROG STRIX B650E-F GAMING WIFI<\/h2>\n<ul>\n<li><strong>Socket AMD AM5<\/strong> pour processeur <strong>AMD Ryzen 7000\/8000\/9000<\/strong><\/li>\n<li><strong>4 Slots m\u00e9moire DDR5 8000 MHz (O.C.) <\/strong>Dual-Channel<\/li>\n<li>Port PCI-Express 5.0 16x<\/li>\n<li>1 x M.2 PCIe 5.0 x4 + 2 x M.2 PCIe 4.0 x4 + 4 x SATA 6Gbps<\/li>\n<li>Audio ROG SupremeFX 7.1<\/li>\n<li><strong>R\u00e9seaux LAN Intel 2.5 GbE<\/strong> + Wi-Fi 6E &amp; Bluetooth 5.2<\/li>\n<\/ul>\n<\/div>\n<\/section>\n<section>\n<div class=\"desc-text\">\n<h2>Jouer dans les meilleures conditions<\/h2>\n<p>Les fr\u00e9quences \u00e9lev\u00e9es des processeurs <strong>AMD Ryzen Zen 4<\/strong> sont un v\u00e9ritable avantage dans les jeux. Choisissez les bons composants et concevez un PC Gaming surpuissant, sans latences et pr\u00eat \u00e0 servir quand il faut. Prenez l&#8217;avantage sur vos adversaires et atteignez des sommets gr\u00e2ce aux processeurs<strong> AMD Ryzen 7000<\/strong> et aux cartes m\u00e8res <strong>AMD AM5<\/strong>.<\/p>\n<p>Les processeurs <strong>AMD Ryzen 7000<\/strong> sont performants dans tous les domaines. Ils vont permettront de cr\u00e9er plus vite, d&#8217;atteindre vos objectifs plus rapidement et de gagner du temps en permanence. Qu\u2019il s\u2019agisse de rendu 3D ou d\u2019exportation de fichiers vid\u00e9o volumineux, concevez, livrez et faites le job avec la vitesse et le stockage PCIe 5.0, de nombreux threads de traitement et des acc\u00e9l\u00e9rateurs vid\u00e9o d\u00e9di\u00e9s. &nbsp;<\/p>\n<\/div>\n<div class=\"desc-image\"><span><img decoding=\"async\" alt=\"\" loading=\"lazy\" src=\"https:\/\/electrovideo.eu\/wp-content\/uploads\/2025\/09\/amd_ryzen_7000_001.jpg\"><\/span><\/div>\n<\/section>\n<\/div><\/div>\n","protected":false},"excerpt":{"rendered":"<p>Carte m\u00e8re ATX Socket AM5 AMD B650 &#8211; 4x DDR5 &#8211; M.2 PCIe 5.0 &#8211; USB 3.2 &#8211; PCI-Express 5.0 16x &#8211; LAN 2.5 GbE &#8211; Wi-Fi 6E\/Bluetooth 5.2<\/p>\n","protected":false},"featured_media":208211,"comment_status":"open","ping_status":"closed","template":"","meta":{"_monsterinsights_skip_tracking":false,"_monsterinsights_sitenote_active":false,"_monsterinsights_sitenote_note":"","_monsterinsights_sitenote_category":0},"etheme_brands":[{"term_id":53,"name":"ASUS","slug":"asus","term_group":0,"term_taxonomy_id":53,"taxonomy":"brand","description":"","parent":0,"count":248,"filter":"raw"}],"product_brand":[],"product_cat":[24],"product_tag":[],"class_list":{"0":"post-208208","1":"product","2":"type-product","3":"status-publish","4":"has-post-thumbnail","6":"brand-asus","7":"product_cat-motherboard","9":"first","10":"instock","11":"taxable","12":"shipping-taxable","13":"purchasable","14":"product-type-simple"},"_links":{"self":[{"href":"https:\/\/electrovideo.eu\/en\/wp-json\/wp\/v2\/product\/208208","targetHints":{"allow":["GET"]}}],"collection":[{"href":"https:\/\/electrovideo.eu\/en\/wp-json\/wp\/v2\/product"}],"about":[{"href":"https:\/\/electrovideo.eu\/en\/wp-json\/wp\/v2\/types\/product"}],"replies":[{"embeddable":true,"href":"https:\/\/electrovideo.eu\/en\/wp-json\/wp\/v2\/comments?post=208208"}],"version-history":[{"count":0,"href":"https:\/\/electrovideo.eu\/en\/wp-json\/wp\/v2\/product\/208208\/revisions"}],"wp:featuredmedia":[{"embeddable":true,"href":"https:\/\/electrovideo.eu\/en\/wp-json\/wp\/v2\/media\/208211"}],"wp:attachment":[{"href":"https:\/\/electrovideo.eu\/en\/wp-json\/wp\/v2\/media?parent=208208"}],"wp:term":[{"taxonomy":"brand","embeddable":true,"href":"https:\/\/electrovideo.eu\/en\/wp-json\/wp\/v2\/etheme_brands?post=208208"},{"taxonomy":"product_brand","embeddable":true,"href":"https:\/\/electrovideo.eu\/en\/wp-json\/wp\/v2\/product_brand?post=208208"},{"taxonomy":"product_cat","embeddable":true,"href":"https:\/\/electrovideo.eu\/en\/wp-json\/wp\/v2\/product_cat?post=208208"},{"taxonomy":"product_tag","embeddable":true,"href":"https:\/\/electrovideo.eu\/en\/wp-json\/wp\/v2\/product_tag?post=208208"}],"curies":[{"name":"wp","href":"https:\/\/api.w.org\/{rel}","templated":true}]}}