{"id":208194,"date":"2025-09-17T20:49:25","date_gmt":"2025-09-17T18:49:25","guid":{"rendered":"https:\/\/electrovideo.eu\/produit\/gigabyte-b550-aorus-elite-v2\/"},"modified":"2025-09-17T20:49:25","modified_gmt":"2025-09-17T18:49:25","slug":"gigabyte-b550-aorus-elite-v2","status":"publish","type":"product","link":"https:\/\/electrovideo.eu\/en\/product\/gigabyte-b550-aorus-elite-v2\/","title":{"rendered":"Gigabyte B550 AORUS ELITE V2"},"content":{"rendered":"<div id=\"description\" class=\"description\">\n<div class=\"details-pdt-desc\">\n<h2 class=\"h2-master\">Carte m\u00e8re&nbsp;Gaming socket AM4 et PCI-Express 4.0<\/h2>\n<section>\n<p>La carte m\u00e8re<strong> Gigabyte B550 AORUS ELITE V2 <\/strong>sera parfaite pour assembler une configuration gaming et \u00e9volutive pour le futur.&nbsp;Con\u00e7ue pour les processeurs <strong>AMD Ryzen<\/strong>&nbsp;<strong>\u00e0 patrir de la&nbsp;3\u00e8me g\u00e9n\u00e9ration<\/strong> (nom de core Matisse) sur <strong>socket AMD AM4<\/strong>,&nbsp;elle prend en charge jusqu&#8217;\u00e0<strong> 128 Go de&nbsp;DDR4<\/strong>, les <strong>cartes graphiques disposant de la norme PCI-Express 4.0<\/strong> et aussi&nbsp;les <strong>disques durs et SSD au format SATA <\/strong>(6 Gbit\/s)<strong> et M.2<\/strong> (SATA et <strong>PCIe 4.0 x4<\/strong>). La carte m\u00e8re <strong>B550 AORUS ELITE V2 de Gigabyte<\/strong>&nbsp;dispose en outre des derni\u00e8res avanc\u00e9es logicielles de la marque Gigabyte et de la technologie<strong> RGB Fusion 2.0.<\/strong><\/p>\n<\/section>\n<section>\n<div class=\"desc-image\"><span><img decoding=\"async\" alt=\"\" loading=\"lazy\" src=\"https:\/\/electrovideo.eu\/wp-content\/uploads\/2025\/09\/gigabyte_b550_aorus_elite_v2.jpg\"><\/span><\/div>\n<div class=\"desc-text\">\n<h2>Les plus de la Gigabyte B550 AORUS ELITE V2<\/h2>\n<p>Les cartes m\u00e8res AORUS sont les plus performantes jamais produites jusqu&#8217;\u00e0 ce jour par Gigabyte. Proposant un design \u00e0 la fois agressif et stylis\u00e9, innovations uniques et durabilit\u00e9, il ne fait aucun doute que ces nouvelles solutions AORUS r\u00e9pondront aux besoins des joueurs et utilisateurs ultra exigeants.<\/p>\n<ul>\n<li><strong>Socket AMD AM4<\/strong> pour processeur <strong>AMD Ryzen 3000 et 5000<\/strong><\/li>\n<li><strong>4 Slots m\u00e9moire DDR4 5400 MHz (OC) Dual-Channel<\/strong><\/li>\n<li>VRM Num\u00e9rique 12+2 Phases avec 50A DrMOS<\/li>\n<li>Conception thermique avanc\u00e9e avec Radiateur \u00e0 large couverture<\/li>\n<li>Contr\u00f4le du refroidissement <strong>Smart Fan 5<\/strong><\/li>\n<li>LAN 2.5GbE avec Gestion de bande passante<\/li>\n<li><strong>RGB Fusion 2.0 <\/strong>(4 connecteurs RGB dont 2 adressables)<\/li>\n<li>Q-Flash Plus : Mise \u00e0 jour du BIOS sans installation de CPU, RAM ou carte graphique<\/li>\n<li>IO Shield pr\u00e9-install\u00e9 pour installations facilit\u00e9es<\/li>\n<\/ul>\n<\/div>\n<\/section>\n<section>\n<div class=\"desc-text\">\n<h2>Passez au PCI-Express 4.0<\/h2>\n<p>Les cartes m\u00e8res Gigabyte \u00e9quip\u00e9es du chipset B550 repoussent encore un peu plus les limites en&nbsp;proposant une conception PCI-Express&nbsp;4.0 compl\u00e8te que ce soit pour les emplacements PCIe pour les cartes d&#8217;extension ou les slots M.2 pour les SSD PCIe NVMe. Id\u00e9al pour les utilisateurs exigeants et les gamers \u00e0 la recherche des meilleurs performances en toutes circonstances.<\/p>\n<\/div>\n<div class=\"desc-image\"><span><img decoding=\"async\" alt=\"\" loading=\"lazy\" src=\"https:\/\/electrovideo.eu\/wp-content\/uploads\/2025\/09\/800_2-4.jpg\"><\/span><\/div>\n<\/section>\n<section>\n<div class=\"desc-image\"><span><img decoding=\"async\" alt=\"\" loading=\"lazy\" src=\"https:\/\/electrovideo.eu\/wp-content\/uploads\/2025\/09\/800_3.jpg\"><\/span><\/div>\n<div class=\"desc-text\">\n<h2>Restez au frais avec Smart Fan 5<\/h2>\n<p>Avec <strong>Smart Fan 5<\/strong>, les gamers peuvent s&#8217;assurer que leur PC de jeu reste au summum de ses performances tout en restant au frais. La B550 AORUS ELITE V2 dispose de 5 connecteurs ventilateurs hybrides et 6 capteurs de temp\u00e9rature pour adapter le refroidissement en fonction des besoins de la carte m\u00e8re et des composants. Chaque SSD PCIe NVMe est pr\u00e9t\u00e9g\u00e9 par un dissipateur pour conserver des d\u00e9bits soutenus.<\/p>\n<\/div>\n<\/section>\n<section>\n<div class=\"desc-text\">\n<h2>RGB FUSION 2.0 : Choisissez votre style<\/h2>\n<p>Les cartes m\u00e8res Gigabyte proposent le <strong>syst\u00e8me d&#8217;\u00e9clairage LED RGB Fusion 2.0.&nbsp;<\/strong>Avec de<strong> nombreuses options de customisation<\/strong> ainsi qu&#8217;une interface graphique ergonomique gr\u00e2ce \u00e0 <strong>RGB Fusion 2.0<\/strong>, vous pourrez disposer d&#8217;une carte m\u00e8re unique qui vous correspond. Vous pourrez&nbsp;ajouter des p\u00e9riph\u00e9riques RGB gr\u00e2ce \u00e0 la pr\u00e9sence de<strong>&nbsp;4 ports RGB (dont 2&nbsp;adressables)&nbsp;<\/strong>sur la carte m\u00e8re. A vous les n\u00e9ons et ventilateurs RGB pour un look unique de votre PC gaming.<\/p>\n<\/div>\n<div class=\"desc-image\"><span><img decoding=\"async\" alt=\"\" loading=\"lazy\" src=\"https:\/\/electrovideo.eu\/wp-content\/uploads\/2025\/09\/800_4.jpg\"><\/span><\/div>\n<\/section>\n<\/div><\/div>\n","protected":false},"excerpt":{"rendered":"<p>Carte m\u00e8re ATX Socket AM4 AMD B550 &#8211; 4x DDR4 &#8211; SATA 6Gb\/s + M.2 &#8211; USB 3.1 &#8211; PCI-Express 4.0 16x &#8211; LAN 2.5 GbE<\/p>\n","protected":false},"featured_media":208196,"comment_status":"open","ping_status":"closed","template":"","meta":{"_monsterinsights_skip_tracking":false,"_monsterinsights_sitenote_active":false,"_monsterinsights_sitenote_note":"","_monsterinsights_sitenote_category":0},"etheme_brands":[{"term_id":44,"name":"Gigabyte","slug":"gigabyte","term_group":0,"term_taxonomy_id":44,"taxonomy":"brand","description":"","parent":0,"count":118,"filter":"raw"}],"product_brand":[],"product_cat":[24],"product_tag":[],"class_list":{"0":"post-208194","1":"product","2":"type-product","3":"status-publish","4":"has-post-thumbnail","6":"brand-gigabyte","7":"product_cat-motherboard","9":"first","10":"instock","11":"taxable","12":"shipping-taxable","13":"purchasable","14":"product-type-simple"},"_links":{"self":[{"href":"https:\/\/electrovideo.eu\/en\/wp-json\/wp\/v2\/product\/208194","targetHints":{"allow":["GET"]}}],"collection":[{"href":"https:\/\/electrovideo.eu\/en\/wp-json\/wp\/v2\/product"}],"about":[{"href":"https:\/\/electrovideo.eu\/en\/wp-json\/wp\/v2\/types\/product"}],"replies":[{"embeddable":true,"href":"https:\/\/electrovideo.eu\/en\/wp-json\/wp\/v2\/comments?post=208194"}],"version-history":[{"count":0,"href":"https:\/\/electrovideo.eu\/en\/wp-json\/wp\/v2\/product\/208194\/revisions"}],"wp:featuredmedia":[{"embeddable":true,"href":"https:\/\/electrovideo.eu\/en\/wp-json\/wp\/v2\/media\/208196"}],"wp:attachment":[{"href":"https:\/\/electrovideo.eu\/en\/wp-json\/wp\/v2\/media?parent=208194"}],"wp:term":[{"taxonomy":"brand","embeddable":true,"href":"https:\/\/electrovideo.eu\/en\/wp-json\/wp\/v2\/etheme_brands?post=208194"},{"taxonomy":"product_brand","embeddable":true,"href":"https:\/\/electrovideo.eu\/en\/wp-json\/wp\/v2\/product_brand?post=208194"},{"taxonomy":"product_cat","embeddable":true,"href":"https:\/\/electrovideo.eu\/en\/wp-json\/wp\/v2\/product_cat?post=208194"},{"taxonomy":"product_tag","embeddable":true,"href":"https:\/\/electrovideo.eu\/en\/wp-json\/wp\/v2\/product_tag?post=208194"}],"curies":[{"name":"wp","href":"https:\/\/api.w.org\/{rel}","templated":true}]}}