{"id":208157,"date":"2025-09-17T21:03:20","date_gmt":"2025-09-17T19:03:20","guid":{"rendered":"https:\/\/electrovideo.eu\/produit\/msi-pro-b840m-p-wifi6e\/"},"modified":"2025-09-17T21:03:20","modified_gmt":"2025-09-17T19:03:20","slug":"msi-pro-b840m-p-wifi6e","status":"publish","type":"product","link":"https:\/\/electrovideo.eu\/en\/product\/msi-pro-b840m-p-wifi6e\/","title":{"rendered":"MSI PRO B840M-P WIFI6E"},"content":{"rendered":"<div id=\"description\" class=\"description\">\n<div class=\"details-pdt-desc\">\n<h2 class=\"h2-master\">MSI PRO B840M-P WIFI6E : Carte m\u00e8re AM5 polyvalente<\/h2>\n<section>\n<p>La carte m\u00e8re <strong>MSI PRO B840M-P WIFI6E <\/strong> est munie du chipset AMD B840 qui permet de prendre en charge les processeur <strong>AMD Ryzen sur socket AM5<\/strong>, plus pr\u00e9cis\u00e9ment les s\u00e9ries 7000\/8000\/9000. Issue de la gamme MSI PRO, la B840M-P WIFI6E sera au centre de votre station de travail ou de votre PC Gamer en offrant les fonctionnalit\u00e9s n\u00e9cessaires \u00e0 la prise en charge des cartes graphiques et SSD PCIe 4.0 tout en \u00e9tant plus abordable que les mod\u00e8les \u00e9quip\u00e9es du chipset X870 et B850.<\/p>\n<p>C\u00f4t\u00e9 r\u00e9seau, la MSI PRO B840M-P WIFI6E est pourvue d&#8217;une connectique&nbsp;<strong>LAN 2.5 Gbs<\/strong>&nbsp;et d&#8217;une connectivit\u00e9 <strong>Wi-Fi 6E<\/strong>. Pour le transfert des donn\u00e9es, la carte m\u00e8re propose de nombreux ports USB \u00e0 la norme 3.0 (5 Gbps) ou 3.1 (10 Gbps). Cette carte m\u00e8re est \u00e9galement par\u00e9e pour l&#8217;IA gr\u00e2ce \u00e0 son mat\u00e9riel de pointe et ses fonctions IA int\u00e9gr\u00e9es dans MSI Center et dans le BIOS.<br \/>\n&nbsp;<\/p>\n<\/section>\n<section>\n<div class=\"desc-image\"><span><img decoding=\"async\" alt=\"\" loading=\"lazy\" src=\"https:\/\/electrovideo.eu\/wp-content\/uploads\/2025\/09\/msi_pro_b840m-p_wifi6e.jpg\"><\/span><\/div>\n<div class=\"desc-text\">\n<h2>MSI PRO B840M-P WIFI6E<\/h2>\n<ul>\n<li>Carte m\u00e8re &#8220;Ready for AI PC&#8221;<\/li>\n<li>Support des processeurs pour PC de bureau AMD Ryzen&nbsp;s\u00e9rie 7000\/8000\/9000<\/li>\n<li>Support de la m\u00e9moire DDR5 jusqu&#8217;\u00e0 128 Go (jusqu&#8217;\u00e0 5600 MHz ou 8000 MHz OC)<\/li>\n<li>2 emplacements M.2 PCIe 4.0 x4 (un emplacement fonctionnant en x2 avec un Ryzen s\u00e9rie 8300\/8500)<\/li>\n<li>Audio 7.1 Haute d\u00e9finition avec chipset Realtek ALC897<\/li>\n<li>Sortie HDMI 2.1 compatible 4K @ 60 Hz<\/li>\n<li>Connecteur LAN 2.5 GbE + Connectivit\u00e9 Wi-Fi 6E \/ Bluetooth 5.3<\/li>\n<\/ul>\n<\/div>\n<\/section>\n<section>\n<div class=\"desc-text\">\n<h2>Jouez&nbsp;dans les meilleures conditions<\/h2>\n<p>Les fr\u00e9quences \u00e9lev\u00e9es des processeurs <strong>AMD Ryzen <\/strong>sont un v\u00e9ritable avantage dans les jeux. Choisissez les bons composants et concevez un PC Gaming surpuissant, sans latences et pr\u00eat \u00e0 servir quand il faut. Prenez l&#8217;avantage sur vos adversaires et atteignez des sommets gr\u00e2ce aux processeurs<strong> AMD Ryzen 9000\/8000\/7000<\/strong> et aux cartes m\u00e8res <strong>AMD AM5<\/strong>.<\/p>\n<p>Les processeurs <strong>AMD Ryzen 9000<\/strong> sont performants dans tous les domaines. Ils vont permettront de cr\u00e9er plus vite, d&#8217;atteindre vos objectifs plus rapidement et de gagner du temps en permanence. Qu\u2019il s\u2019agisse de rendu 3D ou d\u2019exportation de fichiers vid\u00e9o volumineux, concevez, livrez et faites le job avec de nombreux threads de traitement et des acc\u00e9l\u00e9rateurs vid\u00e9o d\u00e9di\u00e9s. &nbsp;<\/p>\n<\/div>\n<div class=\"desc-image\"><span><img decoding=\"async\" alt=\"\" loading=\"lazy\" src=\"https:\/\/electrovideo.eu\/wp-content\/uploads\/2025\/09\/amd_ryzen_7000_001.jpg\"><\/span><\/div>\n<\/section>\n<\/div><\/div>\n","protected":false},"excerpt":{"rendered":"<p>Carte m\u00e8re Micro ATX Socket AM5 AMD B840 &#8211; 4x DDR5 &#8211; M.2 PCIe 4.0 &#8211; USB 3.1 &#8211; PCI-Express 4.0 16x &#8211; LAN 2.5 GbE &#8211; Wi-Fi 6E<\/p>\n","protected":false},"featured_media":208159,"comment_status":"open","ping_status":"closed","template":"","meta":{"_monsterinsights_skip_tracking":false,"_monsterinsights_sitenote_active":false,"_monsterinsights_sitenote_note":"","_monsterinsights_sitenote_category":0},"etheme_brands":[{"term_id":51,"name":"MSI","slug":"msi","term_group":0,"term_taxonomy_id":51,"taxonomy":"brand","description":"","parent":0,"count":137,"filter":"raw"}],"product_brand":[],"product_cat":[24],"product_tag":[],"class_list":{"0":"post-208157","1":"product","2":"type-product","3":"status-publish","4":"has-post-thumbnail","6":"brand-msi","7":"product_cat-motherboard","9":"first","10":"instock","11":"taxable","12":"shipping-taxable","13":"purchasable","14":"product-type-simple"},"_links":{"self":[{"href":"https:\/\/electrovideo.eu\/en\/wp-json\/wp\/v2\/product\/208157","targetHints":{"allow":["GET"]}}],"collection":[{"href":"https:\/\/electrovideo.eu\/en\/wp-json\/wp\/v2\/product"}],"about":[{"href":"https:\/\/electrovideo.eu\/en\/wp-json\/wp\/v2\/types\/product"}],"replies":[{"embeddable":true,"href":"https:\/\/electrovideo.eu\/en\/wp-json\/wp\/v2\/comments?post=208157"}],"version-history":[{"count":0,"href":"https:\/\/electrovideo.eu\/en\/wp-json\/wp\/v2\/product\/208157\/revisions"}],"wp:featuredmedia":[{"embeddable":true,"href":"https:\/\/electrovideo.eu\/en\/wp-json\/wp\/v2\/media\/208159"}],"wp:attachment":[{"href":"https:\/\/electrovideo.eu\/en\/wp-json\/wp\/v2\/media?parent=208157"}],"wp:term":[{"taxonomy":"brand","embeddable":true,"href":"https:\/\/electrovideo.eu\/en\/wp-json\/wp\/v2\/etheme_brands?post=208157"},{"taxonomy":"product_brand","embeddable":true,"href":"https:\/\/electrovideo.eu\/en\/wp-json\/wp\/v2\/product_brand?post=208157"},{"taxonomy":"product_cat","embeddable":true,"href":"https:\/\/electrovideo.eu\/en\/wp-json\/wp\/v2\/product_cat?post=208157"},{"taxonomy":"product_tag","embeddable":true,"href":"https:\/\/electrovideo.eu\/en\/wp-json\/wp\/v2\/product_tag?post=208157"}],"curies":[{"name":"wp","href":"https:\/\/api.w.org\/{rel}","templated":true}]}}