{"id":208145,"date":"2025-09-17T21:03:20","date_gmt":"2025-09-17T19:03:20","guid":{"rendered":"https:\/\/electrovideo.eu\/produit\/msi-mpg-b860i-edge-ti-wifi\/"},"modified":"2025-09-17T21:03:20","modified_gmt":"2025-09-17T19:03:20","slug":"msi-mpg-b860i-edge-ti-wifi","status":"publish","type":"product","link":"https:\/\/electrovideo.eu\/en\/product\/msi-mpg-b860i-edge-ti-wifi\/","title":{"rendered":"MSI MPG B860I EDGE TI WIFI"},"content":{"rendered":"<div id=\"description\" class=\"description\">\n<div class=\"details-pdt-desc\">\n<h2 class=\"h2-master\">Carte mini ITX &#8220;Ready for AI PC&#8221;<\/h2>\n<section>\n<p>La <strong>carte m\u00e8re MSI MPG B860I EDGE TI WIFI <\/strong>est id\u00e9ale pour les joueurs, cr\u00e9ateurs et professionnels souhaitant exploiter au mieux le potentiel de leur processeur de derni\u00e8re g\u00e9n\u00e9ration. Elle est bas\u00e9e sur le <strong>chipset Intel B860<\/strong> sp\u00e9cialement con\u00e7u pour accompagner votre processeur <strong>Intel Core Ultra s\u00e9rie 2<\/strong>. La <strong>MSI MPG B860I EDGE TI WIFI&nbsp;<\/strong>est dot\u00e9e d&#8217;une connectique et de technologies de pointe : <strong>Thunderbolt 4<\/strong>, <strong>PCI-Express 5.0<\/strong>, <strong>DDR5<\/strong>, <strong>LAN 5 GbE<\/strong>, <strong>Wi-Fi 7 et Bluetooth 5.4<\/strong>, sans oublier les exclusivit\u00e9s MSI (MSI AI Engine, Mystic Light, Frozr AI Cooling, Core Boost et bien plus encore).&nbsp;<br \/>\n&nbsp;<\/p>\n<\/section>\n<section>\n<div class=\"desc-image\"><span><img decoding=\"async\" alt=\"\" loading=\"lazy\" src=\"https:\/\/electrovideo.eu\/wp-content\/uploads\/2025\/09\/msi_pro_series_mb_001.jpg\"><\/span><\/div>\n<div class=\"desc-text\">\n<h2>MSI MPG B860I EDGE TI WIFI<\/h2>\n<p>Les cartes m\u00e8res MSI sont con\u00e7ues avec du mat\u00e9riel et des technologies de pointe, et elles prennent en charge les configurations exigeantes n\u00e9cessaires aux jeux et \u00e0 l&#8217;IA. De plus, MSI a int\u00e9gr\u00e9 l&#8217;IA dans le logiciel MSI Center et dans son BIOS, afin de rendre les r\u00e9glages encore plus faciles qu&#8217;auparavant.<\/p>\n<ul>\n<li>Support des processeurs <strong>Intel&nbsp;Core&nbsp;Ultra (s\u00e9rie 2) pour socket LGA 1851<\/strong><\/li>\n<li>Support de la m\u00e9moire DDR5, <strong>Dual Channel DDR5 8600+ MT\/s (OC)<\/strong><\/li>\n<li><strong>Performances et fiabilit\u00e9 assur\u00e9es <\/strong>gr\u00e2ce \u00e0&nbsp;MSI AI Engine, Cooling Wizard, Mystic Light, Frozr AI Cooling, Live Update, MSI&nbsp;<\/li>\n<li><strong>Fonctionnalit\u00e9s DIY Friendly <\/strong>pour l&#8217;assemblage des composants et la maintenance du syst\u00e8me<\/li>\n<li><strong>Technologies de pointe<\/strong> : <strong>Thunderbolt 4\/USB4<\/strong>, USB 3.1,&nbsp;<strong>PCI-Express 5.0<\/strong>, <strong>M.2 NVMe<\/strong>, <strong>LAN 5 GbE, etc.<\/strong><\/li>\n<li><strong>Audio 7.1&nbsp;<\/strong>Realtek ALC897 Codec<\/li>\n<li><strong>R\u00e9seau sans-fil Wi-Fi 7 + Bluetooth 5.4<\/strong><\/li>\n<\/ul>\n<\/div>\n<\/section>\n<section>\n<div class=\"desc-text\">\n<h2>Processeurs Intel Core Ultra Arrow-Lake-S<\/h2>\n<p>Soyez pr\u00eats \u00e0 entrer dans la nouvelle \u00e8re du gaming, choisissez un PC avec IA \u00e9quip\u00e9 d&#8217;un processeur Intel&nbsp;Core&nbsp;Ultra.&nbsp;Profitez de performances au top pour le streaming et le gaming. Confiez les t\u00e2ches impliquant l&#8217;IA comme la suppression de l&#8217;arri\u00e8re-plan, l&#8217;optimisation audio et le cadrage automatique \u00e0 l&#8217;unit\u00e9 de traitement neuronal (NPU) et \u00e0 vous les conditions de streaming et de jeux id\u00e9ales.<br \/>\n&nbsp;<\/div>\n<div class=\"desc-image\"><span><img decoding=\"async\" alt=\"\" loading=\"lazy\" src=\"https:\/\/electrovideo.eu\/wp-content\/uploads\/2025\/09\/intel_arrow-lake_3.jpg\"><\/span><\/div>\n<\/section>\n<\/div><\/div>\n","protected":false},"excerpt":{"rendered":"<p>Carte m\u00e8re mini ITX Socket 1851 Intel B860 &#8211; 2x DDR5 &#8211; M.2 PCIe 5.0 &#8211; Thunderbolt 4 &#8211; PCI-Express 5.0 16x &#8211; LAN 5 GbE &#8211; Wi-Fi 7\/Bluetooth 5.4<\/p>\n","protected":false},"featured_media":208147,"comment_status":"open","ping_status":"closed","template":"","meta":{"_monsterinsights_skip_tracking":false,"_monsterinsights_sitenote_active":false,"_monsterinsights_sitenote_note":"","_monsterinsights_sitenote_category":0},"etheme_brands":[{"term_id":51,"name":"MSI","slug":"msi","term_group":0,"term_taxonomy_id":51,"taxonomy":"brand","description":"","parent":0,"count":137,"filter":"raw"}],"product_brand":[],"product_cat":[24],"product_tag":[],"class_list":{"0":"post-208145","1":"product","2":"type-product","3":"status-publish","4":"has-post-thumbnail","6":"brand-msi","7":"product_cat-motherboard","9":"first","10":"instock","11":"taxable","12":"shipping-taxable","13":"purchasable","14":"product-type-simple"},"_links":{"self":[{"href":"https:\/\/electrovideo.eu\/en\/wp-json\/wp\/v2\/product\/208145","targetHints":{"allow":["GET"]}}],"collection":[{"href":"https:\/\/electrovideo.eu\/en\/wp-json\/wp\/v2\/product"}],"about":[{"href":"https:\/\/electrovideo.eu\/en\/wp-json\/wp\/v2\/types\/product"}],"replies":[{"embeddable":true,"href":"https:\/\/electrovideo.eu\/en\/wp-json\/wp\/v2\/comments?post=208145"}],"version-history":[{"count":0,"href":"https:\/\/electrovideo.eu\/en\/wp-json\/wp\/v2\/product\/208145\/revisions"}],"wp:featuredmedia":[{"embeddable":true,"href":"https:\/\/electrovideo.eu\/en\/wp-json\/wp\/v2\/media\/208147"}],"wp:attachment":[{"href":"https:\/\/electrovideo.eu\/en\/wp-json\/wp\/v2\/media?parent=208145"}],"wp:term":[{"taxonomy":"brand","embeddable":true,"href":"https:\/\/electrovideo.eu\/en\/wp-json\/wp\/v2\/etheme_brands?post=208145"},{"taxonomy":"product_brand","embeddable":true,"href":"https:\/\/electrovideo.eu\/en\/wp-json\/wp\/v2\/product_brand?post=208145"},{"taxonomy":"product_cat","embeddable":true,"href":"https:\/\/electrovideo.eu\/en\/wp-json\/wp\/v2\/product_cat?post=208145"},{"taxonomy":"product_tag","embeddable":true,"href":"https:\/\/electrovideo.eu\/en\/wp-json\/wp\/v2\/product_tag?post=208145"}],"curies":[{"name":"wp","href":"https:\/\/api.w.org\/{rel}","templated":true}]}}