{"id":208139,"date":"2025-09-17T21:03:20","date_gmt":"2025-09-17T19:03:20","guid":{"rendered":"https:\/\/electrovideo.eu\/produit\/gigabyte-b760m-d3hp-wifi6\/"},"modified":"2025-09-17T21:03:20","modified_gmt":"2025-09-17T19:03:20","slug":"gigabyte-b760m-d3hp-wifi6","status":"publish","type":"product","link":"https:\/\/electrovideo.eu\/en\/product\/gigabyte-b760m-d3hp-wifi6\/","title":{"rendered":"Gigabyte B760M D3HP WIFI6"},"content":{"rendered":"<div id=\"description\" class=\"description\">\n<div class=\"details-pdt-desc\">\n<h2 class=\"h2-master\">Exploitez toute la puissance de votre processeur Intel Core<\/h2>\n<section>\n<p>La <strong>carte m\u00e8re Gigabyte B760 D3HP&nbsp;WIFI6&nbsp;<\/strong>con\u00e7ue pour les processeurs Intel Core hybrides de 12\u00e8me, 13\u00e8me et 14\u00e8me g\u00e9n\u00e9ration est id\u00e9ale pour l&#8217;assemblage d&#8217;une configuration puissante au co\u00fbt maitris\u00e9.&nbsp;Elle prend en charge les processeurs Intel Core 12\u00e8me, 13\u00e8me et 14\u00e8me g\u00e9n\u00e9ration, les cartes graphiques PCI-Express 4.0 16x, les SSD M.2 PCIe 4.0, la RAM DDR5 ainsi que les p\u00e9riph\u00e9riques USB 3.0.&nbsp;<\/p>\n<\/section>\n<section>\n<div class=\"desc-image\"><span><img decoding=\"async\" alt=\"\" loading=\"lazy\" src=\"https:\/\/electrovideo.eu\/wp-content\/uploads\/2025\/09\/gigabyte_ultra-durable_001.jpg\"><\/span><\/div>\n<div class=\"desc-text\">\n<h2>Gigabyte B760 D3HP&nbsp;WIFI6<\/h2>\n<ul>\n<li>Support des processeurs Intel Core de 12\u00e8me, 13\u00e8me et 14\u00e8me g\u00e9n\u00e9ration sur socket LGA 1700<\/li>\n<li>Support de la m\u00e9moire DDR5 7600 MHz<\/li>\n<li>2 emplacements M.2 PCIe 4.0 4x + 4 ports SATA 6 Gbps<\/li>\n<li>Port PCI-Express 4.0 16x<\/li>\n<li>Format Micro ATX<\/li>\n<li>R\u00e9seau : Gigabit LAN +Wi-Fi 6 \/ Bluetooth 5.3<\/li>\n<\/ul>\n<\/div>\n<\/section>\n<section>\n<div class=\"desc-text\">\n<h2>Toute la puissance des processeurs Intel<\/h2>\n<p>Gr\u00e2ce \u00e0 des fr\u00e9quences \u00e9lev\u00e9es, atteignez de hautes performances dans les jeux. Affrontez vos adversaires en toute confiance ou explorez de nouveaux univers gr\u00e2ce \u00e0 une architecture de processeur r\u00e9volutionnaire qui se concentre sur l&#8217;essentiel. Les processeurs Intel de 12\u00e8me\/13\u00e8me\/14\u00e8me g\u00e9n\u00e9ration sont tout simplement con\u00e7us pour la nouvelle g\u00e9n\u00e9ration de jeux vid\u00e9o.&nbsp;<\/p><\/div>\n<div class=\"desc-image\"><span><img decoding=\"async\" alt=\"\" loading=\"lazy\" src=\"https:\/\/electrovideo.eu\/wp-content\/uploads\/2025\/09\/intel_alder-lake_core-i5_001.jpg\"><\/span><\/div>\n<\/section>\n<\/div><\/div>\n","protected":false},"excerpt":{"rendered":"<p>Carte m\u00e8re Micro ATX Socket 1700 Intel B760 Express &#8211; 4x DDR5 &#8211; M.2 PCIe 4.0 &#8211; USB 3.0 &#8211; PCI-Express 4.0 16x &#8211; Wi-Fi 6 \/ Bluetooth 5.3<\/p>\n","protected":false},"featured_media":208141,"comment_status":"open","ping_status":"closed","template":"","meta":{"_monsterinsights_skip_tracking":false,"_monsterinsights_sitenote_active":false,"_monsterinsights_sitenote_note":"","_monsterinsights_sitenote_category":0},"etheme_brands":[{"term_id":44,"name":"Gigabyte","slug":"gigabyte","term_group":0,"term_taxonomy_id":44,"taxonomy":"brand","description":"","parent":0,"count":118,"filter":"raw"}],"product_brand":[],"product_cat":[24],"product_tag":[],"class_list":{"0":"post-208139","1":"product","2":"type-product","3":"status-publish","4":"has-post-thumbnail","6":"brand-gigabyte","7":"product_cat-motherboard","9":"first","10":"instock","11":"taxable","12":"shipping-taxable","13":"purchasable","14":"product-type-simple"},"_links":{"self":[{"href":"https:\/\/electrovideo.eu\/en\/wp-json\/wp\/v2\/product\/208139","targetHints":{"allow":["GET"]}}],"collection":[{"href":"https:\/\/electrovideo.eu\/en\/wp-json\/wp\/v2\/product"}],"about":[{"href":"https:\/\/electrovideo.eu\/en\/wp-json\/wp\/v2\/types\/product"}],"replies":[{"embeddable":true,"href":"https:\/\/electrovideo.eu\/en\/wp-json\/wp\/v2\/comments?post=208139"}],"version-history":[{"count":0,"href":"https:\/\/electrovideo.eu\/en\/wp-json\/wp\/v2\/product\/208139\/revisions"}],"wp:featuredmedia":[{"embeddable":true,"href":"https:\/\/electrovideo.eu\/en\/wp-json\/wp\/v2\/media\/208141"}],"wp:attachment":[{"href":"https:\/\/electrovideo.eu\/en\/wp-json\/wp\/v2\/media?parent=208139"}],"wp:term":[{"taxonomy":"brand","embeddable":true,"href":"https:\/\/electrovideo.eu\/en\/wp-json\/wp\/v2\/etheme_brands?post=208139"},{"taxonomy":"product_brand","embeddable":true,"href":"https:\/\/electrovideo.eu\/en\/wp-json\/wp\/v2\/product_brand?post=208139"},{"taxonomy":"product_cat","embeddable":true,"href":"https:\/\/electrovideo.eu\/en\/wp-json\/wp\/v2\/product_cat?post=208139"},{"taxonomy":"product_tag","embeddable":true,"href":"https:\/\/electrovideo.eu\/en\/wp-json\/wp\/v2\/product_tag?post=208139"}],"curies":[{"name":"wp","href":"https:\/\/api.w.org\/{rel}","templated":true}]}}