{"id":208137,"date":"2025-09-17T21:03:20","date_gmt":"2025-09-17T19:03:20","guid":{"rendered":"https:\/\/electrovideo.eu\/produit\/gigabyte-h810m-s2h\/"},"modified":"2025-09-17T21:03:20","modified_gmt":"2025-09-17T19:03:20","slug":"gigabyte-h810m-s2h","status":"publish","type":"product","link":"https:\/\/electrovideo.eu\/en\/product\/gigabyte-h810m-s2h\/","title":{"rendered":"Gigabyte H810M S2H"},"content":{"rendered":"<div id=\"description\" class=\"description\">\n<div class=\"details-pdt-desc\">\n<h2 class=\"h2-master\">Une base fiable pour PC nouvelle g\u00e9n\u00e9ration<\/h2>\n<section>\n<p>La <strong>carte m\u00e8re Gigabyte H810M S2H<\/strong> est con\u00e7ue pour offrir une <strong>plateforme stable et \u00e9volutive<\/strong>, parfaitement adapt\u00e9e aux <strong>processeurs Intel&nbsp;Core et Core&nbsp;Ultra<\/strong>. Elle repose sur une <strong>architecture VRM hybride 4+1+2<\/strong> de haute qualit\u00e9, garantissant une <strong>alimentation pr\u00e9cise et constante<\/strong> du CPU pour des <strong>performances durables<\/strong>, m\u00eame en pleine charge. Avec la <strong>prise en charge de la m\u00e9moire DDR5 en double canal<\/strong> et un <strong>slot PCIe 4.0 x16<\/strong>, cette carte offre une base id\u00e9ale pour des <strong>configurations puissantes et r\u00e9actives<\/strong>, taill\u00e9es pour le <strong>gaming<\/strong> ou la <strong>cr\u00e9ation de contenu exigeante<\/strong>.<\/p>\n<p>Con\u00e7ue pour r\u00e9pondre aux besoins des passionn\u00e9s et adeptes du montage PC, elle int\u00e8gre des <strong>fonctionnalit\u00e9s pratiques et modernes<\/strong> : le <strong>syst\u00e8me EZ-Latch<\/strong> facilite le montage sans outil, tandis que les <strong>LED de d\u00e9bogage<\/strong> permettent un diagnostic rapide. Sa connectivit\u00e9 est optimis\u00e9e gr\u00e2ce \u00e0 un <strong>slot PCIe 4.0 M.2<\/strong> pour le <strong>stockage ultra-rapide<\/strong>, un <strong>port HDMI<\/strong>, un <strong>port DisplayPort<\/strong> et une <strong>connexion LAN GbE<\/strong> r\u00e9duisant la latence r\u00e9seau.&nbsp;Enfin, le <strong>logiciel GIGABYTE Control Center<\/strong> centralise la gestion des <strong>performances syst\u00e8me<\/strong>, de l\u2019<strong>\u00e9clairage RGB Fusion<\/strong> et d&#8217;autres param\u00e8tres essentiels, pour une <strong>exp\u00e9rience utilisateur personnalis\u00e9e<\/strong> et fluide.<\/p>\n<\/section>\n<section class=\"list\">\n<h2>Caract\u00e9ristiques principales :<\/h2>\n<ul>\n<li><strong>Compatibilit\u00e9 avec les processeurs Intel&nbsp;Core&nbsp;et Core Ultra<\/strong><\/li>\n<li><strong>Alimentation stable<\/strong> via un VRM hybride 4+1+2 phases<\/li>\n<li><strong>Connectivit\u00e9 PCIe 4.0<\/strong> pour cartes graphiques et stockage rapides<\/li>\n<li><strong>Syst\u00e8me EZ-Latch<\/strong> pour un montage sans outil<\/li>\n<li><strong>BIOS repens\u00e9<\/strong> avec interface intuitive et fonction Q-Flash Auto Scan<\/li>\n<li><strong>LAN GbE<\/strong> offrant une <strong>latence r\u00e9seau r\u00e9duite<\/strong><\/li>\n<li><strong>Audio Hi-Fi<\/strong> avec composants de qualit\u00e9 sup\u00e9rieure<\/li>\n<li><strong>3 sorties vid\u00e9o<\/strong> : HDMI, DisplayPort, VGA<\/li>\n<li><strong>Support DDR5 double canal<\/strong> pour des performances m\u00e9moire accrues<\/li>\n<li><strong>Logiciel GIGABYTE Control Center<\/strong> pour la gestion compl\u00e8te du syst\u00e8me<\/li>\n<\/ul>\n<\/section>\n<\/div><\/div>\n","protected":false},"excerpt":{"rendered":"<p>Carte m\u00e8re Micro ATX Socket 1851 Intel H810 &#8211; 2x DDR5 &#8211; M.2 PCIe 4.0 &#8211; USB 3.0 &#8211; PCI-Express 4.0 16x<\/p>\n","protected":false},"featured_media":208138,"comment_status":"open","ping_status":"closed","template":"","meta":{"_monsterinsights_skip_tracking":false,"_monsterinsights_sitenote_active":false,"_monsterinsights_sitenote_note":"","_monsterinsights_sitenote_category":0},"etheme_brands":[{"term_id":44,"name":"Gigabyte","slug":"gigabyte","term_group":0,"term_taxonomy_id":44,"taxonomy":"brand","description":"","parent":0,"count":118,"filter":"raw"}],"product_brand":[],"product_cat":[24],"product_tag":[],"class_list":{"0":"post-208137","1":"product","2":"type-product","3":"status-publish","4":"has-post-thumbnail","6":"brand-gigabyte","7":"product_cat-motherboard","9":"first","10":"instock","11":"taxable","12":"shipping-taxable","13":"purchasable","14":"product-type-simple"},"_links":{"self":[{"href":"https:\/\/electrovideo.eu\/en\/wp-json\/wp\/v2\/product\/208137","targetHints":{"allow":["GET"]}}],"collection":[{"href":"https:\/\/electrovideo.eu\/en\/wp-json\/wp\/v2\/product"}],"about":[{"href":"https:\/\/electrovideo.eu\/en\/wp-json\/wp\/v2\/types\/product"}],"replies":[{"embeddable":true,"href":"https:\/\/electrovideo.eu\/en\/wp-json\/wp\/v2\/comments?post=208137"}],"version-history":[{"count":0,"href":"https:\/\/electrovideo.eu\/en\/wp-json\/wp\/v2\/product\/208137\/revisions"}],"wp:featuredmedia":[{"embeddable":true,"href":"https:\/\/electrovideo.eu\/en\/wp-json\/wp\/v2\/media\/208138"}],"wp:attachment":[{"href":"https:\/\/electrovideo.eu\/en\/wp-json\/wp\/v2\/media?parent=208137"}],"wp:term":[{"taxonomy":"brand","embeddable":true,"href":"https:\/\/electrovideo.eu\/en\/wp-json\/wp\/v2\/etheme_brands?post=208137"},{"taxonomy":"product_brand","embeddable":true,"href":"https:\/\/electrovideo.eu\/en\/wp-json\/wp\/v2\/product_brand?post=208137"},{"taxonomy":"product_cat","embeddable":true,"href":"https:\/\/electrovideo.eu\/en\/wp-json\/wp\/v2\/product_cat?post=208137"},{"taxonomy":"product_tag","embeddable":true,"href":"https:\/\/electrovideo.eu\/en\/wp-json\/wp\/v2\/product_tag?post=208137"}],"curies":[{"name":"wp","href":"https:\/\/api.w.org\/{rel}","templated":true}]}}