{"id":208120,"date":"2025-09-17T21:11:41","date_gmt":"2025-09-17T19:11:41","guid":{"rendered":"https:\/\/electrovideo.eu\/produit\/gigabyte-b840m-eagle-wifi6\/"},"modified":"2025-09-17T21:11:41","modified_gmt":"2025-09-17T19:11:41","slug":"gigabyte-b840m-eagle-wifi6","status":"publish","type":"product","link":"https:\/\/electrovideo.eu\/en\/product\/gigabyte-b840m-eagle-wifi6\/","title":{"rendered":"Gigabyte B840M EAGLE WIFI6"},"content":{"rendered":"<div id=\"description\" class=\"description\">\n<div class=\"details-pdt-desc\">\n<h2 class=\"h2-master\">Carte m\u00e8re Gigabyte pour socket AM5<\/h2>\n<section>\n<p>Embarquant le chipset<strong>&nbsp;AMD B840<\/strong>, la carte m\u00e8re <strong>Gigabyte B840M EAGLE WIFI6 <\/strong>sera la pierre angulaire d&#8217;une configuration Gaming. Dot\u00e9e du socket <strong>AMD&nbsp;AM5<\/strong>, la B840M EAGLE WIFI6<strong> <\/strong>prend en charge les processeurs AMD s\u00e9rie 7000\/8000\/9000. Cette carte m\u00e8re Gigabyte au format Micro ATX propose une connectique riche avec un slot PCI-Express 4.0 16x pour votre carte graphique, prend en charge les SSD M.2 PCIe 4.0 pour un syst\u00e8me r\u00e9actif et des temps de chargements r\u00e9duits ainsi que la RAM DDR5. La partie r\u00e9seau est assur\u00e9e par un connecteur LAN 2.5 GbE et une connectivit\u00e9 sans fil Wi-Fi 6 et Bluetooth 5.3.<br \/>\n&nbsp;<\/p>\n<\/section>\n<section>\n<div class=\"desc-image\"><span><img decoding=\"async\" alt=\"\" loading=\"lazy\" src=\"https:\/\/electrovideo.eu\/wp-content\/uploads\/2025\/09\/gigabyte_z790_eagle-1.jpg\"><\/span><\/div>\n<div class=\"desc-text\">\n<h2>Gigabyte B840M EAGLE WIFI6<\/h2>\n<ul>\n<li>Support des processeurs AMD Ryzen 7000\/8000\/9000<\/li>\n<li>2 slots DDR5 DIMM &#8211; Support de la m\u00e9moire DDR5 7600 MHz (OC)<\/li>\n<li>5+2+2 Digital VRM<\/li>\n<li>PCI-Express 4.0 16x<\/li>\n<li>LAN 2.5 GbE + connectivit\u00e9 sans fil Wi-Fi 6 \/ Bluetooh 5.3<\/li>\n<li>Q-Flash Plus : Mise \u00e0 jour du BIOS sans Installer de Processeur, de M\u00e9moire ou de Carte Graphique<\/li>\n<li>RAID 0, 1, 5, 10 (RAID 5 uniquement avec un CPU Ryzen 9000)<\/li>\n<\/ul>\n<\/div>\n<\/section>\n<section>\n<div class=\"desc-text\">\n<h2>Jouez dans les meilleures conditions<\/h2>\n<p>Les fr\u00e9quences \u00e9lev\u00e9es des processeurs AMD Ryzen sont un v\u00e9ritable avantage dans les jeux. Choisissez les bons composants et concevez un PC Gaming surpuissant, sans latences et pr\u00eat \u00e0 servir quand il faut. Prenez l&#8217;avantage sur vos adversaires et atteignez des sommets gr\u00e2ce aux processeurs AMD Ryzen 9000\/8000\/7000 et aux cartes m\u00e8res AMD AM5. Les processeurs AMD Ryzen 9000 sont performants dans tous les domaines. Ils vont permettront de cr\u00e9er plus vite, d&#8217;atteindre vos objectifs plus rapidement et de gagner du temps en permanence. Qu\u2019il s\u2019agisse de rendu 3D ou d\u2019exportation de fichiers vid\u00e9o volumineux, concevez, livrez et faites le job avec de nombreux threads de traitement et des acc\u00e9l\u00e9rateurs vid\u00e9o d\u00e9di\u00e9s.<\/p>\n<\/div>\n<div class=\"desc-image\"><span><img decoding=\"async\" alt=\"\" loading=\"lazy\" src=\"https:\/\/electrovideo.eu\/wp-content\/uploads\/2025\/09\/amd_ryzen_7000_001.jpg\"><\/span><\/div>\n<\/section>\n<\/div><\/div>\n","protected":false},"excerpt":{"rendered":"<p>Carte m\u00e8re Micro ATX Socket AM5 AMD B840 &#8211; 2x DDR5 &#8211; M.2 PCIe 4.0 &#8211; PCI-Express 4.0 16x &#8211; LAN 2.5 GbE &#8211; Wi-Fi 6\/Bluetooth 5.3<\/p>\n","protected":false},"featured_media":208122,"comment_status":"open","ping_status":"closed","template":"","meta":{"_monsterinsights_skip_tracking":false,"_monsterinsights_sitenote_active":false,"_monsterinsights_sitenote_note":"","_monsterinsights_sitenote_category":0},"etheme_brands":[{"term_id":44,"name":"Gigabyte","slug":"gigabyte","term_group":0,"term_taxonomy_id":44,"taxonomy":"brand","description":"","parent":0,"count":118,"filter":"raw"}],"product_brand":[],"product_cat":[24],"product_tag":[],"class_list":{"0":"post-208120","1":"product","2":"type-product","3":"status-publish","4":"has-post-thumbnail","6":"brand-gigabyte","7":"product_cat-motherboard","9":"first","10":"instock","11":"taxable","12":"shipping-taxable","13":"purchasable","14":"product-type-simple"},"_links":{"self":[{"href":"https:\/\/electrovideo.eu\/en\/wp-json\/wp\/v2\/product\/208120","targetHints":{"allow":["GET"]}}],"collection":[{"href":"https:\/\/electrovideo.eu\/en\/wp-json\/wp\/v2\/product"}],"about":[{"href":"https:\/\/electrovideo.eu\/en\/wp-json\/wp\/v2\/types\/product"}],"replies":[{"embeddable":true,"href":"https:\/\/electrovideo.eu\/en\/wp-json\/wp\/v2\/comments?post=208120"}],"version-history":[{"count":0,"href":"https:\/\/electrovideo.eu\/en\/wp-json\/wp\/v2\/product\/208120\/revisions"}],"wp:featuredmedia":[{"embeddable":true,"href":"https:\/\/electrovideo.eu\/en\/wp-json\/wp\/v2\/media\/208122"}],"wp:attachment":[{"href":"https:\/\/electrovideo.eu\/en\/wp-json\/wp\/v2\/media?parent=208120"}],"wp:term":[{"taxonomy":"brand","embeddable":true,"href":"https:\/\/electrovideo.eu\/en\/wp-json\/wp\/v2\/etheme_brands?post=208120"},{"taxonomy":"product_brand","embeddable":true,"href":"https:\/\/electrovideo.eu\/en\/wp-json\/wp\/v2\/product_brand?post=208120"},{"taxonomy":"product_cat","embeddable":true,"href":"https:\/\/electrovideo.eu\/en\/wp-json\/wp\/v2\/product_cat?post=208120"},{"taxonomy":"product_tag","embeddable":true,"href":"https:\/\/electrovideo.eu\/en\/wp-json\/wp\/v2\/product_tag?post=208120"}],"curies":[{"name":"wp","href":"https:\/\/api.w.org\/{rel}","templated":true}]}}