{"id":208111,"date":"2025-09-17T21:12:42","date_gmt":"2025-09-17T19:12:42","guid":{"rendered":"https:\/\/electrovideo.eu\/produit\/msi-pro-b850-s-wifi6e\/"},"modified":"2025-09-17T21:12:42","modified_gmt":"2025-09-17T19:12:42","slug":"msi-pro-b850-s-wifi6e","status":"publish","type":"product","link":"https:\/\/electrovideo.eu\/en\/product\/msi-pro-b850-s-wifi6e\/","title":{"rendered":"MSI PRO B850-S WIFI6E"},"content":{"rendered":"<div id=\"description\" class=\"description\">\n<div class=\"details-pdt-desc\">\n<h2 class=\"h2-master\">MSI PRO B850-S WIFI6E : Carte m\u00e8re AM5 polyvalente<\/h2>\n<section>\n<p>La carte m\u00e8re <strong>MSI PRO B850-S WIFI6E <\/strong> est munie du chipset AMD B850 qui permet de prendre en charge les processeur <strong>AMD Ryzen sur socket AM5<\/strong>, plus pr\u00e9cis\u00e9ment les s\u00e9ries 7000\/8000\/9000. Issue de la gamme MSI PRO, la B850-S WIFI6E sera au centre de votre PC gamer ou de votre station de travail gr\u00e2ce \u00e0 la prise en charge des <strong>cartes graphiques et des SSD M.2 NVMe \u00e0 la norme PCI-Express 5.0<\/strong>&nbsp; tout en \u00e9tant plus abordable que les mod\u00e8les \u00e9quip\u00e9es du chipset X870.<\/p>\n<p>C\u00f4t\u00e9 r\u00e9seau, la MSI PRO B850-S WIFI6E est pourvue d&#8217;une connectique compl\u00e8te avec un <strong>port LAN 2.5 GbE <\/strong>et du <strong>Wi-Fi 6E \/ Bluetooth 5.3<\/strong> en ce qui concerne la partie sans fil. Pour le transfert des donn\u00e9es, la carte m\u00e8re propose de nombreux ports USB y compris \u00e0 la norme 3.1 (10 Gbps).<br \/>\n&nbsp;<\/p>\n<\/section>\n<section>\n<div class=\"desc-image\"><span><img decoding=\"async\" alt=\"\" loading=\"lazy\" src=\"https:\/\/electrovideo.eu\/wp-content\/uploads\/2025\/09\/msi_pro_b850-s_wifi6e.jpg\"><\/span><\/div>\n<div class=\"desc-text\">\n<h2>MSI PRO B850-S WIFI6E<\/h2>\n<ul>\n<li>Support des processeurs pour PC de bureau AMD Ryzen&nbsp;s\u00e9rie 7000\/8000\/9000<\/li>\n<li>Support de la m\u00e9moire DDR5 8200 MHz (OC)<\/li>\n<li>2 emplacements M.2 PCIe (un emplacement fonctionnant en 5.0 x4)<\/li>\n<li>Audio 7.1 Haute d\u00e9finition avec chipset Realtek ALC897<\/li>\n<li>Sortie HDMI 2.1 compatible 4K @ 60 Hz<\/li>\n<li>Connecteur LAN 2.5 GbE et Wi-Fi 6E pour une connexion rapide et stable<\/li>\n<\/ul>\n<\/div>\n<\/section>\n<section>\n<div class=\"desc-text\">\n<h2>Jouez&nbsp;dans les meilleures conditions<\/h2>\n<p>Les fr\u00e9quences \u00e9lev\u00e9es des processeurs <strong>AMD Ryzen <\/strong>sont un v\u00e9ritable avantage dans les jeux. Choisissez les bons composants et concevez un PC Gaming surpuissant, sans latences et pr\u00eat \u00e0 servir quand il faut. Prenez l&#8217;avantage sur vos adversaires et atteignez des sommets gr\u00e2ce aux processeurs<strong> AMD Ryzen 9000\/8000\/7000<\/strong> et aux cartes m\u00e8res <strong>AMD AM5<\/strong>.<\/p>\n<p>Les processeurs <strong>AMD Ryzen 9000<\/strong> sont performants dans tous les domaines. Ils vont permettront de cr\u00e9er plus vite, d&#8217;atteindre vos objectifs plus rapidement et de gagner du temps en permanence. Qu\u2019il s\u2019agisse de rendu 3D ou d\u2019exportation de fichiers vid\u00e9o volumineux, concevez, livrez et faites le job avec de nombreux threads de traitement et des acc\u00e9l\u00e9rateurs vid\u00e9o d\u00e9di\u00e9s. &nbsp;<\/p>\n<\/div>\n<div class=\"desc-image\"><span><img decoding=\"async\" alt=\"\" loading=\"lazy\" src=\"https:\/\/electrovideo.eu\/wp-content\/uploads\/2025\/09\/amd_ryzen_7000_001.jpg\"><\/span><\/div>\n<\/section>\n<\/div><\/div>\n","protected":false},"excerpt":{"rendered":"<p>Carte m\u00e8re ATX Socket AM5 AMD B850 &#8211; 4x DDR5 &#8211; M.2 PCIe 5.0 &#8211; USB3.1 &#8211; PCI-Express 5.0 16x &#8211; LAN 2.5 GbE &#8211; Wi-Fi 6E<\/p>\n","protected":false},"featured_media":208113,"comment_status":"open","ping_status":"closed","template":"","meta":{"_monsterinsights_skip_tracking":false,"_monsterinsights_sitenote_active":false,"_monsterinsights_sitenote_note":"","_monsterinsights_sitenote_category":0},"etheme_brands":[{"term_id":51,"name":"MSI","slug":"msi","term_group":0,"term_taxonomy_id":51,"taxonomy":"brand","description":"","parent":0,"count":137,"filter":"raw"}],"product_brand":[],"product_cat":[24],"product_tag":[],"class_list":{"0":"post-208111","1":"product","2":"type-product","3":"status-publish","4":"has-post-thumbnail","6":"brand-msi","7":"product_cat-motherboard","9":"first","10":"instock","11":"taxable","12":"shipping-taxable","13":"purchasable","14":"product-type-simple"},"_links":{"self":[{"href":"https:\/\/electrovideo.eu\/en\/wp-json\/wp\/v2\/product\/208111","targetHints":{"allow":["GET"]}}],"collection":[{"href":"https:\/\/electrovideo.eu\/en\/wp-json\/wp\/v2\/product"}],"about":[{"href":"https:\/\/electrovideo.eu\/en\/wp-json\/wp\/v2\/types\/product"}],"replies":[{"embeddable":true,"href":"https:\/\/electrovideo.eu\/en\/wp-json\/wp\/v2\/comments?post=208111"}],"version-history":[{"count":0,"href":"https:\/\/electrovideo.eu\/en\/wp-json\/wp\/v2\/product\/208111\/revisions"}],"wp:featuredmedia":[{"embeddable":true,"href":"https:\/\/electrovideo.eu\/en\/wp-json\/wp\/v2\/media\/208113"}],"wp:attachment":[{"href":"https:\/\/electrovideo.eu\/en\/wp-json\/wp\/v2\/media?parent=208111"}],"wp:term":[{"taxonomy":"brand","embeddable":true,"href":"https:\/\/electrovideo.eu\/en\/wp-json\/wp\/v2\/etheme_brands?post=208111"},{"taxonomy":"product_brand","embeddable":true,"href":"https:\/\/electrovideo.eu\/en\/wp-json\/wp\/v2\/product_brand?post=208111"},{"taxonomy":"product_cat","embeddable":true,"href":"https:\/\/electrovideo.eu\/en\/wp-json\/wp\/v2\/product_cat?post=208111"},{"taxonomy":"product_tag","embeddable":true,"href":"https:\/\/electrovideo.eu\/en\/wp-json\/wp\/v2\/product_tag?post=208111"}],"curies":[{"name":"wp","href":"https:\/\/api.w.org\/{rel}","templated":true}]}}