{"id":208108,"date":"2025-09-17T21:12:42","date_gmt":"2025-09-17T19:12:42","guid":{"rendered":"https:\/\/electrovideo.eu\/produit\/asrock-a620am-pro-rs-wifi\/"},"modified":"2025-09-17T21:12:42","modified_gmt":"2025-09-17T19:12:42","slug":"asrock-a620am-pro-rs-wifi","status":"publish","type":"product","link":"https:\/\/electrovideo.eu\/en\/product\/asrock-a620am-pro-rs-wifi\/","title":{"rendered":"ASRock A620AM PRO RS WIFI"},"content":{"rendered":"<div id=\"description\" class=\"description\">\n<div class=\"details-pdt-desc\">\n<h2 class=\"h2-master\">ASRock A620AM PRO RS WIFI : Carte m\u00e8re AM5 polyvalente<\/h2>\n<section>\n<p>La carte m\u00e8re<strong> <\/strong><strong>ASRock A620AM PRO RS WIFI <\/strong>sera un choix id\u00e9al pour accompagner un processeur <strong>AMD Ryzen 7000\/8000\/9000<\/strong> sur <strong>socket AMD AM5<\/strong> dans le cadre de l&#8217;assemblage d&#8217;une configuration gaming ou d&#8217;un ordinateur professionnel. Plus abordable que le chipset B650, elle prend en charge <strong>la DDR5<\/strong>, les <strong>cartes graphiques PCI-Express 4.0<\/strong> et <strong>les SSD <\/strong><strong>M.2<\/strong> <strong>PCIe 4.0<\/strong>. Elle embarque une connectivit\u00e9 compl\u00e8te avec du r\u00e9seau<strong> <\/strong>LAN 2.5 GbE ainsi que de l&#8217;USB 3.0.<br \/>\n&nbsp;<\/p>\n<\/section>\n<section>\n<div class=\"desc-image\"><span><img decoding=\"async\" alt=\"\" loading=\"lazy\" src=\"https:\/\/electrovideo.eu\/wp-content\/uploads\/2025\/09\/asrock_a620am_pro_rs_wifi.jpg\"><\/span><\/div>\n<div class=\"desc-text\">\n<h2>Les plus de l&#8217;ASRock A620M Pro RS WiFi<\/h2>\n<ul>\n<li><strong>Socket AMD AM5<\/strong> pour processeur <strong>AMD Ryzen 7000\/8000\/9000<\/strong><\/li>\n<li><strong>4 Slots m\u00e9moire DDR5 7200 MHz (OC) Dual-Channel<\/strong><\/li>\n<li>6 + 2 + 1 Power Phase, Dr.MOS<\/li>\n<li><strong>2 x M.2 PCIe 4.0 <\/strong>+ 1 x M.2 PCIe 3.0<\/li>\n<li>Port PCI-Express 4.0 16x<\/li>\n<li>Chipset Audio : ALC897 7.1 HD Nahimic Audio<\/li>\n<li>LAN 2.5 GbE + Wi-Fi 6E\/Bluetooth<\/li>\n<\/ul>\n<\/div>\n<\/section>\n<section>\n<div class=\"desc-text\">\n<h2>Jouez dans les meilleures conditions<\/h2>\n<p>Les fr\u00e9quences \u00e9lev\u00e9es des processeurs AMD Ryzen sont un v\u00e9ritable avantage dans les jeux. Choisissez les bons composants et concevez un PC Gaming surpuissant, sans latences et pr\u00eat \u00e0 servir quand il faut. Prenez l&#8217;avantage sur vos adversaires et atteignez des sommets gr\u00e2ce aux processeurs AMD Ryzen 9000\/8000\/7000 et aux cartes m\u00e8res AMD AM5.<\/p>\n<p>Les processeurs AMD Ryzen 9000 sont performants dans tous les domaines. Ils vont permettront de cr\u00e9er plus vite, d&#8217;atteindre vos objectifs plus rapidement et de gagner du temps en permanence. Qu\u2019il s\u2019agisse de rendu 3D ou d\u2019exportation de fichiers vid\u00e9o volumineux, concevez, livrez et faites le job avec la vitesse et le stockage PCIe 5.0, de nombreux threads de traitement et des acc\u00e9l\u00e9rateurs vid\u00e9o d\u00e9di\u00e9s.<\/p>\n<\/div>\n<div class=\"desc-image\"><span><img decoding=\"async\" alt=\"\" loading=\"lazy\" src=\"https:\/\/electrovideo.eu\/wp-content\/uploads\/2025\/09\/amd_ryzen_7000_001.jpg\"><\/span><\/div>\n<\/section>\n<\/div><\/div>\n","protected":false},"excerpt":{"rendered":"<p>Carte m\u00e8re Micro ATX Socket AM5 AMD A620A &#8211; 4x DDR5 &#8211; M.2 PCIe 4.0 &#8211; USB 3.0 &#8211; PCI-Express 4.0 16x &#8211; Wi-Fi 6E\/Bluetooth 5.2<\/p>\n","protected":false},"featured_media":208110,"comment_status":"open","ping_status":"closed","template":"","meta":{"_monsterinsights_skip_tracking":false,"_monsterinsights_sitenote_active":false,"_monsterinsights_sitenote_note":"","_monsterinsights_sitenote_category":0},"etheme_brands":[{"term_id":99,"name":"ASRock","slug":"asrock","term_group":0,"term_taxonomy_id":99,"taxonomy":"brand","description":"","parent":0,"count":16,"filter":"raw"}],"product_brand":[],"product_cat":[24],"product_tag":[],"class_list":{"0":"post-208108","1":"product","2":"type-product","3":"status-publish","4":"has-post-thumbnail","6":"brand-asrock","7":"product_cat-motherboard","9":"first","10":"instock","11":"taxable","12":"shipping-taxable","13":"purchasable","14":"product-type-simple"},"_links":{"self":[{"href":"https:\/\/electrovideo.eu\/en\/wp-json\/wp\/v2\/product\/208108","targetHints":{"allow":["GET"]}}],"collection":[{"href":"https:\/\/electrovideo.eu\/en\/wp-json\/wp\/v2\/product"}],"about":[{"href":"https:\/\/electrovideo.eu\/en\/wp-json\/wp\/v2\/types\/product"}],"replies":[{"embeddable":true,"href":"https:\/\/electrovideo.eu\/en\/wp-json\/wp\/v2\/comments?post=208108"}],"version-history":[{"count":0,"href":"https:\/\/electrovideo.eu\/en\/wp-json\/wp\/v2\/product\/208108\/revisions"}],"wp:featuredmedia":[{"embeddable":true,"href":"https:\/\/electrovideo.eu\/en\/wp-json\/wp\/v2\/media\/208110"}],"wp:attachment":[{"href":"https:\/\/electrovideo.eu\/en\/wp-json\/wp\/v2\/media?parent=208108"}],"wp:term":[{"taxonomy":"brand","embeddable":true,"href":"https:\/\/electrovideo.eu\/en\/wp-json\/wp\/v2\/etheme_brands?post=208108"},{"taxonomy":"product_brand","embeddable":true,"href":"https:\/\/electrovideo.eu\/en\/wp-json\/wp\/v2\/product_brand?post=208108"},{"taxonomy":"product_cat","embeddable":true,"href":"https:\/\/electrovideo.eu\/en\/wp-json\/wp\/v2\/product_cat?post=208108"},{"taxonomy":"product_tag","embeddable":true,"href":"https:\/\/electrovideo.eu\/en\/wp-json\/wp\/v2\/product_tag?post=208108"}],"curies":[{"name":"wp","href":"https:\/\/api.w.org\/{rel}","templated":true}]}}