{"id":207938,"date":"2025-09-18T19:42:37","date_gmt":"2025-09-18T17:42:37","guid":{"rendered":"https:\/\/electrovideo.eu\/produit\/corsair-frame-5000d-rs-argb-noir\/"},"modified":"2026-04-14T06:10:52","modified_gmt":"2026-04-14T04:10:52","slug":"corsair-frame-5000d-rs-argb-noir","status":"publish","type":"product","link":"https:\/\/electrovideo.eu\/en\/product\/corsair-frame-5000d-rs-argb-noir\/","title":{"rendered":"Corsair Frame 5000D RS ARGB (Noir)"},"content":{"rendered":"<div id=\"description\" class=\"description\">\n<div class=\"details-pdt-desc\">\n<h2 class=\"h2-master\">Un bo\u00eetier moyen-tour&nbsp;modulaire et spacieux, plus grand et plus performant<\/h2>\n<section>\n<p>Le <strong>Corsair Frame 5000D<\/strong>&nbsp;<strong>RS<\/strong>&nbsp;<strong>ARGB<\/strong> est un superbe <strong>bo\u00eetier PC Moyen Tour <\/strong>qui reprend&nbsp;toutes les fonctionnalit\u00e9s modulaires du Frame 4000D, qu&#8217;il int\u00e8gre cette fois&nbsp;dans un ch\u00e2ssis plus grand et plus performant.&nbsp;Toujours aussi sobre et efficace, comme le 4000D, il b\u00e9n\u00e9ficie&nbsp;d&#8217;un design minimaliste si sublime. Enti\u00e8rement modulaire, fourni avec <strong>4 ventilateurs RS140 ARGB PWM<\/strong>, il est capable d&#8217;accueillir les composants les plus performants tout en offrant d&#8217;excellentes performances de refroidissement. Son panneau lat\u00e9ral en verre tremp\u00e9 ainsi que ses nombreux emplacements pour ventilateurs et radiateurs AiO vous permettront de personnaliser votre configuration et d&#8217;en admirer chaque d\u00e9tail.<\/p>\n<\/section>\n<section>\n<div class=\"desc-image\"><span><img decoding=\"async\" alt=\"\" loading=\"lazy\" src=\"https:\/\/electrovideo.eu\/wp-content\/uploads\/2025\/09\/Frame5000D_RS-ARGB_Noir_800_1.jpg\"><\/span><\/div>\n<div class=\"desc-text\">\n<h2>Conception modulaire, c\u00e2ble management et refroidissement efficace<\/h2>\n<ul>\n<li>Conception enti\u00e8rement modulaire pour une personnalisation pouss\u00e9e<\/li>\n<li>Panneau lat\u00e9ral transparent pour admirer l&#8217;int\u00e9rieur de votre PC<\/li>\n<li>Syst\u00e8me de <strong>c\u00e2ble management avanc\u00e9 Corsair RapidRoute<\/strong><\/li>\n<li>Syst\u00e8me de <strong>support pour ventilateur InfiniRail <\/strong>pour un montage simplifi\u00e9<\/li>\n<li>Bras de stabilisation anti-affaissement de la carte graphique<\/li>\n<li>Compatible avec les cartes m\u00e8res \u00e0 connecteur invers\u00e9<\/li>\n<li>Panneau avant et panneau sup\u00e9rieur ajour\u00e9s pour une parfaite circulation de l&#8217;air<\/li>\n<li>Grand potentiel de refroidissement avec jusqu&#8217;\u00e0 12&nbsp;ventilateurs 120 mm<\/li>\n<li>Compatible radiateur watercooling jusqu&#8217;\u00e0 360 mm<\/li>\n<li>Ports USB 3.0 Type A (x4) et USB 3.1 Type C (x1) en fa\u00e7ade<\/li>\n<li><strong>Jusqu&#8217;\u00e0 6&nbsp;disques 2.5&#8243; et 2 disques 3.5&#8243;<\/strong><\/li>\n<li><strong>4 Ventilateurs RS140 ARGB PWM inclus<\/strong><\/li>\n<\/ul>\n<\/div>\n<\/section>\n<\/div><\/div>\n","protected":false},"excerpt":{"rendered":"<p>Bo\u00eetier Moyen Tour avec panneau en verre tremp\u00e9, fa\u00e7ade Mesh + 4 ventilateurs ARGB 140 mm<\/p>\n","protected":false},"featured_media":207943,"comment_status":"open","ping_status":"closed","template":"","meta":{"_monsterinsights_skip_tracking":false,"_monsterinsights_sitenote_active":false,"_monsterinsights_sitenote_note":"","_monsterinsights_sitenote_category":0},"etheme_brands":[{"term_id":43,"name":"Corsair","slug":"corsair","term_group":0,"term_taxonomy_id":43,"taxonomy":"brand","description":"","parent":0,"count":182,"filter":"raw"}],"product_brand":[],"product_cat":[28],"product_tag":[],"class_list":{"0":"post-207938","1":"product","2":"type-product","3":"status-publish","4":"has-post-thumbnail","6":"brand-corsair","7":"product_cat-tower-pc-case-box","9":"first","10":"instock","11":"taxable","12":"shipping-taxable","13":"purchasable","14":"product-type-simple"},"_links":{"self":[{"href":"https:\/\/electrovideo.eu\/en\/wp-json\/wp\/v2\/product\/207938","targetHints":{"allow":["GET"]}}],"collection":[{"href":"https:\/\/electrovideo.eu\/en\/wp-json\/wp\/v2\/product"}],"about":[{"href":"https:\/\/electrovideo.eu\/en\/wp-json\/wp\/v2\/types\/product"}],"replies":[{"embeddable":true,"href":"https:\/\/electrovideo.eu\/en\/wp-json\/wp\/v2\/comments?post=207938"}],"version-history":[{"count":0,"href":"https:\/\/electrovideo.eu\/en\/wp-json\/wp\/v2\/product\/207938\/revisions"}],"wp:featuredmedia":[{"embeddable":true,"href":"https:\/\/electrovideo.eu\/en\/wp-json\/wp\/v2\/media\/207943"}],"wp:attachment":[{"href":"https:\/\/electrovideo.eu\/en\/wp-json\/wp\/v2\/media?parent=207938"}],"wp:term":[{"taxonomy":"brand","embeddable":true,"href":"https:\/\/electrovideo.eu\/en\/wp-json\/wp\/v2\/etheme_brands?post=207938"},{"taxonomy":"product_brand","embeddable":true,"href":"https:\/\/electrovideo.eu\/en\/wp-json\/wp\/v2\/product_brand?post=207938"},{"taxonomy":"product_cat","embeddable":true,"href":"https:\/\/electrovideo.eu\/en\/wp-json\/wp\/v2\/product_cat?post=207938"},{"taxonomy":"product_tag","embeddable":true,"href":"https:\/\/electrovideo.eu\/en\/wp-json\/wp\/v2\/product_tag?post=207938"}],"curies":[{"name":"wp","href":"https:\/\/api.w.org\/{rel}","templated":true}]}}