{"id":207476,"date":"2025-09-18T02:17:30","date_gmt":"2025-09-18T00:17:30","guid":{"rendered":"https:\/\/electrovideo.eu\/produit\/havn-hs420-vgpu-noir\/"},"modified":"2025-09-18T02:17:30","modified_gmt":"2025-09-18T00:17:30","slug":"havn-hs420-vgpu-noir","status":"publish","type":"product","link":"https:\/\/electrovideo.eu\/en\/product\/havn-hs420-vgpu-noir\/","title":{"rendered":"HAVN HS420 VGPU (Noir)"},"content":{"rendered":"<div id=\"description\" class=\"description\">\n<div class=\"details-pdt-desc\">\n<h2 class=\"h2-master\">HAVN HS420 VGPU : Panorama unique sur votre configuration gaming<\/h2>\n<section>\n<p>Le <strong>boitier moyen tour aquarium HAVN HS420 VGPU<\/strong> propose une structure hybride sur mesure pour offrir un flux d&#8217;air central dans une conception \u00e0 double chambre tout en conservant les dimensions traditionnelles d&#8217;une tour moyenne. Con\u00e7u pour les ventilateurs et radiateurs les plus puissants et imposants du march\u00e9, il offre l&#8217;optimisation thermique n\u00e9cessaire pour les t\u00e2ches les plus exigeantes.<\/p>\n<\/section>\n<section>\n<div class=\"desc-image\"><span><img decoding=\"async\" alt=\"\" loading=\"lazy\" src=\"https:\/\/electrovideo.eu\/wp-content\/uploads\/2025\/09\/havn_hs420_vgpu_black.jpg\"><\/span><\/div>\n<div class=\"desc-text\">\n<h2>Points forts<\/h2>\n<ul>\n<li>Panneau panoramique en verre thermoform\u00e9 UniSheet pour l&#8217;avant et le c\u00f4t\u00e9, con\u00e7u pour \u00eatre plus plat et avec un rayon plus petit pour minimiser la distorsion visuelle.<\/li>\n<li>Conception optimis\u00e9e des performances thermiques avec ventilation de panneau personnalis\u00e9e, id\u00e9ale pour les ventilateurs de 140 mm (11 emplacements de ventilateurs au total) et les radiateurs jusqu&#8217;\u00e0 420 mm en haut et sur le c\u00f4t\u00e9.<\/li>\n<li>Le syst\u00e8me de routage intuitif SimpliCable et le concentrateur de ventilateur organisent vos c\u00e2bles de mani\u00e8re propre et discr\u00e8te.<\/li>\n<li>Montage vertical de la carte graphique avec Riser PCIe 5.0 et support 4 slots ajustable.<\/li>\n<\/ul>\n<\/div>\n<\/section>\n<\/div><\/div>\n","protected":false},"excerpt":{"rendered":"<p>Bo\u00eetier Moyen Tour avec fen\u00eatre et fa\u00e7ade en verre tremp\u00e9<\/p>\n","protected":false},"featured_media":207478,"comment_status":"open","ping_status":"closed","template":"","meta":{"_monsterinsights_skip_tracking":false,"_monsterinsights_sitenote_active":false,"_monsterinsights_sitenote_note":"","_monsterinsights_sitenote_category":0},"etheme_brands":[{"term_id":5435,"name":"HAVN","slug":"havn","term_group":0,"term_taxonomy_id":5435,"taxonomy":"brand","description":"","parent":0,"count":6,"filter":"raw"}],"product_brand":[],"product_cat":[28],"product_tag":[],"class_list":{"0":"post-207476","1":"product","2":"type-product","3":"status-publish","4":"has-post-thumbnail","6":"brand-havn","7":"product_cat-tower-pc-case-box","9":"first","10":"instock","11":"taxable","12":"shipping-taxable","13":"purchasable","14":"product-type-simple"},"_links":{"self":[{"href":"https:\/\/electrovideo.eu\/en\/wp-json\/wp\/v2\/product\/207476","targetHints":{"allow":["GET"]}}],"collection":[{"href":"https:\/\/electrovideo.eu\/en\/wp-json\/wp\/v2\/product"}],"about":[{"href":"https:\/\/electrovideo.eu\/en\/wp-json\/wp\/v2\/types\/product"}],"replies":[{"embeddable":true,"href":"https:\/\/electrovideo.eu\/en\/wp-json\/wp\/v2\/comments?post=207476"}],"version-history":[{"count":0,"href":"https:\/\/electrovideo.eu\/en\/wp-json\/wp\/v2\/product\/207476\/revisions"}],"wp:featuredmedia":[{"embeddable":true,"href":"https:\/\/electrovideo.eu\/en\/wp-json\/wp\/v2\/media\/207478"}],"wp:attachment":[{"href":"https:\/\/electrovideo.eu\/en\/wp-json\/wp\/v2\/media?parent=207476"}],"wp:term":[{"taxonomy":"brand","embeddable":true,"href":"https:\/\/electrovideo.eu\/en\/wp-json\/wp\/v2\/etheme_brands?post=207476"},{"taxonomy":"product_brand","embeddable":true,"href":"https:\/\/electrovideo.eu\/en\/wp-json\/wp\/v2\/product_brand?post=207476"},{"taxonomy":"product_cat","embeddable":true,"href":"https:\/\/electrovideo.eu\/en\/wp-json\/wp\/v2\/product_cat?post=207476"},{"taxonomy":"product_tag","embeddable":true,"href":"https:\/\/electrovideo.eu\/en\/wp-json\/wp\/v2\/product_tag?post=207476"}],"curies":[{"name":"wp","href":"https:\/\/api.w.org\/{rel}","templated":true}]}}