{"id":207453,"date":"2025-09-18T02:28:56","date_gmt":"2025-09-18T00:28:56","guid":{"rendered":"https:\/\/electrovideo.eu\/produit\/silverstone-rm51\/"},"modified":"2026-04-14T06:11:27","modified_gmt":"2026-04-14T04:11:27","slug":"silverstone-rm51","status":"publish","type":"product","link":"https:\/\/electrovideo.eu\/en\/product\/silverstone-rm51\/","title":{"rendered":"SilverStone RM51"},"content":{"rendered":"<div id=\"description\" class=\"description\">\n<div class=\"details-pdt-desc\">\n<h2 class=\"h2-master\">SilverStone RM51 : Rack serveur 5U<\/h2>\n<section>\n<p>Le<strong> SilverStone RM51<\/strong> est un ch\u00e2ssis 5U con\u00e7u pour une utilisation industrielle ou domestique qui peut \u00eatre mont\u00e9 en rack ou plac\u00e9 verticalement\/horizontalement. Ce rack 5U offre des performances de refroidissement optimis\u00e9es gr\u00e2ce \u00e0 <strong>deux ventilateurs Air Penetrator 184i Pro<\/strong> pr\u00e9install\u00e9s en fa\u00e7ade. Le RM51 propos\u00e9 par SilverStone supporte des cartes m\u00e8res jusqu\u2019au format SSI-EEB et des cartes graphiques de 455 mm.<\/p>\n<\/section>\n<section>\n<div class=\"desc-image\"><span><img decoding=\"async\" alt=\"\" loading=\"lazy\" src=\"https:\/\/electrovideo.eu\/wp-content\/uploads\/2025\/09\/silverstone_rm51.jpg\"><\/span><\/div>\n<div class=\"desc-text\">\n<h2>points forts<\/h2>\n<ul>\n<li>Prise en charge des cartes m\u00e8res du format mini-ITX au SSI-EEB<\/li>\n<li>2 ventilateurs 180 mm Air Penetrator 184i Pro en fa\u00e7ade<\/li>\n<li>Prise en charge des AiO jusqu&#8217;\u00e0 360 mm<\/li>\n<li>Port USB Type C en fa\u00e7ade<\/li>\n<li>Peut \u00eatre install\u00e9 horizontalement en rack ou verticalement sur pieds<\/li>\n<li>Installation d&#8217;une alimentation SFX secondaire dans la cage 3.5&#8243; \u00e0 la place des 2 disques<\/li>\n<\/ul>\n<\/div>\n<\/section>\n<\/div><\/div>\n","protected":false},"excerpt":{"rendered":"<p>Boitier rackable 5U avec deux ventilateurs 180 mm pour serveur<\/p>\n","protected":false},"featured_media":207455,"comment_status":"open","ping_status":"closed","template":"","meta":{"_monsterinsights_skip_tracking":false,"_monsterinsights_sitenote_active":false,"_monsterinsights_sitenote_note":"","_monsterinsights_sitenote_category":0},"etheme_brands":[{"term_id":5436,"name":"SilverStone","slug":"silverstone","term_group":0,"term_taxonomy_id":5436,"taxonomy":"brand","description":"","parent":0,"count":11,"filter":"raw"}],"product_brand":[],"product_cat":[28],"product_tag":[],"class_list":{"0":"post-207453","1":"product","2":"type-product","3":"status-publish","4":"has-post-thumbnail","6":"brand-silverstone","7":"product_cat-tower-pc-case-box","9":"first","10":"instock","11":"taxable","12":"shipping-taxable","13":"purchasable","14":"product-type-simple"},"_links":{"self":[{"href":"https:\/\/electrovideo.eu\/en\/wp-json\/wp\/v2\/product\/207453","targetHints":{"allow":["GET"]}}],"collection":[{"href":"https:\/\/electrovideo.eu\/en\/wp-json\/wp\/v2\/product"}],"about":[{"href":"https:\/\/electrovideo.eu\/en\/wp-json\/wp\/v2\/types\/product"}],"replies":[{"embeddable":true,"href":"https:\/\/electrovideo.eu\/en\/wp-json\/wp\/v2\/comments?post=207453"}],"version-history":[{"count":0,"href":"https:\/\/electrovideo.eu\/en\/wp-json\/wp\/v2\/product\/207453\/revisions"}],"wp:featuredmedia":[{"embeddable":true,"href":"https:\/\/electrovideo.eu\/en\/wp-json\/wp\/v2\/media\/207455"}],"wp:attachment":[{"href":"https:\/\/electrovideo.eu\/en\/wp-json\/wp\/v2\/media?parent=207453"}],"wp:term":[{"taxonomy":"brand","embeddable":true,"href":"https:\/\/electrovideo.eu\/en\/wp-json\/wp\/v2\/etheme_brands?post=207453"},{"taxonomy":"product_brand","embeddable":true,"href":"https:\/\/electrovideo.eu\/en\/wp-json\/wp\/v2\/product_brand?post=207453"},{"taxonomy":"product_cat","embeddable":true,"href":"https:\/\/electrovideo.eu\/en\/wp-json\/wp\/v2\/product_cat?post=207453"},{"taxonomy":"product_tag","embeddable":true,"href":"https:\/\/electrovideo.eu\/en\/wp-json\/wp\/v2\/product_tag?post=207453"}],"curies":[{"name":"wp","href":"https:\/\/api.w.org\/{rel}","templated":true}]}}