{"id":207444,"date":"2025-09-18T02:30:41","date_gmt":"2025-09-18T00:30:41","guid":{"rendered":"https:\/\/electrovideo.eu\/produit\/hyte-y70-touch-noir\/"},"modified":"2025-09-18T02:30:41","modified_gmt":"2025-09-18T00:30:41","slug":"hyte-y70-touch-noir","status":"publish","type":"product","link":"https:\/\/electrovideo.eu\/en\/product\/hyte-y70-touch-noir\/","title":{"rendered":"Hyte Y70 Touch (Noir)"},"content":{"rendered":"<div id=\"description\" class=\"description\">\n<div class=\"details-pdt-desc\">\n<h2 class=\"h2-master\">Hyte Y70 Touch : Boitier panoramique avec \u00e9cran LCD tactile 4K<\/h2>\n<section>\n<p>Le boitier moyen tour <strong>Y70 Touch<\/strong> se distingue par sa vue panoramique sur l&#8217;ensemble de vos composants gr\u00e2ce \u00e0 ses parois en verre tremp\u00e9 et son <strong>\u00e9cran LCD tactile 14.1&#8243; enti\u00e8rement param\u00e9trable<\/strong>. C\u00f4t\u00e9 composants, il permet d&#8217;installer une carte graphique 4 slots en position verticale avec le <strong>riser PCIe 4.0 x16 fourni<\/strong> tout en conservant les emplacements PCI horizontaux en format low profile. Au niveau du refroidissement, de nombreuses options sont possibles avec la possibilit\u00e9 d&#8217;installer jusqu&#8217;\u00e0 10 ventilateurs de 120 mm sans oublier le watercooling avec la capacit\u00e9 d&#8217;accueillir jusqu&#8217;\u00e0 2 radiateurs de 360 mm.<\/p>\n<\/section>\n<section>\n<div class=\"desc-image\"><span><img decoding=\"async\" alt=\"\" loading=\"lazy\" src=\"https:\/\/electrovideo.eu\/wp-content\/uploads\/2025\/09\/800_1-5.jpg\"><\/span><\/div>\n<div class=\"desc-text\">\n<h2>Refroidissement optimis\u00e9<\/h2>\n<ul>\n<li>Int\u00e9rieur spacieux qui peut accueillir un radiateur 360 mm jusqu&#8217;\u00e0 125 mm d&#8217;\u00e9paisseur sur le c\u00f4t\u00e9 et un support sup\u00e9rieur r\u00e9glable pouvant accueillir un autre radiateur de 360 \u200b\u200bmm jusqu&#8217;\u00e0 68 mm d&#8217;\u00e9paisseur.<\/li>\n<li>Refroidissement bas\u00e9 sur un plancher froid avec une capacit\u00e9 totale de 10 ventilateurs.<\/li>\n<li>La disposition int\u00e9rieure \u00e0 double chambre conserve l&#8217;apparence superbe de l&#8217;avant tout en vous offrant suffisamment d&#8217;espace pour g\u00e9rer les c\u00e2bles \u00e0 l&#8217;arri\u00e8re, en particulier gr\u00e2ce au passe c\u00e2bles en caoutchouc moul\u00e9 en forme de L.<\/li>\n<li>Panneaux sup\u00e9rieurs et lat\u00e9raux sans outil pour une installation ais\u00e9e.<\/li>\n<li>Racks de stockage qui s&#8217;\u00e9jectent de l&#8217;arri\u00e8re du bo\u00eetier pour une maintenance intuitive des disques<\/li>\n<\/ul>\n<\/div>\n<\/section>\n<section>\n<div class=\"desc-text\">\n<h2>\u00c9cran LCD Tactile 14.1&#8243;<\/h2>\n<ul>\n<li>\u00c9cran tactile mutlitouch 10 points de 14.1 &#8221; avec une r\u00e9solution de 1 100 x 3 840 (4K) et un taux de rafra\u00eechissement de 60 Hz.<\/li>\n<li>Exp\u00e9rience visuelle nette et fluide qui ouvre une multitude de possibilit\u00e9s avec une personnalisation de l&#8217;\u00e9cran optimis\u00e9e par le logiciel HYTE Nexus.<\/li>\n<li>Le Y70 Touch met votre configuration au premier plan avec un verre panoramique qui sert vitrine vers le c\u0153ur de votre PC.<\/li>\n<li>Le bo\u00eetier comprend un support PCIe 4.0 x 16 (coloris assorti) avec riser int\u00e9gr\u00e9 pour installation verticale de la carte graphique.<\/li>\n<\/ul>\n<\/div>\n<div class=\"desc-image\"><span><img decoding=\"async\" alt=\"\" loading=\"lazy\" src=\"https:\/\/electrovideo.eu\/wp-content\/uploads\/2025\/09\/800_2-7.jpg\"><\/span><\/div>\n<\/section>\n<\/div><\/div>\n","protected":false},"excerpt":{"rendered":"<p>Boitier moyen tour avec parois en verre tremp\u00e9 et \u00e9cran tactile de 14.1&#8243;<\/p>\n","protected":false},"featured_media":207445,"comment_status":"open","ping_status":"closed","template":"","meta":{"_monsterinsights_skip_tracking":false,"_monsterinsights_sitenote_active":false,"_monsterinsights_sitenote_note":"","_monsterinsights_sitenote_category":0},"etheme_brands":[{"term_id":3933,"name":"Hyte","slug":"hyte","term_group":0,"term_taxonomy_id":3933,"taxonomy":"brand","description":"","parent":0,"count":13,"filter":"raw"}],"product_brand":[],"product_cat":[28],"product_tag":[],"class_list":{"0":"post-207444","1":"product","2":"type-product","3":"status-publish","4":"has-post-thumbnail","6":"brand-hyte","7":"product_cat-tower-pc-case-box","9":"first","10":"instock","11":"taxable","12":"shipping-taxable","13":"purchasable","14":"product-type-simple"},"_links":{"self":[{"href":"https:\/\/electrovideo.eu\/en\/wp-json\/wp\/v2\/product\/207444","targetHints":{"allow":["GET"]}}],"collection":[{"href":"https:\/\/electrovideo.eu\/en\/wp-json\/wp\/v2\/product"}],"about":[{"href":"https:\/\/electrovideo.eu\/en\/wp-json\/wp\/v2\/types\/product"}],"replies":[{"embeddable":true,"href":"https:\/\/electrovideo.eu\/en\/wp-json\/wp\/v2\/comments?post=207444"}],"version-history":[{"count":0,"href":"https:\/\/electrovideo.eu\/en\/wp-json\/wp\/v2\/product\/207444\/revisions"}],"wp:featuredmedia":[{"embeddable":true,"href":"https:\/\/electrovideo.eu\/en\/wp-json\/wp\/v2\/media\/207445"}],"wp:attachment":[{"href":"https:\/\/electrovideo.eu\/en\/wp-json\/wp\/v2\/media?parent=207444"}],"wp:term":[{"taxonomy":"brand","embeddable":true,"href":"https:\/\/electrovideo.eu\/en\/wp-json\/wp\/v2\/etheme_brands?post=207444"},{"taxonomy":"product_brand","embeddable":true,"href":"https:\/\/electrovideo.eu\/en\/wp-json\/wp\/v2\/product_brand?post=207444"},{"taxonomy":"product_cat","embeddable":true,"href":"https:\/\/electrovideo.eu\/en\/wp-json\/wp\/v2\/product_cat?post=207444"},{"taxonomy":"product_tag","embeddable":true,"href":"https:\/\/electrovideo.eu\/en\/wp-json\/wp\/v2\/product_tag?post=207444"}],"curies":[{"name":"wp","href":"https:\/\/api.w.org\/{rel}","templated":true}]}}