{"id":207426,"date":"2025-09-18T02:53:03","date_gmt":"2025-09-18T00:53:03","guid":{"rendered":"https:\/\/electrovideo.eu\/produit\/antec-p20ce\/"},"modified":"2026-04-14T06:10:10","modified_gmt":"2026-04-14T04:10:10","slug":"antec-p20ce","status":"publish","type":"product","link":"https:\/\/electrovideo.eu\/en\/product\/antec-p20ce\/","title":{"rendered":"Antec P20CE"},"content":{"rendered":"<div id=\"description\" class=\"description\">\n<div class=\"details-pdt-desc\">\n<h2 class=\"h2-master\">P20CE : la performance est au rendez-vous<\/h2>\n<section>\n<p>En int\u00e9grant le <strong>bo\u00eetier Moyen Tour Antec P20CE<\/strong> dans votre environnement quotidien, b\u00e9n\u00e9ficiez d&#8217;une solution performante pour r\u00e9pondre \u00e0 vos besoins. Ventilation efficace&nbsp;et connectique compl\u00e8te, ce bo\u00eetier compatible E-ATX, ATX, Micro-ATX et Mini-ATX se montrera rapidement indispensable.<\/p>\n<\/section>\n<section>\n<div class=\"desc-image\"><span><img decoding=\"async\" alt=\"\" loading=\"lazy\" src=\"https:\/\/electrovideo.eu\/wp-content\/uploads\/2025\/09\/config.jpg\"><\/span><\/div>\n<div class=\"desc-text\">\n<h2>Optimisez votre config<\/h2>\n<p>Ce bo\u00eetier sign\u00e9 Antec propose un espace interne optimal pour accueillir vos diff\u00e9rents composants. <strong>3 filtres \u00e0 poussi\u00e8re<\/strong> sont au rendez-vous pour une ma\u00eetrise totale de votre environnement. A l&#8217;avant, la grille mesh assure une ventilation id\u00e9ale bien aid\u00e9e par les <strong>3 ventilateurs PWM 120 mm positionn\u00e9s \u00e0 l&#8217;avant<\/strong>. D&#8217;autres ventilateurs pourront \u00eatre positionn\u00e9s \u00e0 l&#8217;arri\u00e8re, sur le dessus et sur la cage d&#8217;alimentation. Enfin, le bo\u00eetier P20CE est compatible avec un syst\u00e8me watercooling.<\/p>\n<\/div>\n<\/section>\n<section>\n<div class=\"desc-text\">\n<h2>Environnement ma\u00eetris\u00e9<\/h2>\n<p>Le bo\u00eetier Moyen Tour Antec P20CE dispose de nombreux avantages pour r\u00e9pondre \u00e0 vos diff\u00e9rentes attentes. <strong>2 baies 2.5&#8243; et 2 baies 2.5\/3.5&#8243;<\/strong> pour l&#8217;int\u00e9gration de disques et sur le sommet du bo\u00eetier, vous retrouverez <strong>3 ports USB dont une version 3.1 Type C<\/strong>.<\/p>\n<\/div>\n<div class=\"desc-image\"><span><img decoding=\"async\" alt=\"\" loading=\"lazy\" src=\"https:\/\/electrovideo.eu\/wp-content\/uploads\/2025\/09\/connectique.jpg\"><\/span><\/div>\n<\/section>\n<section class=\"list\">\n<h2>Caract\u00e9ristiques principales :<\/h2>\n<ul>\n<li><strong>Bo\u00eetier Moyen Tour<\/strong><\/li>\n<li>Grille mesh \u00e0 l&#8217;avant<\/li>\n<li>Compatible avec cartes m\u00e8res E-ATX (jusqu&#8217;\u00e0 330 mm), ATX, Micro-ATX et Mini-ITX<\/li>\n<li>Longueur maximum de la carte graphique : 375 mm<\/li>\n<li>Support de carte graphique ajustable et amovible<\/li>\n<li><strong>3 ventilateurs 120 mm PWM pr\u00e9-install\u00e9s \u00e0 l&#8217;avant<\/strong><\/li>\n<li>Compatible watercooling<\/li>\n<li>2 emplacements pour SDD de 2.5&#8243; + 2 emplacements pour SDD ou HDD&nbsp;2.5&#8243;\/3.5&#8243;<\/li>\n<li>Connectique compl\u00e8te sur le sommet : 2 x USB 3.0, 1 x USB-C 3.1, ports audio<\/li>\n<li><strong>3 filtres \u00e0 poussi\u00e8re<\/strong> (avant, dessus, dessous)<\/li>\n<li>Emplacement pour l&#8217;alimentation dans la partie basse (205 mm)<\/li>\n<\/ul>\n<\/section>\n<\/div><\/div>\n","protected":false},"excerpt":{"rendered":"<p>Bo\u00eetier Moyen Tour E-ATX avec 3 ventilateurs PWM 120 mm<\/p>\n","protected":false},"featured_media":207428,"comment_status":"open","ping_status":"closed","template":"","meta":{"_monsterinsights_skip_tracking":false,"_monsterinsights_sitenote_active":false,"_monsterinsights_sitenote_note":"","_monsterinsights_sitenote_category":0},"etheme_brands":[{"term_id":325,"name":"Antec","slug":"antec","term_group":0,"term_taxonomy_id":325,"taxonomy":"brand","description":"","parent":0,"count":19,"filter":"raw"}],"product_brand":[],"product_cat":[28],"product_tag":[],"class_list":{"0":"post-207426","1":"product","2":"type-product","3":"status-publish","4":"has-post-thumbnail","6":"brand-antec","7":"product_cat-tower-pc-case-box","9":"first","10":"instock","11":"taxable","12":"shipping-taxable","13":"purchasable","14":"product-type-simple"},"_links":{"self":[{"href":"https:\/\/electrovideo.eu\/en\/wp-json\/wp\/v2\/product\/207426","targetHints":{"allow":["GET"]}}],"collection":[{"href":"https:\/\/electrovideo.eu\/en\/wp-json\/wp\/v2\/product"}],"about":[{"href":"https:\/\/electrovideo.eu\/en\/wp-json\/wp\/v2\/types\/product"}],"replies":[{"embeddable":true,"href":"https:\/\/electrovideo.eu\/en\/wp-json\/wp\/v2\/comments?post=207426"}],"version-history":[{"count":0,"href":"https:\/\/electrovideo.eu\/en\/wp-json\/wp\/v2\/product\/207426\/revisions"}],"wp:featuredmedia":[{"embeddable":true,"href":"https:\/\/electrovideo.eu\/en\/wp-json\/wp\/v2\/media\/207428"}],"wp:attachment":[{"href":"https:\/\/electrovideo.eu\/en\/wp-json\/wp\/v2\/media?parent=207426"}],"wp:term":[{"taxonomy":"brand","embeddable":true,"href":"https:\/\/electrovideo.eu\/en\/wp-json\/wp\/v2\/etheme_brands?post=207426"},{"taxonomy":"product_brand","embeddable":true,"href":"https:\/\/electrovideo.eu\/en\/wp-json\/wp\/v2\/product_brand?post=207426"},{"taxonomy":"product_cat","embeddable":true,"href":"https:\/\/electrovideo.eu\/en\/wp-json\/wp\/v2\/product_cat?post=207426"},{"taxonomy":"product_tag","embeddable":true,"href":"https:\/\/electrovideo.eu\/en\/wp-json\/wp\/v2\/product_tag?post=207426"}],"curies":[{"name":"wp","href":"https:\/\/api.w.org\/{rel}","templated":true}]}}