{"id":207420,"date":"2025-09-18T02:53:03","date_gmt":"2025-09-18T00:53:03","guid":{"rendered":"https:\/\/electrovideo.eu\/produit\/corsair-3500x-argb-noir\/"},"modified":"2026-04-14T06:10:21","modified_gmt":"2026-04-14T04:10:21","slug":"corsair-3500x-argb-noir","status":"publish","type":"product","link":"https:\/\/electrovideo.eu\/en\/product\/corsair-3500x-argb-noir\/","title":{"rendered":"Corsair 3500X ARGB (Noir)"},"content":{"rendered":"<div id=\"description\" class=\"description\">\n<div class=\"details-pdt-desc\">\n<h2 class=\"h2-master\">Bo\u00eetier PC moyen tour panoramique et ARGB<\/h2>\n<section>\n<p>Le bo\u00eetier moyen Tour <strong>Corsair 3500X ARGB <\/strong>offre une superbe vue panoramique de votre configuration \u00e0 travers ses <strong>deux faces en verre tremp\u00e9<\/strong>. Cette vitrine ne serait rien sans un syst\u00e8me de refroidissement aux multiples possibilit\u00e9s, gr\u00e2ce \u00e0 dix emplacements pour ventilateurs de 120 mm (<strong>3 ventilateurs RS120 ARGB pr\u00e9install\u00e9s<\/strong>) et la prise en charge de radiateurs de 360&nbsp;mm sur le c\u00f4t\u00e9 et en haut. Le 3500X ARGB de Corsair est par ailleurs compatible avec les cartes m\u00e8res ASUS BTF et MSI Project Zero, dissimulant ainsi vos c\u00e2bles et branchements.<\/p>\n<\/section>\n<section>\n<div class=\"desc-image\"><span><img decoding=\"async\" alt=\"\" loading=\"lazy\" src=\"https:\/\/electrovideo.eu\/wp-content\/uploads\/2025\/09\/corsair_3500x_black.jpg\"><\/span><\/div>\n<div class=\"desc-text\">\n<h2>Des Atouts majeurs<\/h2>\n<ul>\n<li>Les panneaux en verre tremp\u00e9 \u00e0 l\u2019avant et sur le c\u00f4t\u00e9 qui donnent au 3500X ARGB son apparence si distinctive, sont faciles \u00e0 enlever pour acc\u00e9der rapidement \u00e0 l\u2019int\u00e9rieur.<\/li>\n<li>L\u2019espace int\u00e9rieur et les 38&nbsp;mm d\u2019espace derri\u00e8re la carte m\u00e8re facilitent amplement l\u2019acheminement des c\u00e2bles.<\/li>\n<li>Compatible avec les cartes m\u00e8res \u00e0 connecteurs arri\u00e8re.<\/li>\n<li>Personnalisez votre syst\u00e8me de refroidissement en abritant jusqu\u2019\u00e0 dix ventilateurs de 120&nbsp;mm et gr\u00e2ce aux options flexibles de fixation pour les radiateurs, avec des possibilit\u00e9s allant jusqu\u2019\u00e0 360&nbsp;mm sur le c\u00f4t\u00e9 et sur le dessus.<\/li>\n<li>Ranger les c\u00e2bles dans le second compartiment permet de cr\u00e9er plus facilement un PC \u00e0 l\u2019apparence \u00e9pur\u00e9e et impeccable.<\/li>\n<li>Supports pour disques (sans outil) pour installer un maximum de deux disques durs 2.5&#8243;\/3.5\u2019\u2019<\/li>\n<li>Acc\u00e9dez simplement \u00e0 vos p\u00e9riph\u00e9riques gr\u00e2ce au port USB-C 3.1, aux deux ports USB 3.0 et \u00e0 la prise audio combin\u00e9e 3.5 mm.<\/li>\n<\/ul>\n<\/div>\n<\/section>\n<\/div><\/div>\n","protected":false},"excerpt":{"rendered":"<p>Bo\u00eetier Moyen Tour panoramique &#8211; Compatible ASUS BTF et MSI Project Zero<\/p>\n","protected":false},"featured_media":207422,"comment_status":"open","ping_status":"closed","template":"","meta":{"_monsterinsights_skip_tracking":false,"_monsterinsights_sitenote_active":false,"_monsterinsights_sitenote_note":"","_monsterinsights_sitenote_category":0},"etheme_brands":[{"term_id":43,"name":"Corsair","slug":"corsair","term_group":0,"term_taxonomy_id":43,"taxonomy":"brand","description":"","parent":0,"count":182,"filter":"raw"}],"product_brand":[],"product_cat":[28],"product_tag":[],"class_list":{"0":"post-207420","1":"product","2":"type-product","3":"status-publish","4":"has-post-thumbnail","6":"brand-corsair","7":"product_cat-tower-pc-case-box","9":"first","10":"instock","11":"taxable","12":"shipping-taxable","13":"purchasable","14":"product-type-simple"},"_links":{"self":[{"href":"https:\/\/electrovideo.eu\/en\/wp-json\/wp\/v2\/product\/207420","targetHints":{"allow":["GET"]}}],"collection":[{"href":"https:\/\/electrovideo.eu\/en\/wp-json\/wp\/v2\/product"}],"about":[{"href":"https:\/\/electrovideo.eu\/en\/wp-json\/wp\/v2\/types\/product"}],"replies":[{"embeddable":true,"href":"https:\/\/electrovideo.eu\/en\/wp-json\/wp\/v2\/comments?post=207420"}],"version-history":[{"count":0,"href":"https:\/\/electrovideo.eu\/en\/wp-json\/wp\/v2\/product\/207420\/revisions"}],"wp:featuredmedia":[{"embeddable":true,"href":"https:\/\/electrovideo.eu\/en\/wp-json\/wp\/v2\/media\/207422"}],"wp:attachment":[{"href":"https:\/\/electrovideo.eu\/en\/wp-json\/wp\/v2\/media?parent=207420"}],"wp:term":[{"taxonomy":"brand","embeddable":true,"href":"https:\/\/electrovideo.eu\/en\/wp-json\/wp\/v2\/etheme_brands?post=207420"},{"taxonomy":"product_brand","embeddable":true,"href":"https:\/\/electrovideo.eu\/en\/wp-json\/wp\/v2\/product_brand?post=207420"},{"taxonomy":"product_cat","embeddable":true,"href":"https:\/\/electrovideo.eu\/en\/wp-json\/wp\/v2\/product_cat?post=207420"},{"taxonomy":"product_tag","embeddable":true,"href":"https:\/\/electrovideo.eu\/en\/wp-json\/wp\/v2\/product_tag?post=207420"}],"curies":[{"name":"wp","href":"https:\/\/api.w.org\/{rel}","templated":true}]}}