{"id":207417,"date":"2025-09-18T02:53:03","date_gmt":"2025-09-18T00:53:03","guid":{"rendered":"https:\/\/electrovideo.eu\/produit\/cooler-master-silencio-s600\/"},"modified":"2026-04-14T06:13:05","modified_gmt":"2026-04-14T04:13:05","slug":"cooler-master-silencio-s600","status":"publish","type":"product","link":"https:\/\/electrovideo.eu\/en\/product\/cooler-master-silencio-s600\/","title":{"rendered":"Cooler Master Silencio S600"},"content":{"rendered":"<div id=\"description\" class=\"description\">\n<div class=\"details-pdt-desc\">\n<h2 class=\"h2-master\">Sobri\u00e9t\u00e9 et silence<\/h2>\n<section>\n<p>Le&nbsp;<strong>Silencio S600<\/strong> de <strong>Cooler Master<\/strong> est un boitier au format moyen tour standard au design sobre et \u00e9pur\u00e9 avec une gestion avanc\u00e9e du bruit. Ses parois garnie de mousse isolante permettent de r\u00e9duire efficacement les nuisances sonores de&nbsp;votre configuration que ce soit \u00e0 partir d&#8217;une carte m\u00e8re ATX, micro-ATX ou mini-ITX.<\/p>\n<\/section>\n<section>\n<div class=\"desc-image\"><span><img decoding=\"async\" alt=\"\" loading=\"lazy\" src=\"https:\/\/electrovideo.eu\/wp-content\/uploads\/2025\/09\/800_a-1.jpg\"><\/span><\/div>\n<div class=\"desc-text\">\n<h2>Un espace int\u00e9rieur g\u00e9n\u00e9reux<\/h2>\n<p>Le&nbsp;<strong>Silencio S600<\/strong> de <strong>Cooler Master<\/strong> cache bien son jeu. Il permet d&#8217;accueillir des cartes m\u00e8res au format ATX, micro-ATX ou mini-ITX afin de monter une configuration suffisamment puissante pour le jeu. Le boitier pourra accueillir une carte graphique de 398 mm et le processeur sera refroidi par un ventirad d&#8217;une hauteur maximum de 167mm. Vous disposerez par ailleurs de 7 emplacements PCI pour les cartes d&#8217;extension de votre futur PC. C\u00f4t\u00e9 stockage, vous pourrez installer 4&nbsp;disques de 3.5&#8243; et cinq de 2.5&#8243;.&nbsp;<\/p>\n<\/div>\n<\/section>\n<section>\n<div class=\"desc-text\">\n<h2>Un refroidissement silencieux<\/h2>\n<p>Le <strong>Cooler Master Silencio S600&nbsp;<\/strong>est pens\u00e9 pour un refroidissement efficace Tout en silence. En effet, il prend en charge jusqu&#8217;\u00e0 5 ventilateurs (dont deux&nbsp;120 mm&nbsp;pr\u00e9install\u00e9s) et ses parois sont garnies de mousse isolante pour att\u00e9nuer le bruit. Il est par ailleurs \u00e9quip\u00e9 d&#8217;un&nbsp;filtre&nbsp;\u00e0 poussi\u00e8re&nbsp;magn\u00e9tique au design unique afin de permettre un nettoyage facile et rapide. Vous pourrez ainsi r\u00e9aliser un syst\u00e8me de ventilation efficace pour conserver vos composants au frais.<\/p>\n<\/div>\n<div class=\"desc-image\"><span><img decoding=\"async\" alt=\"\" loading=\"lazy\" src=\"https:\/\/electrovideo.eu\/wp-content\/uploads\/2025\/09\/800_b-1.jpg\"><\/span><\/div>\n<\/section>\n<section class=\"list\">\n<h2>Caract\u00e9ristiques principales :<\/h2>\n<p>&nbsp;<\/p>\n<ul>\n<li>Boitier moyen tour<\/li>\n<li>Compatible carte m\u00e8re ATX \/ Micro-ATX \/ Mini-ATX<\/li>\n<li>7 slots d&#8217;extensions<\/li>\n<li>Syst\u00e8me de refroidissement efficace avec la possibilit\u00e9 d&#8217;installer 5 ventilateurs<\/li>\n<li>Compatible Watercooling<\/li>\n<li>1 x USB 3.0, 2 x USB 2.0 et micro\/casque en fa\u00e7ade<\/li>\n<li>Possibilit\u00e9 d&#8217;installer une carte graphique allant jusqu&#8217;\u00e0 398&nbsp;mm de longueur<\/li>\n<\/ul>\n<\/section>\n<\/div><\/div>\n","protected":false},"excerpt":{"rendered":"<p>Bo\u00eetier Moyen Tour Silencieux<\/p>\n","protected":false},"featured_media":207419,"comment_status":"open","ping_status":"closed","template":"","meta":{"_monsterinsights_skip_tracking":false,"_monsterinsights_sitenote_active":false,"_monsterinsights_sitenote_note":"","_monsterinsights_sitenote_category":0},"etheme_brands":[{"term_id":331,"name":"Cooler Master","slug":"cooler-master","term_group":0,"term_taxonomy_id":331,"taxonomy":"brand","description":"","parent":0,"count":33,"filter":"raw"}],"product_brand":[],"product_cat":[28],"product_tag":[],"class_list":{"0":"post-207417","1":"product","2":"type-product","3":"status-publish","4":"has-post-thumbnail","6":"brand-cooler-master","7":"product_cat-tower-pc-case-box","9":"first","10":"instock","11":"taxable","12":"shipping-taxable","13":"purchasable","14":"product-type-simple"},"_links":{"self":[{"href":"https:\/\/electrovideo.eu\/en\/wp-json\/wp\/v2\/product\/207417","targetHints":{"allow":["GET"]}}],"collection":[{"href":"https:\/\/electrovideo.eu\/en\/wp-json\/wp\/v2\/product"}],"about":[{"href":"https:\/\/electrovideo.eu\/en\/wp-json\/wp\/v2\/types\/product"}],"replies":[{"embeddable":true,"href":"https:\/\/electrovideo.eu\/en\/wp-json\/wp\/v2\/comments?post=207417"}],"version-history":[{"count":0,"href":"https:\/\/electrovideo.eu\/en\/wp-json\/wp\/v2\/product\/207417\/revisions"}],"wp:featuredmedia":[{"embeddable":true,"href":"https:\/\/electrovideo.eu\/en\/wp-json\/wp\/v2\/media\/207419"}],"wp:attachment":[{"href":"https:\/\/electrovideo.eu\/en\/wp-json\/wp\/v2\/media?parent=207417"}],"wp:term":[{"taxonomy":"brand","embeddable":true,"href":"https:\/\/electrovideo.eu\/en\/wp-json\/wp\/v2\/etheme_brands?post=207417"},{"taxonomy":"product_brand","embeddable":true,"href":"https:\/\/electrovideo.eu\/en\/wp-json\/wp\/v2\/product_brand?post=207417"},{"taxonomy":"product_cat","embeddable":true,"href":"https:\/\/electrovideo.eu\/en\/wp-json\/wp\/v2\/product_cat?post=207417"},{"taxonomy":"product_tag","embeddable":true,"href":"https:\/\/electrovideo.eu\/en\/wp-json\/wp\/v2\/product_tag?post=207417"}],"curies":[{"name":"wp","href":"https:\/\/api.w.org\/{rel}","templated":true}]}}