{"id":207411,"date":"2025-09-18T02:53:03","date_gmt":"2025-09-18T00:53:03","guid":{"rendered":"https:\/\/electrovideo.eu\/produit\/be-quiet-pure-base-500dx-noir\/"},"modified":"2025-09-23T01:56:17","modified_gmt":"2025-09-22T23:56:17","slug":"be-quiet-pure-base-500dx-noir","status":"publish","type":"product","link":"https:\/\/electrovideo.eu\/en\/product\/be-quiet-pure-base-500dx-noir\/","title":{"rendered":"be quiet! Pure Base 500DX (Noir)"},"content":{"rendered":"<div id=\"description\" class=\"description\">\n<div class=\"details-pdt-desc\">\n<h2 class=\"h2-master\">Compact, silencieux et ARGB<\/h2>\n<section>\n<p>Le <strong>be quiet! Pure Base 500DX<\/strong> est un boitier moyen tour avec une conception pens\u00e9e pour le silence et qui vous permet d&#8217;assembler presque toutes les configurations en se basant sur une <strong>carte m\u00e8re mini-ITX, micro-ATX ou ATX<\/strong>. L&#8217;espace int\u00e9rieur optimis\u00e9 permet d&#8217;accueillir jusqu&#8217;\u00e0 5 SSD, un ventirad de 190 mm de haut et une carte graphique de 369 mm. Le <strong>panneau lat\u00e9ral en verre tremp\u00e9<\/strong> offre une vue imprenable sur les composants \u00e0 l&#8217;int\u00e9rieur de votre bo\u00eetier PC et le <strong>r\u00e9tro\u00e9clairage ARGB<\/strong> apporte une touche de gaming assum\u00e9<\/p>\n<p>Be Quiet! a soign\u00e9 le silence de fonctionnement en installant <strong>trois ventilateurs&nbsp;Pure Wings 2 140 mm <\/strong>tout en mettant en avant son look gaming avec son premier boitier ARGB. Il propose aussi&nbsp;de nombreuses possibilit\u00e9s de rangement des c\u00e2bles&nbsp;pour cacher les c\u00e2bles ind\u00e9sirables et optmiser le flux d&#8217;air.<\/p>\n<\/section>\n<section>\n<div class=\"desc-image\"><span><img decoding=\"async\" alt=\"\" loading=\"lazy\" src=\"https:\/\/electrovideo.eu\/wp-content\/uploads\/2025\/09\/bequiet_500dx.jpg\"><\/span><\/div>\n<div class=\"desc-text\">\n<h2>Espace int\u00e9rieur g\u00e9n\u00e9reux<\/h2>\n<p>Le&nbsp;Pure Base 500DX offre des dimensions g\u00e9n\u00e9reuses pour l\u2019installation de cartes graphiques haut de gamme et de grands syst\u00e8mes de refroidissement jusqu\u2019\u00e0 190 mm de hauteur.&nbsp;Les ventilateurs ou les radiateurs jusqu&#8217;\u00e0 360 mm peuvent \u00eatre install\u00e9s facilement \u00e0 l&#8217;avant. La zone sup\u00e9rieure offre un espace pour les ventilateurs ou les radiateurs jusqu&#8217;\u00e0 240 mm.<\/p>\n<\/div>\n<\/section>\n<section>\n<div class=\"desc-text\">\n<h2>Fonctionnement ultra-silencieux<\/h2>\n<p>Trois ventilateurs Pure Wings 2 pr\u00e9-install\u00e9s avec des pales optimis\u00e9es assurent un flux d&#8217;air parfait et un refroidissement constant. Malgr\u00e9 la conception compacte du bo\u00eetier, les ventilateurs avant et arri\u00e8re sont des mod\u00e8les en 140 mm, assurant un fonctionnement tr\u00e8s silencieux. En option, trois autres ventilateurs de 140 mm peuvent \u00eatre install\u00e9s en plus.<\/p>\n<\/div>\n<div class=\"desc-image\"><span><img decoding=\"async\" alt=\"\" loading=\"lazy\" src=\"https:\/\/electrovideo.eu\/wp-content\/uploads\/2025\/09\/800_2-8.jpg\"><\/span><\/div>\n<\/section>\n<section>\n<div class=\"desc-image\"><span><img decoding=\"async\" alt=\"\" loading=\"lazy\" src=\"https:\/\/electrovideo.eu\/wp-content\/uploads\/2025\/09\/800_3-1.jpg\"><\/span><\/div>\n<div class=\"desc-text\">\n<h2>Un int\u00e9rieur soign\u00e9<\/h2>\n<p>Le cache alimentation couvre parfaitement les c\u00e2bles, le bloc d&#8217;alimentation et contient un&nbsp;double rack pour disque dur.&nbsp;La double cage HDD avec supports d\u00e9coupl\u00e9s r\u00e9duit les vibrations et contribue \u00e0 maximiser le silence. Il peut \u00e9galement \u00eatre repositionn\u00e9 pour installer des radiateurs jusqu&#8217;\u00e0 360 mm \u00e0 l&#8217;avant. En utilisant le support du bloc d&#8217;alimentation, l&#8217;alimentation peut \u00eatre facilement install\u00e9e par l&#8217;arri\u00e8re.&nbsp;<\/p>\n<\/div>\n<\/section>\n<section>\n<div class=\"desc-text\">\n<h2>LEDs ARGB pour illuminer vos parties<\/h2>\n<p>Les LED ARGB offrent plusieurs couleurs et styles pour personnaliser l&#8217;apparence du bo\u00eetier \u00e0 l&#8217;int\u00e9rieur comme \u00e0 l&#8217;ext\u00e9rieur. Vous pouvez \u00e9ventuellement synchroniser l&#8217;\u00e9clairage avec votre carte m\u00e8re ou votre contr\u00f4leur ARGB.<\/p>\n<\/div>\n<div class=\"desc-image\"><span><img decoding=\"async\" alt=\"\" loading=\"lazy\" src=\"https:\/\/electrovideo.eu\/wp-content\/uploads\/2025\/09\/bequiet_500dx_argb.jpg\"><\/span><\/div>\n<\/section>\n<section class=\"list\">\n<h2>Principales caract\u00e9ristiques :<\/h2>\n<ul>\n<li><strong>Bo\u00eeter moyen tour avec r\u00e9tro\u00e9clairage ARGB<\/strong> pour cartes m\u00e8res au format :&nbsp;ATX, micro-ATX, mini-ITX<\/li>\n<li>Panneau lat\u00e9ral en verre tremp\u00e9<\/li>\n<li>Syst\u00e8me de&nbsp;refroidissement efficace&nbsp;(<strong>3 ventilateurs Pure Wings 2 140 mm<\/strong> fournis)<\/li>\n<li>3 filtres \u00e0 poussi\u00e8res amovibles<\/li>\n<li>Con\u00e7u pour les radiateurs de watercooling jusqu&#8217;\u00e0 360 mm<\/li>\n<li>Alimentation : 225 mm de longueur (258 mm&nbsp; sans la cage HDD 3.5&#8243;)<\/li>\n<li>Longueur de la carte graphique : 369 mm<\/li>\n<li>Hauteur du ventirad : 190 mm<\/li>\n<\/ul>\n<\/section>\n<\/div><\/div>\n","protected":false},"excerpt":{"rendered":"<p>Bo\u00eetier moyen tour avec fen\u00eatre en verre tremp\u00e9 et LEDs ARGB<\/p>\n","protected":false},"featured_media":207413,"comment_status":"open","ping_status":"closed","template":"","meta":{"_monsterinsights_skip_tracking":false,"_monsterinsights_sitenote_active":false,"_monsterinsights_sitenote_note":"","_monsterinsights_sitenote_category":0},"etheme_brands":[{"term_id":50,"name":"Be Quiet!","slug":"be-quiet","term_group":0,"term_taxonomy_id":50,"taxonomy":"brand","description":"","parent":0,"count":40,"filter":"raw"}],"product_brand":[],"product_cat":[28],"product_tag":[],"class_list":{"0":"post-207411","1":"product","2":"type-product","3":"status-publish","4":"has-post-thumbnail","6":"brand-be-quiet","7":"product_cat-tower-pc-case-box","9":"first","10":"instock","11":"taxable","12":"shipping-taxable","13":"purchasable","14":"product-type-simple"},"_links":{"self":[{"href":"https:\/\/electrovideo.eu\/en\/wp-json\/wp\/v2\/product\/207411","targetHints":{"allow":["GET"]}}],"collection":[{"href":"https:\/\/electrovideo.eu\/en\/wp-json\/wp\/v2\/product"}],"about":[{"href":"https:\/\/electrovideo.eu\/en\/wp-json\/wp\/v2\/types\/product"}],"replies":[{"embeddable":true,"href":"https:\/\/electrovideo.eu\/en\/wp-json\/wp\/v2\/comments?post=207411"}],"version-history":[{"count":0,"href":"https:\/\/electrovideo.eu\/en\/wp-json\/wp\/v2\/product\/207411\/revisions"}],"wp:featuredmedia":[{"embeddable":true,"href":"https:\/\/electrovideo.eu\/en\/wp-json\/wp\/v2\/media\/207413"}],"wp:attachment":[{"href":"https:\/\/electrovideo.eu\/en\/wp-json\/wp\/v2\/media?parent=207411"}],"wp:term":[{"taxonomy":"brand","embeddable":true,"href":"https:\/\/electrovideo.eu\/en\/wp-json\/wp\/v2\/etheme_brands?post=207411"},{"taxonomy":"product_brand","embeddable":true,"href":"https:\/\/electrovideo.eu\/en\/wp-json\/wp\/v2\/product_brand?post=207411"},{"taxonomy":"product_cat","embeddable":true,"href":"https:\/\/electrovideo.eu\/en\/wp-json\/wp\/v2\/product_cat?post=207411"},{"taxonomy":"product_tag","embeddable":true,"href":"https:\/\/electrovideo.eu\/en\/wp-json\/wp\/v2\/product_tag?post=207411"}],"curies":[{"name":"wp","href":"https:\/\/api.w.org\/{rel}","templated":true}]}}