{"id":207405,"date":"2025-09-18T02:53:03","date_gmt":"2025-09-18T00:53:03","guid":{"rendered":"https:\/\/electrovideo.eu\/produit\/antec-c5-argb-blanc\/"},"modified":"2026-04-14T06:09:53","modified_gmt":"2026-04-14T04:09:53","slug":"antec-c5-argb-blanc","status":"publish","type":"product","link":"https:\/\/electrovideo.eu\/en\/product\/antec-c5-argb-blanc\/","title":{"rendered":"Antec C5 ARGB (Blanc)"},"content":{"rendered":"<div id=\"description\" class=\"description\">\n<div class=\"details-pdt-desc\">\n<h2 class=\"h2-master\">Antec C5 ARGB : Vitrine ARGB pour votre configuration gaming<\/h2>\n<section>\n<p>Le <strong>boitier moyen tour Antec C5 ARGB <\/strong>est un \u00e9crin pour la mise en \u00e9vidence de votre setup gaming gr\u00e2ce \u00e0 sa<strong> vue d\u00e9gag\u00e9e \u00e0 270\u00b0 <\/strong>avec sa fa\u00e7ade et son panneau lat\u00e9ral en verre tremp\u00e9 4 mm.<strong> <\/strong>C\u00f4t\u00e9 refroidissement, rien n&#8217;est laiss\u00e9 au hasard avec <strong>7 ventilateurs 120 mm ARGB PWM<\/strong> qui b\u00e9n\u00e9ficie de la conception mesh sur le c\u00f4t\u00e9 et le dessus ainsi que la possibilit\u00e9 de faire cohabiter 3 watercooling AiO.<\/p>\n<\/section>\n<section>\n<div class=\"desc-image\"><span><img decoding=\"async\" alt=\"\" loading=\"lazy\" src=\"https:\/\/electrovideo.eu\/wp-content\/uploads\/2025\/09\/antec_c5_argb_white.jpg\"><\/span><\/div>\n<div class=\"desc-text\">\n<h2>Points forts<\/h2>\n<ul>\n<li>Fa\u00e7ade et panneau lat\u00e9ral gauche en verre tremp\u00e9 4 mm pour une vue d\u00e9gag\u00e9e sur 270\u00b0<\/li>\n<li>Panneaux en verre d\u00e9montables sans outils<\/li>\n<li>2 filtres \u00e0 poussi\u00e8re pour une protection dessus et dessous<\/li>\n<li>Supporte simultan\u00e9ment 1 x AiO 280 mm sur le c\u00f4t\u00e9 et 1 x AiO 360 mm sur dessus et dessous<\/li>\n<li>7 ventilateurs ARGB 120 mm PWM avec contr\u00f4leur int\u00e9gr\u00e9 au boitier<\/li>\n<li>Conception mesh sur le dessus, le dessous et le panneau lat\u00e9ral droit pour un flux d&#8217;air am\u00e9lior\u00e9<\/li>\n<li>Connecteur USB 3.1 Type C<\/li>\n<li>Design \u00e0 deux chambres pour un refroidissement optimal<\/li>\n<li>Compatible avec les cartes m\u00e8res ASUS BTF et MSI Project Zero<\/li>\n<\/ul>\n<\/div>\n<\/section>\n<\/div><\/div>\n","protected":false},"excerpt":{"rendered":"<p>Bo\u00eetier Moyen Tour avec fen\u00eatre et fa\u00e7ade en verre tremp\u00e9 &#8211; Compatible ASUS BTF et MSI Project Zero<\/p>\n","protected":false},"featured_media":207407,"comment_status":"open","ping_status":"closed","template":"","meta":{"_monsterinsights_skip_tracking":false,"_monsterinsights_sitenote_active":false,"_monsterinsights_sitenote_note":"","_monsterinsights_sitenote_category":0},"etheme_brands":[{"term_id":325,"name":"Antec","slug":"antec","term_group":0,"term_taxonomy_id":325,"taxonomy":"brand","description":"","parent":0,"count":19,"filter":"raw"}],"product_brand":[],"product_cat":[28],"product_tag":[],"class_list":{"0":"post-207405","1":"product","2":"type-product","3":"status-publish","4":"has-post-thumbnail","6":"brand-antec","7":"product_cat-tower-pc-case-box","9":"first","10":"instock","11":"taxable","12":"shipping-taxable","13":"purchasable","14":"product-type-simple"},"_links":{"self":[{"href":"https:\/\/electrovideo.eu\/en\/wp-json\/wp\/v2\/product\/207405","targetHints":{"allow":["GET"]}}],"collection":[{"href":"https:\/\/electrovideo.eu\/en\/wp-json\/wp\/v2\/product"}],"about":[{"href":"https:\/\/electrovideo.eu\/en\/wp-json\/wp\/v2\/types\/product"}],"replies":[{"embeddable":true,"href":"https:\/\/electrovideo.eu\/en\/wp-json\/wp\/v2\/comments?post=207405"}],"version-history":[{"count":0,"href":"https:\/\/electrovideo.eu\/en\/wp-json\/wp\/v2\/product\/207405\/revisions"}],"wp:featuredmedia":[{"embeddable":true,"href":"https:\/\/electrovideo.eu\/en\/wp-json\/wp\/v2\/media\/207407"}],"wp:attachment":[{"href":"https:\/\/electrovideo.eu\/en\/wp-json\/wp\/v2\/media?parent=207405"}],"wp:term":[{"taxonomy":"brand","embeddable":true,"href":"https:\/\/electrovideo.eu\/en\/wp-json\/wp\/v2\/etheme_brands?post=207405"},{"taxonomy":"product_brand","embeddable":true,"href":"https:\/\/electrovideo.eu\/en\/wp-json\/wp\/v2\/product_brand?post=207405"},{"taxonomy":"product_cat","embeddable":true,"href":"https:\/\/electrovideo.eu\/en\/wp-json\/wp\/v2\/product_cat?post=207405"},{"taxonomy":"product_tag","embeddable":true,"href":"https:\/\/electrovideo.eu\/en\/wp-json\/wp\/v2\/product_tag?post=207405"}],"curies":[{"name":"wp","href":"https:\/\/api.w.org\/{rel}","templated":true}]}}