{"id":207402,"date":"2025-09-18T02:57:43","date_gmt":"2025-09-18T00:57:43","guid":{"rendered":"https:\/\/electrovideo.eu\/produit\/corsair-icue-4000x-rgb-tempered-glass-noir\/"},"modified":"2026-04-14T06:10:17","modified_gmt":"2026-04-14T04:10:17","slug":"corsair-icue-4000x-rgb-tempered-glass-noir","status":"publish","type":"product","link":"https:\/\/electrovideo.eu\/en\/product\/corsair-icue-4000x-rgb-tempered-glass-noir\/","title":{"rendered":"Corsair iCUE 4000X RGB Tempered Glass (Noir)"},"content":{"rendered":"<div id=\"description\" class=\"description\">\n<div class=\"details-pdt-desc\">\n<h2 class=\"h2-master\">Un design incroyablement pur et une efficacit\u00e9 redoutable<\/h2>\n<section>\n<p>Le <strong>Corsair 4000X<\/strong> est un superbe <strong>bo\u00eetier PC Moyen Tour<\/strong>. Il est sobre, efficace et b\u00e9n\u00e9ficie d&#8217;un design minimaliste sublime. Capable d&#8217;accueillir les composants les plus performants, il d\u00e9livre d&#8217;excellentes performances de refroidissement. Les<strong> 3 ventilateurs LED RGB en fa\u00e7ade<\/strong> et le logiciel <strong>CORSAIR iCUE<\/strong> (iCUE Lighting Node CORE inclus) offrent un look unique et personnalisable \u00e0 volont\u00e9 au <strong>Corsair iCUE 4000X RGB Tempered Glass<\/strong>.&nbsp;Son panneau lat\u00e9ral en verre tremp\u00e9&nbsp;vous permettra d&#8217;admirer chaque d\u00e9tail de votre configuration.<\/p>\n<\/section>\n<section>\n<div class=\"desc-image\"><span><img decoding=\"async\" alt=\"\" loading=\"lazy\" src=\"https:\/\/electrovideo.eu\/wp-content\/uploads\/2025\/09\/corsair_4000x_001.jpg\"><\/span><\/div>\n<div class=\"desc-text\">\n<h2>C\u00e2ble management et refroidissement efficace<\/h2>\n<p>Le Corsair iCUE 4000X RGB Tempered Glass propose un c\u00e2ble management optimis\u00e9 afin de favoriser un montage propre et rapide. Les c\u00e2bles ne g\u00eanent pas la circulation du flux d&#8217;air et l&#8217;aspect visuel reste soign\u00e9.&nbsp;<\/p>\n<p>3 ventilateurs inclus en fa\u00e7ade permettent un refroidissement parfait de la tour et de ses composants. En outre, les emplacements suppl\u00e9mentaires pour ventilateurs et syst\u00e8mes de watercooling AIO offrent une grande polyvalence ainsi qu&#8217;une belle \u00e9volutivit\u00e9 au bo\u00eetier.&nbsp;<\/p><\/div>\n<\/section>\n<section>\n<div class=\"desc-text\">\n<h2>Conception unique et \u00e9volutive<\/h2>\n<p>Le Corsair 4000D est con\u00e7u pour \u00eatre efficace \u00e0 long terme. Il int\u00e8gre des mat\u00e9riaux durables et propose plusieurs options de montage pour les disques (2.5&#8243; et 3.5&#8243;) comme pour les cartes graphiques (montage horizontal ou vertical). Le fort potentiel de refroidissement de la tour garantit des performances constantes dans le temps. Enfin, la possibilit\u00e9 d&#8217;installer jusqu&#8217;\u00e0 6 ventilateurs 120 mm (ou 4 ventilateurs 140 mm) et un syst\u00e8me de watercooling AIO jusqu&#8217;\u00e0 360 mm de longueur, fait du 4000X un bo\u00eetier PC r\u00e9solument \u00e9volutif.<\/p><\/div>\n<div class=\"desc-image\"><span><img decoding=\"async\" alt=\"\" loading=\"lazy\" src=\"https:\/\/electrovideo.eu\/wp-content\/uploads\/2025\/09\/corsair_4000x_002.jpg\"><\/span><\/div>\n<\/section>\n<\/div><\/div>\n","protected":false},"excerpt":{"rendered":"<p>Bo\u00eetier Moyen Tour avec panneau en verre tremp\u00e9 et ventilateurs LED RGB<\/p>\n","protected":false},"featured_media":207404,"comment_status":"open","ping_status":"closed","template":"","meta":{"_monsterinsights_skip_tracking":false,"_monsterinsights_sitenote_active":false,"_monsterinsights_sitenote_note":"","_monsterinsights_sitenote_category":0},"etheme_brands":[{"term_id":43,"name":"Corsair","slug":"corsair","term_group":0,"term_taxonomy_id":43,"taxonomy":"brand","description":"","parent":0,"count":182,"filter":"raw"}],"product_brand":[],"product_cat":[28],"product_tag":[],"class_list":{"0":"post-207402","1":"product","2":"type-product","3":"status-publish","4":"has-post-thumbnail","6":"brand-corsair","7":"product_cat-tower-pc-case-box","9":"first","10":"instock","11":"taxable","12":"shipping-taxable","13":"purchasable","14":"product-type-simple"},"_links":{"self":[{"href":"https:\/\/electrovideo.eu\/en\/wp-json\/wp\/v2\/product\/207402","targetHints":{"allow":["GET"]}}],"collection":[{"href":"https:\/\/electrovideo.eu\/en\/wp-json\/wp\/v2\/product"}],"about":[{"href":"https:\/\/electrovideo.eu\/en\/wp-json\/wp\/v2\/types\/product"}],"replies":[{"embeddable":true,"href":"https:\/\/electrovideo.eu\/en\/wp-json\/wp\/v2\/comments?post=207402"}],"version-history":[{"count":0,"href":"https:\/\/electrovideo.eu\/en\/wp-json\/wp\/v2\/product\/207402\/revisions"}],"wp:featuredmedia":[{"embeddable":true,"href":"https:\/\/electrovideo.eu\/en\/wp-json\/wp\/v2\/media\/207404"}],"wp:attachment":[{"href":"https:\/\/electrovideo.eu\/en\/wp-json\/wp\/v2\/media?parent=207402"}],"wp:term":[{"taxonomy":"brand","embeddable":true,"href":"https:\/\/electrovideo.eu\/en\/wp-json\/wp\/v2\/etheme_brands?post=207402"},{"taxonomy":"product_brand","embeddable":true,"href":"https:\/\/electrovideo.eu\/en\/wp-json\/wp\/v2\/product_brand?post=207402"},{"taxonomy":"product_cat","embeddable":true,"href":"https:\/\/electrovideo.eu\/en\/wp-json\/wp\/v2\/product_cat?post=207402"},{"taxonomy":"product_tag","embeddable":true,"href":"https:\/\/electrovideo.eu\/en\/wp-json\/wp\/v2\/product_tag?post=207402"}],"curies":[{"name":"wp","href":"https:\/\/api.w.org\/{rel}","templated":true}]}}