{"id":207373,"date":"2025-09-18T03:02:13","date_gmt":"2025-09-18T01:02:13","guid":{"rendered":"https:\/\/electrovideo.eu\/produit\/fractal-design-define-xl-r2-black-pearl\/"},"modified":"2025-09-23T01:55:58","modified_gmt":"2025-09-22T23:55:58","slug":"fractal-design-define-xl-r2-black-pearl","status":"publish","type":"product","link":"https:\/\/electrovideo.eu\/en\/product\/fractal-design-define-xl-r2-black-pearl\/","title":{"rendered":"Fractal Design Define XL R2 Black Pearl"},"content":{"rendered":"<div id=\"description\" class=\"description\">\n<div class=\"details-pdt-desc\">\n<h2 class=\"h2-master\">DEFINE XL R2 : UN (TR\u00c8S) GRAND BO\u00ceTIER HAUT DE GAMME (TR\u00c8S) ABORDABLE !<\/h2>\n<section>\n<p>Avec le Define XL R2, Fractal Design continue de red\u00e9finir les standards \u00e9tablis par des bo\u00eetiers r\u00e9f\u00e9rences pour les Gamers. Par rapport \u00e0 son pr\u00e9d\u00e9cesseur, il apporte en plus de nombreuses am\u00e9liorations dans l&#8217;unique but de vous offrir un bo\u00eetier d&#8217;exception \u00e0 un prix tr\u00e8s raisonnable. La gestion des c\u00e2bles, l&#8217;am\u00e9nagement de l&#8217;espace int\u00e9rieur, la facilit\u00e9 d&#8217;int\u00e9gration des composants, le syst\u00e8me de refroidissement et la circulation du flux d&#8217;air, le niveau d&#8217;isolation acoustique et le rev\u00eatement du bo\u00eetier ont \u00e9t\u00e9 repens\u00e9s pour plus de performances, d&#8217;efficacit\u00e9 et d&#8217;ergonomie, avec notamment un meilleur support du watercooling. &nbsp;<br \/>\n&nbsp;<\/p>\n<\/section>\n<section>\n<div class=\"desc-image\"><span><img decoding=\"async\" alt=\"\" loading=\"lazy\" src=\"https:\/\/electrovideo.eu\/wp-content\/uploads\/2025\/09\/1.jpg\"><\/span><\/div>\n<div class=\"desc-text\">\n<h2>UN DESIGN AUSSI DISCRET QUE SILENCIEUX<\/h2>\n<p>Le Define XL R2 est le dernier-n\u00e9 des bo\u00eetiers PC Fractal Design. Il combine un design scandinave \u00e9clatant et un design minimaliste avec une configurabilit\u00e9, des fonctionnalit\u00e9s et une isolation phonique excellentes. Les panneaux lat\u00e9raux ainsi que la porte avant du Define sont \u00e9quip\u00e9s de mat\u00e9riaux d\u2019isolation phonique denses, en faisant un r\u00e9el \u00e9talon de r\u00e9duction sonore. De plus, le Define XL R2 peut accueillir jusqu\u2019\u00e0 8 HDD dans des cages totalement amovibles, toutes les cartes graphiques actuelles, ainsi que de multiples solutions de ventilation &#8211; incluant de s\u00e9rie 3 ventilateurs Silent Series R2 \u00e0 roulement hydraulique, il gardera vos composants dans les meilleures conditions possibles. Pour davantage de fonctionnalit\u00e9s, le Define XL R2 dispose de connecteurs USB 3.0 en fa\u00e7ade et un contr\u00f4leur de ventilateurs 3 vitesses derri\u00e8re la porte avant.<\/p>\n<\/div>\n<\/section>\n<section>\n<div class=\"desc-text\">\n<h2>UNE CONCEPTION PENS\u00c9E DANS LES MOINDRES D\u00c9TAILS<\/h2>\n<p>Le Define XL R2 dispose de mat\u00e9riaux d\u2019isolation phonique haute densit\u00e9 pour un fonctionnement plus silencieux et une r\u00e9duction des nuisances sonores optimale. Les panneaux lat\u00e9raux et leur int\u00e9rieur en mati\u00e8re bitum\u00e9e absorbent \u00e9galement les vibrations et permettent de concevoir des PC puissants sans se soucier du bruit \u00e9mis par les composants. Brevet ModuVent offrant \u00e0 l\u2019utilisateur le choix entre le silence complet et une circulation de l\u2019air r\u00e9gul\u00e9e. Cette technologie de pointe facilite la gestion des performances de refroidissement en fonction des besoins de l&#8217;utilisateur. En outre, un contr\u00f4leur de ventilateur, g\u00e9rant jusqu\u2019\u00e0 3 ventilateurs, est strat\u00e9giquement int\u00e9gr\u00e9 derri\u00e8re la porte du panneau avant. Trois ventilateurs Silent Series R2 fans sont inclus, leur syst\u00e8me de roulements hydrauliques offre une dur\u00e9e de vie sup\u00e9rieure. Avec 4 emplacements suppl\u00e9mentaires pour ventilateurs, vous \u00eates assur\u00e9 de pouvoir construire une configuration tr\u00e8s avanc\u00e9e avec de multiples cartes graphiques.<\/p>\n<\/div>\n<div class=\"desc-image\"><span><img decoding=\"async\" alt=\"\" loading=\"lazy\" src=\"https:\/\/electrovideo.eu\/wp-content\/uploads\/2025\/09\/2.jpg\"><\/span><\/div>\n<\/section>\n<section>\n<div class=\"desc-image\"><span><img decoding=\"async\" alt=\"\" loading=\"lazy\" src=\"https:\/\/electrovideo.eu\/wp-content\/uploads\/2025\/09\/3.jpg\"><\/span><\/div>\n<div class=\"desc-text\">\n<h2>ESPACE, MODULARIT\u00c9 ET FLEXIBILIT\u00c9 ;<\/h2>\n<p>Le Define XL R2 est un boitier plus que complet avec une prise en charge des cartes m\u00e8res XL-ATX, E-ATX, ATX, Micro ATX et Mini ITX, 2 cages amovibles \u00e0 4 plateaux pour disques durs, 9 slots d&#8217;extension PCI, le montage de l&#8217;alimentation en position basse, 7 emplacements pour ventilateurs (dont 3 inclus), un espace d&#8217;agencement des c\u00e2bles et 4 baies 5.25&#8243; en fa\u00e7ade. Tout a \u00e9t\u00e9 pens\u00e9 pour faciliter l&#8217;int\u00e9gration des composants et la maintenance du syst\u00e8me. La cage HDD sup\u00e9rieure (4 plateaux au total) est rotative \u00e0 90 degr\u00e9s et amovible pour une meilleure circulation de l\u2019air ou pour accueillir une carte graphique mesurant jusqu\u2019\u00e0 480 mm. Le ch\u00e2ssis du boitier est plus large et permet une gestion des c\u00e2bles optimale \u2013 cet espace est de 26mm. Concernant le watercooling, il est possible d&#8217;installer un radiateur slim de 280 mm ou de 240 mm lorsque les cages HDD sont repositionn\u00e9es.<\/p>\n<\/div>\n<\/section>\n<section class=\"list\">\n<h2>Caract\u00e9ristiques principales :<\/h2>\n<ul>\n<li>Boitier Grand Tour :&nbsp;Compatibilit\u00e9 carte m\u00e8re :<strong>&nbsp;XL-ATX, E-ATX, ATX, Micro ATX, Mini ITX<\/strong><\/li>\n<li>Syst\u00e8me exclusif&nbsp;<strong>ModuVent&nbsp;<\/strong>pour g\u00e9rer l&#8217;a\u00e9ration et la ventilation<\/li>\n<li><strong>Contr\u00f4leur pour 3 ventilateurs<\/strong>&nbsp;(derri\u00e8re la porte)<\/li>\n<li>Int\u00e9rieur compartiment\u00e9 pour une meilleure isolation thermique&nbsp;<\/li>\n<li>Baies : 4x 5.25\u201d externes +<strong> 8 plateaux internes 3.5\u201d HDD compatibles SSD<\/strong><\/li>\n<li><strong>3 ventilateurs 140 mm Silent Series R2 inclus <\/strong>+&nbsp;4 emplacements pour ventilateurs suppl\u00e9mentaires<\/li>\n<li>Slots d\u2019extension PCI : 9<\/li>\n<li>Port d&#8217;extension :&nbsp;<strong>2x USB 3.0<\/strong>, 2x USB 2.0, casque\/micro<\/li>\n<li><strong>Compatibilit\u00e9 Alimentation :<\/strong> Alimentations ATX jusqu\u2019\u00e0 190 mm de profondeur si l\u2019emplacement ventilateur du bas est utilis\u00e9 (<em>345 mm si vide<\/em>)<\/li>\n<li><strong>Compatibilit\u00e9 Cartes Graphiques :<\/strong> Jusqu\u2019\u00e0 330 mm de longueur si la cage HDD sup\u00e9rieure est conserv\u00e9e (<em>480 mm si la cage est retir\u00e9e<\/em>)<\/li>\n<li><strong>Gestion des c\u00e2bles :<\/strong> 26 mm d\u2019espace derri\u00e8re la carte m\u00e8re pour le c\u00e2ble management<\/li>\n<li>Compatible avec les syst\u00e8mes de watercooling<\/li>\n<li>Dimensions (I x H x L mm) : 232 x 559 x 560<\/li>\n<li>Poids net (kg) : 16.4 kg<\/li>\n<\/ul>\n<\/section>\n<\/div><\/div>\n","protected":false},"excerpt":{"rendered":"<p>Bo\u00eetier Grand Tour Noir\/Noir<\/p>\n","protected":false},"featured_media":207375,"comment_status":"open","ping_status":"closed","template":"","meta":{"_monsterinsights_skip_tracking":false,"_monsterinsights_sitenote_active":false,"_monsterinsights_sitenote_note":"","_monsterinsights_sitenote_category":0},"etheme_brands":[{"term_id":621,"name":"Fractal Design","slug":"fractal-design","term_group":0,"term_taxonomy_id":621,"taxonomy":"brand","description":"","parent":0,"count":28,"filter":"raw"}],"product_brand":[],"product_cat":[28],"product_tag":[],"class_list":{"0":"post-207373","1":"product","2":"type-product","3":"status-publish","4":"has-post-thumbnail","6":"brand-fractal-design","7":"product_cat-tower-pc-case-box","9":"first","10":"instock","11":"taxable","12":"shipping-taxable","13":"purchasable","14":"product-type-simple"},"_links":{"self":[{"href":"https:\/\/electrovideo.eu\/en\/wp-json\/wp\/v2\/product\/207373","targetHints":{"allow":["GET"]}}],"collection":[{"href":"https:\/\/electrovideo.eu\/en\/wp-json\/wp\/v2\/product"}],"about":[{"href":"https:\/\/electrovideo.eu\/en\/wp-json\/wp\/v2\/types\/product"}],"replies":[{"embeddable":true,"href":"https:\/\/electrovideo.eu\/en\/wp-json\/wp\/v2\/comments?post=207373"}],"version-history":[{"count":0,"href":"https:\/\/electrovideo.eu\/en\/wp-json\/wp\/v2\/product\/207373\/revisions"}],"wp:featuredmedia":[{"embeddable":true,"href":"https:\/\/electrovideo.eu\/en\/wp-json\/wp\/v2\/media\/207375"}],"wp:attachment":[{"href":"https:\/\/electrovideo.eu\/en\/wp-json\/wp\/v2\/media?parent=207373"}],"wp:term":[{"taxonomy":"brand","embeddable":true,"href":"https:\/\/electrovideo.eu\/en\/wp-json\/wp\/v2\/etheme_brands?post=207373"},{"taxonomy":"product_brand","embeddable":true,"href":"https:\/\/electrovideo.eu\/en\/wp-json\/wp\/v2\/product_brand?post=207373"},{"taxonomy":"product_cat","embeddable":true,"href":"https:\/\/electrovideo.eu\/en\/wp-json\/wp\/v2\/product_cat?post=207373"},{"taxonomy":"product_tag","embeddable":true,"href":"https:\/\/electrovideo.eu\/en\/wp-json\/wp\/v2\/product_tag?post=207373"}],"curies":[{"name":"wp","href":"https:\/\/api.w.org\/{rel}","templated":true}]}}