{"id":207364,"date":"2025-09-18T03:02:13","date_gmt":"2025-09-18T01:02:13","guid":{"rendered":"https:\/\/electrovideo.eu\/produit\/fractal-design-north-chalk-white\/"},"modified":"2026-04-14T06:14:09","modified_gmt":"2026-04-14T04:14:09","slug":"fractal-design-north-chalk-white","status":"publish","type":"product","link":"https:\/\/electrovideo.eu\/en\/product\/fractal-design-north-chalk-white\/","title":{"rendered":"Fractal Design North Chalk White"},"content":{"rendered":"<div id=\"description\" class=\"description\">\n<div class=\"details-pdt-desc\">\n<h2 class=\"h2-master\">Fractal Design North : Boitier \u00e9l\u00e9gant avec d\u00e9tails naturels<\/h2>\n<section>\n<p>Le boitier<strong> Fractal Design North Chalk White<\/strong>&nbsp;doit son originalit\u00e9, \u00e0 l&#8217;introduction de mat\u00e9riaux naturels comme le ch\u00eane et des d\u00e9tails sur mesure pour int\u00e9grer \u00e9l\u00e9gamment ce boitier \u00e0 votre espace de vie. Alliant design \u00e9pur\u00e9 et ing\u00e9nierie avanc\u00e9e du flux d&#8217;air, le bo\u00eetier est dot\u00e9 d&#8217;un panneau lat\u00e9ral et d&#8217;un dessus en mesh mais aussi d&#8217;une fa\u00e7ade ouverte avec de v\u00e9ritables panneaux en ch\u00eane. Le design est compl\u00e9t\u00e9 par des d\u00e9tails \u00e9l\u00e9gants et une languette int\u00e9gr\u00e9e pour un acc\u00e8s facile au-dessus du bo\u00eetier. \u00c0 l&#8217;int\u00e9rieur, le boitier North de Fractal Design offre un am\u00e9nagement int\u00e9rieur intuitif et une compatibilit\u00e9 g\u00e9n\u00e9reuse.<\/p>\n<\/section>\n<section>\n<div class=\"desc-image\"><span><img decoding=\"async\" alt=\"\" loading=\"lazy\" src=\"https:\/\/electrovideo.eu\/wp-content\/uploads\/2025\/09\/Chalk_Mesh_800_2.jpg\"><\/span><\/div>\n<div class=\"desc-text\">\n<h2>Caract\u00e9ristiques principales<\/h2>\n<ul>\n<li>Boitier avec des d\u00e9tails \u00e9l\u00e9gants en ch\u00eane et verre tremp\u00e9<\/li>\n<li>Con\u00e7u pour les cartes m\u00e8res ATX \/ micro ATX \/ mini ITX<\/li>\n<li>B\u00e9n\u00e9ficiez d&#8217;une ventilation naturelle gr\u00e2ce \u00e0 une fa\u00e7ade ouverte, un panneau lat\u00e9ral et un dessus en mesh<\/li>\n<li>Choisissez un GPU jusqu&#8217;\u00e0 355&nbsp;mm ou jusqu&#8217;\u00e0 300&nbsp;mm avec un radiateur avant de 360&nbsp;mm<\/li>\n<li>Deux ventilateurs Aspect PWM de 140&nbsp;mm inclus (en fa\u00e7ade)<\/li>\n<li>Retirez les panneaux lat\u00e9raux, d\u00e9clipsez la fa\u00e7ade et retirez le panneau sup\u00e9rieur \u00e0 l&#8217;aide d&#8217;une languette int\u00e9gr\u00e9e<\/li>\n<li>Tirez le meilleur parti de votre boitier avec un am\u00e9nagement int\u00e9rieur intuitif<\/li>\n<\/ul>\n<\/div>\n<\/section>\n<\/div><\/div>\n","protected":false},"excerpt":{"rendered":"<p>Bo\u00eetier Moyen Tour avec panneau lat\u00e9ral mesh et fa\u00e7ade en ch\u00eane<\/p>\n","protected":false},"featured_media":207366,"comment_status":"open","ping_status":"closed","template":"","meta":{"_monsterinsights_skip_tracking":false,"_monsterinsights_sitenote_active":false,"_monsterinsights_sitenote_note":"","_monsterinsights_sitenote_category":0},"etheme_brands":[{"term_id":621,"name":"Fractal Design","slug":"fractal-design","term_group":0,"term_taxonomy_id":621,"taxonomy":"brand","description":"","parent":0,"count":28,"filter":"raw"}],"product_brand":[],"product_cat":[28],"product_tag":[],"class_list":{"0":"post-207364","1":"product","2":"type-product","3":"status-publish","4":"has-post-thumbnail","6":"brand-fractal-design","7":"product_cat-tower-pc-case-box","9":"first","10":"instock","11":"taxable","12":"shipping-taxable","13":"purchasable","14":"product-type-simple"},"_links":{"self":[{"href":"https:\/\/electrovideo.eu\/en\/wp-json\/wp\/v2\/product\/207364","targetHints":{"allow":["GET"]}}],"collection":[{"href":"https:\/\/electrovideo.eu\/en\/wp-json\/wp\/v2\/product"}],"about":[{"href":"https:\/\/electrovideo.eu\/en\/wp-json\/wp\/v2\/types\/product"}],"replies":[{"embeddable":true,"href":"https:\/\/electrovideo.eu\/en\/wp-json\/wp\/v2\/comments?post=207364"}],"version-history":[{"count":0,"href":"https:\/\/electrovideo.eu\/en\/wp-json\/wp\/v2\/product\/207364\/revisions"}],"wp:featuredmedia":[{"embeddable":true,"href":"https:\/\/electrovideo.eu\/en\/wp-json\/wp\/v2\/media\/207366"}],"wp:attachment":[{"href":"https:\/\/electrovideo.eu\/en\/wp-json\/wp\/v2\/media?parent=207364"}],"wp:term":[{"taxonomy":"brand","embeddable":true,"href":"https:\/\/electrovideo.eu\/en\/wp-json\/wp\/v2\/etheme_brands?post=207364"},{"taxonomy":"product_brand","embeddable":true,"href":"https:\/\/electrovideo.eu\/en\/wp-json\/wp\/v2\/product_brand?post=207364"},{"taxonomy":"product_cat","embeddable":true,"href":"https:\/\/electrovideo.eu\/en\/wp-json\/wp\/v2\/product_cat?post=207364"},{"taxonomy":"product_tag","embeddable":true,"href":"https:\/\/electrovideo.eu\/en\/wp-json\/wp\/v2\/product_tag?post=207364"}],"curies":[{"name":"wp","href":"https:\/\/api.w.org\/{rel}","templated":true}]}}