{"id":207355,"date":"2025-09-18T03:02:13","date_gmt":"2025-09-18T01:02:13","guid":{"rendered":"https:\/\/electrovideo.eu\/produit\/fractal-design-node-804-noir\/"},"modified":"2026-04-14T06:14:29","modified_gmt":"2026-04-14T04:14:29","slug":"fractal-design-node-804-noir","status":"publish","type":"product","link":"https:\/\/electrovideo.eu\/en\/product\/fractal-design-node-804-noir\/","title":{"rendered":"Fractal Design Node 804 Noir"},"content":{"rendered":"<div id=\"description\" class=\"description\">\n<div class=\"details-pdt-desc\">\n<h2 class=\"h2-master\">Fractal Design Node 804 : Bo\u00eetier PC Gamer compact \u00e0 l&#8217;efficacit\u00e9 redoutable<\/h2>\n<section>\n<p>Petite merveille de bo\u00eetier PC, le <strong>Fractal Design Node 804<\/strong> a \u00e9t\u00e9 pens\u00e9 pour les Gamers et met l&#8217;accent sur l&#8217;efficacit\u00e9 du refroidissement des composants. Il prend en charge <strong>jusqu&#8217;\u00e0 10 ventilateurs<\/strong> (dont 3 fournis), les syst\u00e8mes de watercooling les plus \u00e9labor\u00e9s et b\u00e9n\u00e9ficie d&#8217;une conception \u00e0 deux chambres s\u00e9par\u00e9es pour une meilleure dispersion de la chaleur. &nbsp;<br \/>\n&nbsp;<\/p>\n<\/section>\n<section>\n<div class=\"desc-image\"><span><img decoding=\"async\" alt=\"\" loading=\"lazy\" src=\"https:\/\/electrovideo.eu\/wp-content\/uploads\/2025\/09\/node_804-1.jpg\"><\/span><\/div>\n<div class=\"desc-text\">\n<h2>UN BO\u00ceTIER COMPACT \u00c0 L&#8217;ERGONOMIE SANS FAILLE<\/h2>\n<p>Le <strong>Fractal Design Node 804<\/strong> prend en charge les <strong>cartes m\u00e8res Micro ATX <\/strong>et <strong>Mini ITX<\/strong> afin de vous permettre d&#8217;assembler une <strong>configuration Gamer compacte et perfromante<\/strong>. Sa conception incroyable et son ergonomie sans faille vous autorisent \u00e0 y installer le mat\u00e9riel le plus performant : <strong>Carte graphique jusqu&#8217;\u00e0 320 mm<\/strong> (290 mm max. avec ventilateurs install\u00e9s \u00e0 l&#8217;avant), syst\u00e8me de refroidissement processeur jusqu&#8217;\u00e0 160 mm de hauteur, <strong>jusqu&#8217;\u00e0 8 disques durs 3.5<\/strong>&#8221; ou encore <strong>jusqu&#8217;\u00e0 4 SSD 2.5<\/strong>&#8220;. Compatible avec les syst\u00e8mes de watercooling les plus \u00e9volu\u00e9s ou encore les watercooling processeurs tout-en-un, le <strong>Fractal Design Node 804<\/strong> peut prendre en charge <strong>jusqu&#8217;\u00e0 4 radiateurs simultan\u00e9ment <\/strong>: 1x 240 mm + 1x 280 mm + 2x 120 mm.<\/p>\n<\/div>\n<\/section>\n<section>\n<div class=\"desc-text\">\n<h2>INT\u00c9GREZ TOUS VOS COMPOSANTS<\/h2>\n<p>Gr\u00e2ce \u00e0 la chambre double du <strong>Fractal Design Node 804<\/strong>, vous installez vos composants qui d\u00e9gagent le plus de chaleur d&#8217;un c\u00f4t\u00e9 et ceux qui en d\u00e9gagent le moins de l&#8217;autre. R\u00e9sultat : un <strong>meilleur refroidissement des composants sensibles<\/strong> et de <strong>meilleures performances<\/strong> gr\u00e2ce \u00e0 un flux d&#8217;air optimis\u00e9 et parfaitement maitris\u00e9. Pratiques et utiles, les <strong>ports d&#8217;extension du Node 804<\/strong> permettent de connecter jusqu&#8217;\u00e0 <strong>2 p\u00e9riph\u00e9riques USB 3.0<\/strong> ainsi que les traditionnels casque et\/ou micro. Situ\u00e9s sur le c\u00f4t\u00e9 du<strong> bo\u00eetier Node 804<\/strong>, ils sont facilement accessibles. <strong>Livr\u00e9 avec 3 ventilateurs<\/strong> Fractal design Silent Series R2 fans 120 mm, le <strong>bo\u00eetier PC Node 804<\/strong> d\u00e9livre en standard de tr\u00e8s bonnes performances de refroidissement. Ces derni\u00e8res peuvent \u00eatre facilement augment\u00e9es par l&#8217;ajout de <strong>jusqu&#8217;\u00e0 7 ventilateurs suppl\u00e9mentaires !<\/strong><\/p>\n<\/div>\n<div class=\"desc-image\"><span><img decoding=\"async\" alt=\"\" loading=\"lazy\" src=\"https:\/\/electrovideo.eu\/wp-content\/uploads\/2025\/09\/node_804-2.jpg\"><\/span><\/div>\n<\/section>\n<section class=\"list\">\n<h2>Caract\u00e9ristiques principales :<\/h2>\n<ul>\n<li style=\"text-align: left; \"><strong>Bo\u00eetier Mini-Tour Fractal Design Node 804 black<\/strong><\/li>\n<li style=\"text-align: left; \">Prise en charge des <strong>cartes m\u00e8res Micro ATX et Mini-ITX<\/strong><\/li>\n<li style=\"text-align: left; \"><strong>3 ventilateurs inclus <\/strong><em>Fractal design Silent Series R2 fans 120 mm<\/em><\/li>\n<li style=\"text-align: left; \">8 baies internes pour HDD&nbsp;3.5&#8243;<\/li>\n<li style=\"text-align: left; \"><strong>2 baies internes pour SSD&nbsp;2.5&#8243;<\/strong><\/li>\n<li style=\"text-align: left; \">7 emplacements libres pour ventilateurs (non inclus)<\/li>\n<li style=\"text-align: left; \">Compatibles Watercooling et <strong>Watercooling CPU All-in-one<\/strong><\/li>\n<li style=\"text-align: left; \">5 slots PCI<\/li>\n<li style=\"text-align: left; \"><strong>Emplacement avant pour montage lecteur optique Slim<\/strong><\/li>\n<\/ul>\n<\/section>\n<\/div><\/div>\n","protected":false},"excerpt":{"rendered":"<p>Bo\u00eetier Mini Tour Noir avec fen\u00eatre<\/p>\n","protected":false},"featured_media":207357,"comment_status":"open","ping_status":"closed","template":"","meta":{"_monsterinsights_skip_tracking":false,"_monsterinsights_sitenote_active":false,"_monsterinsights_sitenote_note":"","_monsterinsights_sitenote_category":0},"etheme_brands":[{"term_id":621,"name":"Fractal Design","slug":"fractal-design","term_group":0,"term_taxonomy_id":621,"taxonomy":"brand","description":"","parent":0,"count":28,"filter":"raw"}],"product_brand":[],"product_cat":[28],"product_tag":[],"class_list":{"0":"post-207355","1":"product","2":"type-product","3":"status-publish","4":"has-post-thumbnail","6":"brand-fractal-design","7":"product_cat-tower-pc-case-box","9":"first","10":"instock","11":"taxable","12":"shipping-taxable","13":"purchasable","14":"product-type-simple"},"_links":{"self":[{"href":"https:\/\/electrovideo.eu\/en\/wp-json\/wp\/v2\/product\/207355","targetHints":{"allow":["GET"]}}],"collection":[{"href":"https:\/\/electrovideo.eu\/en\/wp-json\/wp\/v2\/product"}],"about":[{"href":"https:\/\/electrovideo.eu\/en\/wp-json\/wp\/v2\/types\/product"}],"replies":[{"embeddable":true,"href":"https:\/\/electrovideo.eu\/en\/wp-json\/wp\/v2\/comments?post=207355"}],"version-history":[{"count":0,"href":"https:\/\/electrovideo.eu\/en\/wp-json\/wp\/v2\/product\/207355\/revisions"}],"wp:featuredmedia":[{"embeddable":true,"href":"https:\/\/electrovideo.eu\/en\/wp-json\/wp\/v2\/media\/207357"}],"wp:attachment":[{"href":"https:\/\/electrovideo.eu\/en\/wp-json\/wp\/v2\/media?parent=207355"}],"wp:term":[{"taxonomy":"brand","embeddable":true,"href":"https:\/\/electrovideo.eu\/en\/wp-json\/wp\/v2\/etheme_brands?post=207355"},{"taxonomy":"product_brand","embeddable":true,"href":"https:\/\/electrovideo.eu\/en\/wp-json\/wp\/v2\/product_brand?post=207355"},{"taxonomy":"product_cat","embeddable":true,"href":"https:\/\/electrovideo.eu\/en\/wp-json\/wp\/v2\/product_cat?post=207355"},{"taxonomy":"product_tag","embeddable":true,"href":"https:\/\/electrovideo.eu\/en\/wp-json\/wp\/v2\/product_tag?post=207355"}],"curies":[{"name":"wp","href":"https:\/\/api.w.org\/{rel}","templated":true}]}}